{"id":10468,"date":"2025-10-14T13:42:36","date_gmt":"2025-10-14T13:42:36","guid":{"rendered":"https:\/\/www.davosalestax.com\/?page_id=10468"},"modified":"2026-01-08T23:52:08","modified_gmt":"2026-01-08T23:52:08","slug":"first-monthly-filing-free-terms","status":"publish","type":"page","link":"https:\/\/www.davosalestax.com\/es\/first-monthly-filing-free-terms\/","title":{"rendered":"T\u00e9rminos gratuitos de la primera presentaci\u00f3n mensual"},"content":{"rendered":"<h1 class=\"wp-block-heading\" id=\"h-first-monthly-filing-free-terms\">T\u00e9rminos gratuitos de la primera presentaci\u00f3n mensual<\/h1>\n\n\n\n<div class=\"wp-block-columns is-layout-flex wp-container-core-columns-is-layout-9d6595d7 wp-block-columns-is-layout-flex\">\n<div class=\"wp-block-column is-layout-flow wp-block-column-is-layout-flow\">\n<p>Su primera declaraci\u00f3n mensual gratuita comienza de inmediato y dura <strong>hasta el final de ese mes<\/strong>.<\/p>\n\n\n\n<p>Ejemplo: si activa el 10 de abril, su prueba se extender\u00e1 hasta el 30 de abril. El 1 de mayo, su suscripci\u00f3n paga de $57.99 por mes comienza autom\u00e1ticamente a menos que la cancele antes de fines de abril.<\/p>\n\n\n\n<p>Durante su prueba, DAVO funciona exactamente como una suscripci\u00f3n paga, reservando autom\u00e1ticamente el impuesto sobre las ventas de su sistema POS diariamente, presentando sus declaraciones y realizando los pagos a tiempo y en su totalidad. <a href=\"https:\/\/legal.avalara.com\/product-terms.html#davoguarantee\">garantizado<\/a>. Es autom\u00e1tico una vez que hayas completado la configuraci\u00f3n, en tan solo 5 minutos, para que puedas ver c\u00f3mo DAVO te ahorra tiempo y estr\u00e9s sin mover un dedo.<\/p>\n<\/div>\n\n\n\n<div class=\"wp-block-column is-layout-flow wp-block-column-is-layout-flow\">\n<figure class=\"wp-block-image size-full\"><img loading=\"lazy\" decoding=\"async\" width=\"2231\" height=\"1432\" src=\"https:\/\/www.davosalestax.com\/wp-content\/uploads\/2025\/10\/calendar-trial.png\" alt=\"Gr\u00e1fico del calendario de t\u00e9rminos gratuitos de presentaci\u00f3n del primer mes que muestra el inicio y el final\" class=\"wp-image-10469\" srcset=\"https:\/\/www.davosalestax.com\/wp-content\/uploads\/2025\/10\/calendar-trial.png 2231w, https:\/\/www.davosalestax.com\/wp-content\/uploads\/2025\/10\/calendar-trial-300x193.png 300w, https:\/\/www.davosalestax.com\/wp-content\/uploads\/2025\/10\/calendar-trial-1024x657.png 1024w, https:\/\/www.davosalestax.com\/wp-content\/uploads\/2025\/10\/calendar-trial-768x493.png 768w, https:\/\/www.davosalestax.com\/wp-content\/uploads\/2025\/10\/calendar-trial-1536x986.png 1536w, https:\/\/www.davosalestax.com\/wp-content\/uploads\/2025\/10\/calendar-trial-2048x1315.png 2048w, https:\/\/www.davosalestax.com\/wp-content\/uploads\/2025\/10\/calendar-trial-18x12.png 18w, https:\/\/www.davosalestax.com\/wp-content\/uploads\/2025\/10\/calendar-trial-100x64.png 100w\" sizes=\"auto, (max-width: 2231px) 100vw, 2231px\" \/><\/figure>\n<\/div>\n<\/div>\n\n\n\n<hr class=\"wp-block-separator has-text-color has-dark-blue-color has-alpha-channel-opacity has-dark-blue-background-color has-background\"\/>\n\n\n\n<h2 class=\"wp-block-heading has-text-align-left\" id=\"h-how-to-cancel\">C\u00f3mo cancelar<\/h2>\n\n\n\n<p>Para todos los puntos de venta, excepto Clover, debe cancelar su prueba gratuita antes de las 23:59 del \u00faltimo d\u00eda del mes de inicio para evitar cargos. Para cancelar, simplemente desinstale la aplicaci\u00f3n DAVO de su sistema POS. Una vez cancelada, no se procesar\u00e1n pagos ni se le facturar\u00e1.<br><br>Si est\u00e1s en Clover, debes cancelar tu prueba gratuita antes de las 11:59 p. m. del <strong>pen\u00faltimo d\u00eda del mes en que comenzaste<\/strong> para evitar ser acusado.<\/p>\n\n\n\n<h3 class=\"wp-block-heading\" id=\"h-steps-to-cancel-davo-on-clover\"><strong>Pasos para cancelar DAVO en Clover<\/strong><\/h3>\n\n\n\n<ol class=\"wp-block-list\">\n<li>Inicie sesi\u00f3n en su panel de Clover (ya sea en el dispositivo o en el panel web de Clover).<\/li>\n\n\n\n<li>Vaya a la secci\u00f3n M\u00e1s herramientas (App Market).<\/li>\n\n\n\n<li>Encuentre la aplicaci\u00f3n DAVO Sales Tax en su lista de aplicaciones instaladas.<\/li>\n\n\n\n<li>Haga clic en la aplicaci\u00f3n y luego seleccione Cancelar suscripci\u00f3n.<\/li>\n<\/ol>\n\n\n\n<p>Esto detiene la facturaci\u00f3n futura a trav\u00e9s de Clover.<\/p>\n\n\n\n<hr class=\"wp-block-separator has-text-color has-dark-blue-color has-alpha-channel-opacity has-dark-blue-background-color has-background\"\/>\n\n\n\n<div class=\"wp-block-columns is-layout-flex wp-container-core-columns-is-layout-9d6595d7 wp-block-columns-is-layout-flex\">\n<div class=\"wp-block-column is-layout-flow wp-block-column-is-layout-flow\">\n<div class=\"wp-block-group trial-faq\"><div class=\"wp-block-group__inner-container is-layout-constrained wp-block-group-is-layout-constrained\">\n<h2 class=\"wp-block-heading has-text-align-left\" id=\"h-frequently-asked-questions\">Preguntas frecuentes<\/h2>\n\n\n\n<h3 class=\"wp-block-heading\" id=\"h-what-happens-if-i-forget-to-cancel-nbsp\"><strong>\u00bfQu\u00e9 pasa si me olvido de cancelar?&nbsp;<\/strong><\/h3>\n\n\n\n<p>Si olvida cancelar durante su primer mes de presentaci\u00f3n gratuita, se le cobrar\u00e1 la tarifa mensual de $57.99 por mes, por ubicaci\u00f3n.<\/p>\n\n\n\n<h3 class=\"wp-block-heading\" id=\"h-can-i-restart-a-first-monthly-filing-free-later-nbsp\"><strong>\u00bfPuedo reiniciar una primera declaraci\u00f3n mensual gratuita m\u00e1s adelante?&nbsp;<\/strong><\/h3>\n\n\n\n<p>No, la primera declaraci\u00f3n mensual gratuita no se puede pausar ni transferir.<\/p>\n\n\n\n<h3 class=\"wp-block-heading\" id=\"h-what-if-i-have-more-than-one-pos-device\"><strong>\u00bfQu\u00e9 pasa si tengo m\u00e1s de un dispositivo POS?<\/strong><\/h3>\n\n\n\n<p>Recibir\u00e1s un primer dep\u00f3sito mensual gratuito para cada sistema de punto de venta \u00fanico en DAVO.<\/p>\n\n\n\n<h3 class=\"wp-block-heading\" id=\"h-how-does-the-first-monthly-filing-free-work-if-i-signed-up-in-the-middle-of-the-month\"><strong>\u00bfC\u00f3mo funciona la primera declaraci\u00f3n mensual gratuita si me inscrib\u00ed a mitad de mes?<\/strong><\/h3>\n\n\n\n<p>Si se registra a mitad de mes, DAVO reservar\u00e1 el impuesto sobre las ventas completo de ese mes y lo declarar\u00e1 por usted. Una vez que haya completado la configuraci\u00f3n (informaci\u00f3n bancaria y perfil fiscal), le enviaremos un correo electr\u00f3nico y realizaremos un d\u00e9bito \u00fanico (primer pago) por el monto del impuesto que deb\u00eda antes de registrarse y que a\u00fan no hayamos reservado. Este d\u00e9bito \u00fanico se realiza autom\u00e1ticamente 48 horas despu\u00e9s de configurar su cuenta y garantiza que su primera declaraci\u00f3n se pague a tiempo y en su totalidad. Si desea cancelar este d\u00e9bito \u00fanico, inicie sesi\u00f3n en su&nbsp;<a href=\"https:\/\/portal.davosalestax.com\/\" target=\"_blank\" rel=\"noreferrer noopener\">Portal DAVO<\/a>&nbsp;y hacer esta actualizaci\u00f3n.<\/p>\n\n\n\n<p>Cuando opta por este d\u00e9bito \u00fanico, cuando llega el momento de presentar y pagar, DAVO maneja todo autom\u00e1ticamente sin que usted tenga que hacer nada m\u00e1s.<\/p>\n<\/div><\/div>\n<\/div>\n\n\n\n<div class=\"wp-block-column is-layout-flow wp-block-column-is-layout-flow\">\n<figure class=\"wp-block-image size-large\"><img loading=\"lazy\" decoding=\"async\" width=\"1024\" height=\"683\" src=\"https:\/\/www.davosalestax.com\/wp-content\/uploads\/2025\/10\/owner-at-computer-trial-1024x683.jpg\" alt=\"propietario de negocio en la computadora\" class=\"wp-image-10470\" srcset=\"https:\/\/www.davosalestax.com\/wp-content\/uploads\/2025\/10\/owner-at-computer-trial-1024x683.jpg 1024w, https:\/\/www.davosalestax.com\/wp-content\/uploads\/2025\/10\/owner-at-computer-trial-300x200.jpg 300w, https:\/\/www.davosalestax.com\/wp-content\/uploads\/2025\/10\/owner-at-computer-trial-768x512.jpg 768w, https:\/\/www.davosalestax.com\/wp-content\/uploads\/2025\/10\/owner-at-computer-trial-18x12.jpg 18w, https:\/\/www.davosalestax.com\/wp-content\/uploads\/2025\/10\/owner-at-computer-trial-100x67.jpg 100w, https:\/\/www.davosalestax.com\/wp-content\/uploads\/2025\/10\/owner-at-computer-trial.jpg 1200w\" sizes=\"auto, (max-width: 1024px) 100vw, 1024px\" \/><\/figure>\n<\/div>\n<\/div>\n\n\n\n<hr class=\"wp-block-separator has-text-color has-dark-blue-color has-alpha-channel-opacity has-dark-blue-background-color has-background\"\/>\n\n\n\n<h2 class=\"wp-block-heading\" id=\"h-need-help-or-have-additional-questions-on-how-the-first-free-filing-month-works-nbsp\">\u00bfNecesita ayuda o tiene preguntas adicionales sobre c\u00f3mo funciona el primer mes de presentaci\u00f3n gratuita?&nbsp;<\/h2>\n\n\n\n<div class=\"wp-block-columns is-layout-flex wp-container-core-columns-is-layout-9d6595d7 wp-block-columns-is-layout-flex\">\n<div class=\"wp-block-column white-block is-layout-flow wp-block-column-is-layout-flow\"><div class=\"wp-block-image\">\n<figure class=\"aligncenter size-large is-resized\"><img loading=\"lazy\" decoding=\"async\" width=\"1024\" height=\"931\" src=\"https:\/\/www.davosalestax.com\/wp-content\/uploads\/2024\/09\/message-1024x931.png\" alt=\"Ilustraci\u00f3n de bot de chat\" class=\"wp-image-8234\" style=\"width:200px;height:200px\" srcset=\"https:\/\/www.davosalestax.com\/wp-content\/uploads\/2024\/09\/message-1024x931.png 1024w, https:\/\/www.davosalestax.com\/wp-content\/uploads\/2024\/09\/message-300x273.png 300w, https:\/\/www.davosalestax.com\/wp-content\/uploads\/2024\/09\/message-768x698.png 768w, https:\/\/www.davosalestax.com\/wp-content\/uploads\/2024\/09\/message-13x12.png 13w, https:\/\/www.davosalestax.com\/wp-content\/uploads\/2024\/09\/message-100x91.png 100w, https:\/\/www.davosalestax.com\/wp-content\/uploads\/2024\/09\/message.png 1200w\" sizes=\"auto, (max-width: 1024px) 100vw, 1024px\" \/><\/figure>\n<\/div>\n\n\n<h2 class=\"wp-block-heading\" id=\"h-chat\">Chat<\/h2>\n\n\n\n<p class=\"has-text-align-center\">Obtenga respuestas r\u00e1pidas con el bot de chat de DAVO.<\/p>\n\n\n\n<div style=\"height:10px\" aria-hidden=\"true\" class=\"wp-block-spacer\"><\/div>\n\n\n\n<div class=\"wp-block-buttons is-content-justification-center is-layout-flex wp-container-core-buttons-is-layout-16018d1d wp-block-buttons-is-layout-flex\">\n<div class=\"wp-block-button\"><a class=\"wp-block-button__link wp-element-button\" href=\"#hs-chat-open\">Chat<\/a><\/div>\n<\/div>\n\n\n\n<div style=\"height:10px\" aria-hidden=\"true\" class=\"wp-block-spacer\"><\/div>\n<\/div>\n\n\n\n<div class=\"wp-block-column white-block is-layout-flow wp-block-column-is-layout-flow\"><div class=\"wp-block-image\">\n<figure class=\"aligncenter size-large is-resized\"><img loading=\"lazy\" decoding=\"async\" width=\"990\" height=\"1024\" src=\"https:\/\/www.davosalestax.com\/wp-content\/uploads\/2024\/09\/email-990x1024.png\" alt=\"Enviar una ilustraci\u00f3n por correo electr\u00f3nico\" class=\"wp-image-8235\" style=\"width:194px;height:201px\" srcset=\"https:\/\/www.davosalestax.com\/wp-content\/uploads\/2024\/09\/email-990x1024.png 990w, https:\/\/www.davosalestax.com\/wp-content\/uploads\/2024\/09\/email-290x300.png 290w, https:\/\/www.davosalestax.com\/wp-content\/uploads\/2024\/09\/email-768x794.png 768w, https:\/\/www.davosalestax.com\/wp-content\/uploads\/2024\/09\/email-12x12.png 12w, https:\/\/www.davosalestax.com\/wp-content\/uploads\/2024\/09\/email-100x103.png 100w, https:\/\/www.davosalestax.com\/wp-content\/uploads\/2024\/09\/email.png 1200w\" sizes=\"auto, (max-width: 990px) 100vw, 990px\" \/><\/figure>\n<\/div>\n\n\n<h2 class=\"wp-block-heading\" id=\"h-email\">Correo electr\u00f3nico<\/h2>\n\n\n\n<p class=\"has-text-align-center\">Env\u00ede un correo electr\u00f3nico con sus preguntas a nuestro equipo de asistencia.<\/p>\n\n\n\n<div style=\"height:10px\" aria-hidden=\"true\" class=\"wp-block-spacer\"><\/div>\n\n\n\n<div class=\"wp-block-buttons is-content-justification-center is-layout-flex wp-container-core-buttons-is-layout-16018d1d wp-block-buttons-is-layout-flex\">\n<div class=\"wp-block-button\"><a class=\"wp-block-button__link wp-element-button\" href=\"mailto:support@davosalestax.com\">Correo electr\u00f3nico<\/a><\/div>\n<\/div>\n\n\n\n<div style=\"height:10px\" aria-hidden=\"true\" class=\"wp-block-spacer\"><\/div>\n<\/div>\n\n\n\n<div class=\"wp-block-column white-block is-layout-flow wp-block-column-is-layout-flow\"><div class=\"wp-block-image\">\n<figure class=\"aligncenter size-large is-resized\"><img loading=\"lazy\" decoding=\"async\" width=\"1024\" height=\"901\" src=\"https:\/\/www.davosalestax.com\/wp-content\/uploads\/2024\/10\/support-call-1024x901.png\" alt=\"Programar una llamada de asistencia\" class=\"wp-image-8391\" style=\"width:auto;height:200px\" srcset=\"https:\/\/www.davosalestax.com\/wp-content\/uploads\/2024\/10\/support-call-1024x901.png 1024w, https:\/\/www.davosalestax.com\/wp-content\/uploads\/2024\/10\/support-call-300x264.png 300w, https:\/\/www.davosalestax.com\/wp-content\/uploads\/2024\/10\/support-call-768x676.png 768w, https:\/\/www.davosalestax.com\/wp-content\/uploads\/2024\/10\/support-call-14x12.png 14w, https:\/\/www.davosalestax.com\/wp-content\/uploads\/2024\/10\/support-call-100x88.png 100w, https:\/\/www.davosalestax.com\/wp-content\/uploads\/2024\/10\/support-call.png 1200w\" sizes=\"auto, (max-width: 1024px) 100vw, 1024px\" \/><\/figure>\n<\/div>\n\n\n<h2 class=\"wp-block-heading\" id=\"h-schedule-a-support-call\">Programar una llamada de asistencia<\/h2>\n\n\n\n<p class=\"has-text-align-center\">\u00bfYa es cliente de DAVO? Programe una llamada con nuestro equipo de soporte en el horario que m\u00e1s le convenga.<\/p>\n\n\n\n<div style=\"height:10px\" aria-hidden=\"true\" class=\"wp-block-spacer\"><\/div>\n\n\n\n<div class=\"wp-block-buttons is-content-justification-center is-layout-flex wp-container-core-buttons-is-layout-16018d1d wp-block-buttons-is-layout-flex\">\n<div class=\"wp-block-button\"><a class=\"wp-block-button__link wp-element-button\" href=\"\/es\/programar-llamada-asistencia\/\" target=\"_blank\" rel=\"noreferrer noopener\">Programar<\/a><\/div>\n<\/div>\n\n\n\n<div style=\"height:10px\" aria-hidden=\"true\" class=\"wp-block-spacer\"><\/div>\n<\/div>\n<\/div>\n\n\n\n<div style=\"height:100px\" aria-hidden=\"true\" class=\"wp-block-spacer\"><\/div>\n\n\n\n<style>.trial-faq h3 {\nmargin-bottom:0;}<\/style>","protected":false},"excerpt":{"rendered":"<p>First Monthly Filing Free Terms Your first monthly filing free begins right away and lasts until the end of that month. Example: If you activate on April 10, your trial runs through April 30. On May 1, your paid subscription of $57.99 per month begins automatically unless you cancel before the end of April. During [&hellip;]<\/p>\n","protected":false},"author":14,"featured_media":0,"parent":0,"menu_order":0,"comment_status":"closed","ping_status":"closed","template":"","meta":{"_acf_changed":false,"content-type":"","footnotes":""},"class_list":["post-10468","page","type-page","status-publish","hentry"],"acf":[],"yoast_head":"<!-- This site is optimized with the Yoast SEO Premium plugin v27.3 (Yoast SEO v27.3) - https:\/\/yoast.com\/product\/yoast-seo-premium-wordpress\/ -->\n<title>First Monthly Filing Free Terms | DAVO by Avalara<\/title>\n<meta name=\"robots\" content=\"index, follow, max-snippet:-1, max-image-preview:large, max-video-preview:-1\" \/>\n<link rel=\"canonical\" href=\"https:\/\/www.davosalestax.com\/es\/first-monthly-filing-free-terms\/\" \/>\n<meta property=\"og:locale\" content=\"es_MX\" \/>\n<meta property=\"og:type\" content=\"article\" \/>\n<meta property=\"og:title\" content=\"First Monthly Filing Free Terms\" \/>\n<meta property=\"og:description\" content=\"First Monthly Filing Free Terms Your first monthly filing free begins right away and lasts until the end of that month. Example: If you activate on April 10, your trial runs through April 30. On May 1, your paid subscription of $57.99 per month begins automatically unless you cancel before the end of April. During [&hellip;]\" \/>\n<meta property=\"og:url\" content=\"https:\/\/www.davosalestax.com\/es\/first-monthly-filing-free-terms\/\" \/>\n<meta property=\"og:site_name\" content=\"DAVO by Avalara\" \/>\n<meta property=\"article:publisher\" content=\"https:\/\/www.facebook.com\/DavoSalesTax\/\" \/>\n<meta property=\"article:modified_time\" content=\"2026-01-08T23:52:08+00:00\" \/>\n<meta property=\"og:image\" content=\"https:\/\/www.davosalestax.com\/wp-content\/uploads\/2025\/10\/calendar-trial.png\" \/>\n\t<meta property=\"og:image:width\" content=\"2231\" \/>\n\t<meta property=\"og:image:height\" content=\"1432\" \/>\n\t<meta property=\"og:image:type\" content=\"image\/png\" \/>\n<meta name=\"twitter:card\" content=\"summary_large_image\" \/>\n<meta name=\"twitter:site\" content=\"@davosalestax\" \/>\n<meta name=\"twitter:label1\" content=\"Tiempo de lectura\" \/>\n\t<meta name=\"twitter:data1\" content=\"4 minutos\" \/>\n<script type=\"application\/ld+json\" class=\"yoast-schema-graph\">{\"@context\":\"https:\\\/\\\/schema.org\",\"@graph\":[{\"@type\":\"WebPage\",\"@id\":\"https:\\\/\\\/www.davosalestax.com\\\/first-monthly-filing-free-terms\\\/\",\"url\":\"https:\\\/\\\/www.davosalestax.com\\\/first-monthly-filing-free-terms\\\/\",\"name\":\"First Monthly Filing Free Terms | DAVO by Avalara\",\"isPartOf\":{\"@id\":\"https:\\\/\\\/www.davosalestax.com\\\/#website\"},\"primaryImageOfPage\":{\"@id\":\"https:\\\/\\\/www.davosalestax.com\\\/first-monthly-filing-free-terms\\\/#primaryimage\"},\"image\":{\"@id\":\"https:\\\/\\\/www.davosalestax.com\\\/first-monthly-filing-free-terms\\\/#primaryimage\"},\"thumbnailUrl\":\"https:\\\/\\\/www.davosalestax.com\\\/wp-content\\\/uploads\\\/2025\\\/10\\\/calendar-trial.png\",\"datePublished\":\"2025-10-14T13:42:36+00:00\",\"dateModified\":\"2026-01-08T23:52:08+00:00\",\"breadcrumb\":{\"@id\":\"https:\\\/\\\/www.davosalestax.com\\\/first-monthly-filing-free-terms\\\/#breadcrumb\"},\"inLanguage\":\"es\",\"potentialAction\":[{\"@type\":\"ReadAction\",\"target\":[\"https:\\\/\\\/www.davosalestax.com\\\/first-monthly-filing-free-terms\\\/\"]}]},{\"@type\":\"ImageObject\",\"inLanguage\":\"es\",\"@id\":\"https:\\\/\\\/www.davosalestax.com\\\/first-monthly-filing-free-terms\\\/#primaryimage\",\"url\":\"https:\\\/\\\/www.davosalestax.com\\\/wp-content\\\/uploads\\\/2025\\\/10\\\/calendar-trial.png\",\"contentUrl\":\"https:\\\/\\\/www.davosalestax.com\\\/wp-content\\\/uploads\\\/2025\\\/10\\\/calendar-trial.png\"},{\"@type\":\"BreadcrumbList\",\"@id\":\"https:\\\/\\\/www.davosalestax.com\\\/first-monthly-filing-free-terms\\\/#breadcrumb\",\"itemListElement\":[{\"@type\":\"ListItem\",\"position\":1,\"name\":\"Home\",\"item\":\"https:\\\/\\\/www.davosalestax.com\\\/\"},{\"@type\":\"ListItem\",\"position\":2,\"name\":\"First Monthly Filing Free Terms\"}]},{\"@type\":\"WebSite\",\"@id\":\"https:\\\/\\\/www.davosalestax.com\\\/#website\",\"url\":\"https:\\\/\\\/www.davosalestax.com\\\/\",\"name\":\"DAVO Sales Tax\",\"description\":\"Automated Sales Tax\",\"publisher\":{\"@id\":\"https:\\\/\\\/www.davosalestax.com\\\/#organization\"},\"alternateName\":\"DAVO by Avalara\",\"potentialAction\":[{\"@type\":\"SearchAction\",\"target\":{\"@type\":\"EntryPoint\",\"urlTemplate\":\"https:\\\/\\\/www.davosalestax.com\\\/?s={search_term_string}\"},\"query-input\":{\"@type\":\"PropertyValueSpecification\",\"valueRequired\":true,\"valueName\":\"search_term_string\"}}],\"inLanguage\":\"es\"},{\"@type\":\"Organization\",\"@id\":\"https:\\\/\\\/www.davosalestax.com\\\/#organization\",\"name\":\"DAVO by Avalara\",\"url\":\"https:\\\/\\\/www.davosalestax.com\\\/\",\"logo\":{\"@type\":\"ImageObject\",\"inLanguage\":\"es\",\"@id\":\"https:\\\/\\\/www.davosalestax.com\\\/#\\\/schema\\\/logo\\\/image\\\/\",\"url\":\"https:\\\/\\\/www.davosalestax.com\\\/wp-content\\\/uploads\\\/2024\\\/12\\\/Davo-Logo_696-square.png\",\"contentUrl\":\"https:\\\/\\\/www.davosalestax.com\\\/wp-content\\\/uploads\\\/2024\\\/12\\\/Davo-Logo_696-square.png\",\"width\":696,\"height\":696,\"caption\":\"DAVO by Avalara\"},\"image\":{\"@id\":\"https:\\\/\\\/www.davosalestax.com\\\/#\\\/schema\\\/logo\\\/image\\\/\"},\"sameAs\":[\"https:\\\/\\\/www.facebook.com\\\/DavoSalesTax\\\/\",\"https:\\\/\\\/x.com\\\/davosalestax\",\"https:\\\/\\\/www.linkedin.com\\\/company\\\/davo-technologies\\\/about\\\/\",\"https:\\\/\\\/www.youtube.com\\\/c\\\/DAVOSalesTax\",\"https:\\\/\\\/www.instagram.com\\\/davosalestax\\\/\"]}]}<\/script>\n<!-- \/ Yoast SEO Premium plugin. -->","yoast_head_json":{"title":"Primera declaraci\u00f3n mensual gratuita | DAVO de Avalara","robots":{"index":"index","follow":"follow","max-snippet":"max-snippet:-1","max-image-preview":"max-image-preview:large","max-video-preview":"max-video-preview:-1"},"canonical":"https:\/\/www.davosalestax.com\/es\/first-monthly-filing-free-terms\/","og_locale":"es_MX","og_type":"article","og_title":"First Monthly Filing Free Terms","og_description":"First Monthly Filing Free Terms Your first monthly filing free begins right away and lasts until the end of that month. Example: If you activate on April 10, your trial runs through April 30. On May 1, your paid subscription of $57.99 per month begins automatically unless you cancel before the end of April. During [&hellip;]","og_url":"https:\/\/www.davosalestax.com\/es\/first-monthly-filing-free-terms\/","og_site_name":"DAVO by Avalara","article_publisher":"https:\/\/www.facebook.com\/DavoSalesTax\/","article_modified_time":"2026-01-08T23:52:08+00:00","og_image":[{"width":2231,"height":1432,"url":"https:\/\/www.davosalestax.com\/wp-content\/uploads\/2025\/10\/calendar-trial.png","type":"image\/png"}],"twitter_card":"summary_large_image","twitter_site":"@davosalestax","twitter_misc":{"Tiempo de lectura":"4 minutos"},"schema":{"@context":"https:\/\/schema.org","@graph":[{"@type":"WebPage","@id":"https:\/\/www.davosalestax.com\/first-monthly-filing-free-terms\/","url":"https:\/\/www.davosalestax.com\/first-monthly-filing-free-terms\/","name":"Primera declaraci\u00f3n mensual gratuita | DAVO de Avalara","isPartOf":{"@id":"https:\/\/www.davosalestax.com\/#website"},"primaryImageOfPage":{"@id":"https:\/\/www.davosalestax.com\/first-monthly-filing-free-terms\/#primaryimage"},"image":{"@id":"https:\/\/www.davosalestax.com\/first-monthly-filing-free-terms\/#primaryimage"},"thumbnailUrl":"https:\/\/www.davosalestax.com\/wp-content\/uploads\/2025\/10\/calendar-trial.png","datePublished":"2025-10-14T13:42:36+00:00","dateModified":"2026-01-08T23:52:08+00:00","breadcrumb":{"@id":"https:\/\/www.davosalestax.com\/first-monthly-filing-free-terms\/#breadcrumb"},"inLanguage":"es","potentialAction":[{"@type":"ReadAction","target":["https:\/\/www.davosalestax.com\/first-monthly-filing-free-terms\/"]}]},{"@type":"ImageObject","inLanguage":"es","@id":"https:\/\/www.davosalestax.com\/first-monthly-filing-free-terms\/#primaryimage","url":"https:\/\/www.davosalestax.com\/wp-content\/uploads\/2025\/10\/calendar-trial.png","contentUrl":"https:\/\/www.davosalestax.com\/wp-content\/uploads\/2025\/10\/calendar-trial.png"},{"@type":"BreadcrumbList","@id":"https:\/\/www.davosalestax.com\/first-monthly-filing-free-terms\/#breadcrumb","itemListElement":[{"@type":"ListItem","position":1,"name":"Home","item":"https:\/\/www.davosalestax.com\/"},{"@type":"ListItem","position":2,"name":"First Monthly Filing Free Terms"}]},{"@type":"WebSite","@id":"https:\/\/www.davosalestax.com\/#website","url":"https:\/\/www.davosalestax.com\/","name":"DAVO Sales Tax","description":"Impuesto sobre las ventas automatizado","publisher":{"@id":"https:\/\/www.davosalestax.com\/#organization"},"alternateName":"DAVO by Avalara","potentialAction":[{"@type":"SearchAction","target":{"@type":"EntryPoint","urlTemplate":"https:\/\/www.davosalestax.com\/?s={search_term_string}"},"query-input":{"@type":"PropertyValueSpecification","valueRequired":true,"valueName":"search_term_string"}}],"inLanguage":"es"},{"@type":"Organization","@id":"https:\/\/www.davosalestax.com\/#organization","name":"DAVO de Avalara","url":"https:\/\/www.davosalestax.com\/","logo":{"@type":"ImageObject","inLanguage":"es","@id":"https:\/\/www.davosalestax.com\/#\/schema\/logo\/image\/","url":"https:\/\/www.davosalestax.com\/wp-content\/uploads\/2024\/12\/Davo-Logo_696-square.png","contentUrl":"https:\/\/www.davosalestax.com\/wp-content\/uploads\/2024\/12\/Davo-Logo_696-square.png","width":696,"height":696,"caption":"DAVO by Avalara"},"image":{"@id":"https:\/\/www.davosalestax.com\/#\/schema\/logo\/image\/"},"sameAs":["https:\/\/www.facebook.com\/DavoSalesTax\/","https:\/\/x.com\/davosalestax","https:\/\/www.linkedin.com\/company\/davo-technologies\/about\/","https:\/\/www.youtube.com\/c\/DAVOSalesTax","https:\/\/www.instagram.com\/davosalestax\/"]}]}},"_links":{"self":[{"href":"https:\/\/www.davosalestax.com\/es\/wp-json\/wp\/v2\/pages\/10468","targetHints":{"allow":["GET"]}}],"collection":[{"href":"https:\/\/www.davosalestax.com\/es\/wp-json\/wp\/v2\/pages"}],"about":[{"href":"https:\/\/www.davosalestax.com\/es\/wp-json\/wp\/v2\/types\/page"}],"author":[{"embeddable":true,"href":"https:\/\/www.davosalestax.com\/es\/wp-json\/wp\/v2\/users\/14"}],"replies":[{"embeddable":true,"href":"https:\/\/www.davosalestax.com\/es\/wp-json\/wp\/v2\/comments?post=10468"}],"version-history":[{"count":0,"href":"https:\/\/www.davosalestax.com\/es\/wp-json\/wp\/v2\/pages\/10468\/revisions"}],"wp:attachment":[{"href":"https:\/\/www.davosalestax.com\/es\/wp-json\/wp\/v2\/media?parent=10468"}],"curies":[{"name":"wp","href":"https:\/\/api.w.org\/{rel}","templated":true}]}}