{"id":3077,"date":"2019-12-05T21:43:53","date_gmt":"2019-12-05T21:43:53","guid":{"rendered":"https:\/\/davotech.staging.wpengine.com\/?page_id=3077"},"modified":"2024-02-22T16:19:29","modified_gmt":"2024-02-22T16:19:29","slug":"toast-next-steps","status":"publish","type":"page","link":"https:\/\/www.davosalestax.com\/es\/integrations\/toast\/toast-next-steps\/","title":{"rendered":"brindis gracias"},"content":{"rendered":"<h1 class=\"wp-block-heading has-text-align-center\">Ya casi est\u00e1s ah\u00ed. <\/h1>\n\n\n\n<p class=\"has-text-align-center\">Siga las instrucciones para conectar DAVO a su Toast. El proceso lleva menos de 5 minutos y, cuando haya terminado, nunca m\u00e1s tendr\u00e1 que preocuparse por el impuesto sobre las ventas.<\/p>\n\n\n\n<div class=\"wp-block-columns has-2-columns right-thirds is-layout-flex wp-container-core-columns-is-layout-9d6595d7 wp-block-columns-is-layout-flex\">\n<div class=\"wp-block-column is-layout-flow wp-block-column-is-layout-flow\">\n<p><\/p>\n\n\n\n<figure class=\"wp-block-image\"><a class=\"stroke\" href=\"https:\/\/www.toasttab.com\/login\" target=\"_blank\" rel=\"noreferrer noopener\"><img loading=\"lazy\" decoding=\"async\" width=\"500\" height=\"297\" src=\"https:\/\/www.davosalestax.com\/wp-content\/uploads\/2019\/12\/toast-login.png\" alt=\"inicio de sesi\u00f3n de brindis\" class=\"wp-image-3115\" srcset=\"https:\/\/www.davosalestax.com\/wp-content\/uploads\/2019\/12\/toast-login.png 500w, https:\/\/www.davosalestax.com\/wp-content\/uploads\/2019\/12\/toast-login-300x178.png 300w, https:\/\/www.davosalestax.com\/wp-content\/uploads\/2019\/12\/toast-login-100x59.png 100w\" sizes=\"auto, (max-width: 500px) 100vw, 500px\" \/><\/a><\/figure>\n\n\n\n<p>2. Vaya al portal Toast Partner Connect, desplaz\u00e1ndose hacia abajo hasta &quot;<strong>Mis integraciones<\/strong>\u201d y haciendo clic en \u201c<strong>Agregar m\u00e1s integraciones.<\/strong>\u201d<\/p>\n\n\n\n<p class=\"has-text-align-left\"><em>Necesitas estar suscrito a <\/em><a href=\"https:\/\/central.toasttab.com\/s\/article\/Toast-Partner-Connect-Setting-Up-Integrations-with-Toast\" target=\"_blank\" rel=\"noreferrer noopener\"><em>Toast Partner Connect<\/em><\/a>.<\/p>\n\n\n\n<figure class=\"wp-block-image stroke\"><img loading=\"lazy\" decoding=\"async\" width=\"500\" height=\"151\" src=\"https:\/\/www.davosalestax.com\/wp-content\/uploads\/2019\/12\/toast-myintegrations.png\" alt=\"Mis integraciones\" class=\"wp-image-3114\" srcset=\"https:\/\/www.davosalestax.com\/wp-content\/uploads\/2019\/12\/toast-myintegrations.png 500w, https:\/\/www.davosalestax.com\/wp-content\/uploads\/2019\/12\/toast-myintegrations-300x91.png 300w, https:\/\/www.davosalestax.com\/wp-content\/uploads\/2019\/12\/toast-myintegrations-100x30.png 100w\" sizes=\"auto, (max-width: 500px) 100vw, 500px\" \/><\/figure>\n\n\n\n<p>3. Vaya a la \u201c<strong>Contabilidad<\/strong>\u201d y busque DAVO.<\/p>\n\n\n\n<p>4. Seleccione el mosaico DAVO y haga clic en &quot;<strong>A\u00f1adir ahora<\/strong>.\u201d<\/p>\n\n\n\n<figure class=\"wp-block-image stroke\"><img loading=\"lazy\" decoding=\"async\" width=\"288\" height=\"416\" src=\"https:\/\/www.davosalestax.com\/wp-content\/uploads\/2019\/12\/toast-davo-tile.png\" alt=\"Baldosa Davo\" class=\"wp-image-3112\" srcset=\"https:\/\/www.davosalestax.com\/wp-content\/uploads\/2019\/12\/toast-davo-tile.png 288w, https:\/\/www.davosalestax.com\/wp-content\/uploads\/2019\/12\/toast-davo-tile-208x300.png 208w, https:\/\/www.davosalestax.com\/wp-content\/uploads\/2019\/12\/toast-davo-tile-8x12.png 8w, https:\/\/www.davosalestax.com\/wp-content\/uploads\/2019\/12\/toast-davo-tile-100x144.png 100w\" sizes=\"auto, (max-width: 288px) 100vw, 288px\" \/><\/figure>\n\n\n\n<p>5. Revise los detalles y haga clic&nbsp;<strong>&quot;Entregar&quot;<\/strong>&nbsp;Para conectar DAVO y Toast. Despu\u00e9s de enviar el formulario, el sistema tarda entre 15 y 20 minutos en procesarlo, despu\u00e9s de lo cual recibir\u00e1 un correo electr\u00f3nico de DAVO.<\/p>\n\n\n\n<figure class=\"wp-block-image is-resized stroke\"><img loading=\"lazy\" decoding=\"async\" width=\"619\" height=\"481\" src=\"https:\/\/www.davosalestax.com\/wp-content\/uploads\/2019\/12\/toast-addpartnerintegration.png\" alt=\"A\u00f1adir integraci\u00f3n\" class=\"wp-image-3113\" style=\"width:375px\" srcset=\"https:\/\/www.davosalestax.com\/wp-content\/uploads\/2019\/12\/toast-addpartnerintegration.png 619w, https:\/\/www.davosalestax.com\/wp-content\/uploads\/2019\/12\/toast-addpartnerintegration-300x233.png 300w, https:\/\/www.davosalestax.com\/wp-content\/uploads\/2019\/12\/toast-addpartnerintegration-15x12.png 15w, https:\/\/www.davosalestax.com\/wp-content\/uploads\/2019\/12\/toast-addpartnerintegration-100x78.png 100w\" sizes=\"auto, (max-width: 619px) 100vw, 619px\" \/><\/figure>\n\n\n\n<p>6. Revise su correo electr\u00f3nico para ver si hay un correo electr\u00f3nico de DAVO. Haga clic en el bot\u00f3n de ese correo electr\u00f3nico y siga las instrucciones para completar el proceso de embarque.<\/p>\n\n\n\n<figure class=\"wp-block-image size-full is-resized stroke\"><img loading=\"lazy\" decoding=\"async\" width=\"475\" height=\"382\" src=\"https:\/\/www.davosalestax.com\/wp-content\/uploads\/2023\/04\/welcome-email.png\" alt=\"Correo electr\u00f3nico de bienvenida de DAVO\" class=\"wp-image-6633\" style=\"width:375px\" srcset=\"https:\/\/www.davosalestax.com\/wp-content\/uploads\/2023\/04\/welcome-email.png 475w, https:\/\/www.davosalestax.com\/wp-content\/uploads\/2023\/04\/welcome-email-300x241.png 300w, https:\/\/www.davosalestax.com\/wp-content\/uploads\/2023\/04\/welcome-email-15x12.png 15w, https:\/\/www.davosalestax.com\/wp-content\/uploads\/2023\/04\/welcome-email-100x80.png 100w\" sizes=\"auto, (max-width: 475px) 100vw, 475px\" \/><\/figure>\n\n\n\n<p>7. Una vez conectado, haga clic en el bot\u00f3n \u201c<strong>Ajustes<\/strong>\u201d e ingrese su informaci\u00f3n de declaraci\u00f3n de impuestos.<br><\/p>\n\n\n\n<p class=\"has-text-align-left\">Eso es. DAVO ahora apartar\u00e1 su impuesto sobre las ventas diariamente y presentar\u00e1 y pagar\u00e1 sus impuestos sobre las ventas a tiempo y en su totalidad. Garantizado.&nbsp;<\/p>\n<\/div>\n\n\n\n<div class=\"wp-block-column white-block is-layout-flow wp-block-column-is-layout-flow\">\n<h2 class=\"wp-block-heading has-text-align-left\">Necesitar\u00e1: <br><\/h2>\n\n\n\n<ul class=\"check wp-block-list\">\n<li>Tu brindis Iniciar sesi\u00f3n<\/li>\n\n\n\n<li>Su cuenta bancaria y n\u00famero de ruta<\/li>\n\n\n\n<li>Sus n\u00fameros de identificaci\u00f3n fiscal<\/li>\n<\/ul>\n<\/div>\n<\/div>\n\n\n\n<div style=\"height:100px\" aria-hidden=\"true\" class=\"wp-block-spacer\"><\/div>","protected":false},"excerpt":{"rendered":"<p>You\u2019re almost there. Follow the instructions to connect DAVO to your Toast. The process takes less than 5 minutes, and when you\u2019re done, you\u2019ll never worry about sales tax again. 2. Go to the Toast Partner Connect portal, by scrolling down to \u201cMy Integrations\u201d &amp; clicking \u201cAdd More Integrations.\u201d You need to be subscribed to [&hellip;]<\/p>\n","protected":false},"author":14,"featured_media":0,"parent":3040,"menu_order":0,"comment_status":"closed","ping_status":"closed","template":"","meta":{"_acf_changed":false,"content-type":"","footnotes":""},"class_list":["post-3077","page","type-page","status-publish","hentry"],"acf":[],"yoast_head":"<!-- This site is optimized with the Yoast SEO Premium plugin v27.0 (Yoast SEO v27.0) - https:\/\/yoast.com\/product\/yoast-seo-premium-wordpress\/ -->\n<title>How to Connect Your Toast POS to DAVO<\/title>\n<meta name=\"description\" content=\"Now we need to connect DAVO to Toast so you don\u2019t have to worry about sales tax ever again. Set up will take less than 5 minutes.\" \/>\n<meta name=\"robots\" content=\"noindex, follow\" \/>\n<meta property=\"og:locale\" content=\"es_MX\" \/>\n<meta property=\"og:type\" content=\"article\" \/>\n<meta property=\"og:title\" content=\"Toast thank you\" \/>\n<meta property=\"og:description\" content=\"Now we need to connect DAVO to Toast so you don\u2019t have to worry about sales tax ever again. Set up will take less than 5 minutes.\" \/>\n<meta property=\"og:url\" content=\"https:\/\/www.davosalestax.com\/es\/integraciones\/toast\/toast-next-steps\/\" \/>\n<meta property=\"og:site_name\" content=\"DAVO by Avalara\" \/>\n<meta property=\"article:publisher\" content=\"https:\/\/www.facebook.com\/DavoSalesTax\/\" \/>\n<meta property=\"article:modified_time\" content=\"2024-02-22T16:19:29+00:00\" \/>\n<meta property=\"og:image\" content=\"https:\/\/www.davosalestax.com\/wp-content\/uploads\/2019\/12\/toast-login.png\" \/>\n<meta name=\"twitter:card\" content=\"summary_large_image\" \/>\n<meta name=\"twitter:site\" content=\"@davosalestax\" \/>\n<meta name=\"twitter:label1\" content=\"Tiempo de lectura\" \/>\n\t<meta name=\"twitter:data1\" content=\"2 minutos\" \/>\n<script type=\"application\/ld+json\" class=\"yoast-schema-graph\">{\"@context\":\"https:\/\/schema.org\",\"@graph\":[{\"@type\":\"WebPage\",\"@id\":\"https:\/\/www.davosalestax.com\/integrations\/toast\/toast-next-steps\/\",\"url\":\"https:\/\/www.davosalestax.com\/integrations\/toast\/toast-next-steps\/\",\"name\":\"How to Connect Your Toast POS to DAVO\",\"isPartOf\":{\"@id\":\"https:\/\/www.davosalestax.com\/#website\"},\"primaryImageOfPage\":{\"@id\":\"https:\/\/www.davosalestax.com\/integrations\/toast\/toast-next-steps\/#primaryimage\"},\"image\":{\"@id\":\"https:\/\/www.davosalestax.com\/integrations\/toast\/toast-next-steps\/#primaryimage\"},\"thumbnailUrl\":\"https:\/\/www.davosalestax.com\/wp-content\/uploads\/2019\/12\/toast-login.png\",\"datePublished\":\"2019-12-05T21:43:53+00:00\",\"dateModified\":\"2024-02-22T16:19:29+00:00\",\"description\":\"Now we need to connect DAVO to Toast so you don\u2019t have to worry about sales tax ever again. Set up will take less than 5 minutes.\",\"breadcrumb\":{\"@id\":\"https:\/\/www.davosalestax.com\/integrations\/toast\/toast-next-steps\/#breadcrumb\"},\"inLanguage\":\"es\",\"potentialAction\":[{\"@type\":\"ReadAction\",\"target\":[\"https:\/\/www.davosalestax.com\/integrations\/toast\/toast-next-steps\/\"]}]},{\"@type\":\"ImageObject\",\"inLanguage\":\"es\",\"@id\":\"https:\/\/www.davosalestax.com\/integrations\/toast\/toast-next-steps\/#primaryimage\",\"url\":\"https:\/\/www.davosalestax.com\/wp-content\/uploads\/2019\/12\/toast-login.png\",\"contentUrl\":\"https:\/\/www.davosalestax.com\/wp-content\/uploads\/2019\/12\/toast-login.png\"},{\"@type\":\"BreadcrumbList\",\"@id\":\"https:\/\/www.davosalestax.com\/integrations\/toast\/toast-next-steps\/#breadcrumb\",\"itemListElement\":[{\"@type\":\"ListItem\",\"position\":1,\"name\":\"Home\",\"item\":\"https:\/\/www.davosalestax.com\/\"},{\"@type\":\"ListItem\",\"position\":2,\"name\":\"Integrations\",\"item\":\"https:\/\/www.davosalestax.com\/integrations\/\"},{\"@type\":\"ListItem\",\"position\":3,\"name\":\"Toast\",\"item\":\"https:\/\/www.davosalestax.com\/integrations\/toast\/\"},{\"@type\":\"ListItem\",\"position\":4,\"name\":\"Toast thank you\"}]},{\"@type\":\"WebSite\",\"@id\":\"https:\/\/www.davosalestax.com\/#website\",\"url\":\"https:\/\/www.davosalestax.com\/\",\"name\":\"DAVO Sales Tax\",\"description\":\"Automated Sales Tax\",\"publisher\":{\"@id\":\"https:\/\/www.davosalestax.com\/#organization\"},\"alternateName\":\"DAVO by Avalara\",\"potentialAction\":[{\"@type\":\"SearchAction\",\"target\":{\"@type\":\"EntryPoint\",\"urlTemplate\":\"https:\/\/www.davosalestax.com\/?s={search_term_string}\"},\"query-input\":{\"@type\":\"PropertyValueSpecification\",\"valueRequired\":true,\"valueName\":\"search_term_string\"}}],\"inLanguage\":\"es\"},{\"@type\":\"Organization\",\"@id\":\"https:\/\/www.davosalestax.com\/#organization\",\"name\":\"DAVO by Avalara\",\"url\":\"https:\/\/www.davosalestax.com\/\",\"logo\":{\"@type\":\"ImageObject\",\"inLanguage\":\"es\",\"@id\":\"https:\/\/www.davosalestax.com\/#\/schema\/logo\/image\/\",\"url\":\"https:\/\/www.davosalestax.com\/wp-content\/uploads\/2024\/12\/Davo-Logo_696-square.png\",\"contentUrl\":\"https:\/\/www.davosalestax.com\/wp-content\/uploads\/2024\/12\/Davo-Logo_696-square.png\",\"width\":696,\"height\":696,\"caption\":\"DAVO by Avalara\"},\"image\":{\"@id\":\"https:\/\/www.davosalestax.com\/#\/schema\/logo\/image\/\"},\"sameAs\":[\"https:\/\/www.facebook.com\/DavoSalesTax\/\",\"https:\/\/x.com\/davosalestax\",\"https:\/\/www.linkedin.com\/company\/davo-technologies\/about\/\",\"https:\/\/www.youtube.com\/c\/DAVOSalesTax\",\"https:\/\/www.instagram.com\/davosalestax\/\"]}]}<\/script>\n<!-- \/ Yoast SEO Premium plugin. -->","yoast_head_json":{"title":"C\u00f3mo conectar su Toast POS a DAVO","description":"Ahora necesitamos conectar DAVO a Toast para que nunca m\u00e1s tenga que preocuparse por el impuesto a las ventas. La configuraci\u00f3n tardar\u00e1 menos de 5 minutos.","robots":{"index":"noindex","follow":"follow"},"og_locale":"es_MX","og_type":"article","og_title":"Toast thank you","og_description":"Now we need to connect DAVO to Toast so you don\u2019t have to worry about sales tax ever again. Set up will take less than 5 minutes.","og_url":"https:\/\/www.davosalestax.com\/es\/integraciones\/toast\/toast-next-steps\/","og_site_name":"DAVO by Avalara","article_publisher":"https:\/\/www.facebook.com\/DavoSalesTax\/","article_modified_time":"2024-02-22T16:19:29+00:00","og_image":[{"url":"https:\/\/www.davosalestax.com\/wp-content\/uploads\/2019\/12\/toast-login.png","type":"","width":"","height":""}],"twitter_card":"summary_large_image","twitter_site":"@davosalestax","twitter_misc":{"Tiempo de lectura":"2 minutos"},"schema":{"@context":"https:\/\/schema.org","@graph":[{"@type":"WebPage","@id":"https:\/\/www.davosalestax.com\/integrations\/toast\/toast-next-steps\/","url":"https:\/\/www.davosalestax.com\/integrations\/toast\/toast-next-steps\/","name":"C\u00f3mo conectar su Toast POS a DAVO","isPartOf":{"@id":"https:\/\/www.davosalestax.com\/#website"},"primaryImageOfPage":{"@id":"https:\/\/www.davosalestax.com\/integrations\/toast\/toast-next-steps\/#primaryimage"},"image":{"@id":"https:\/\/www.davosalestax.com\/integrations\/toast\/toast-next-steps\/#primaryimage"},"thumbnailUrl":"https:\/\/www.davosalestax.com\/wp-content\/uploads\/2019\/12\/toast-login.png","datePublished":"2019-12-05T21:43:53+00:00","dateModified":"2024-02-22T16:19:29+00:00","description":"Ahora necesitamos conectar DAVO a Toast para que nunca m\u00e1s tenga que preocuparse por el impuesto a las ventas. La configuraci\u00f3n tardar\u00e1 menos de 5 minutos.","breadcrumb":{"@id":"https:\/\/www.davosalestax.com\/integrations\/toast\/toast-next-steps\/#breadcrumb"},"inLanguage":"es","potentialAction":[{"@type":"ReadAction","target":["https:\/\/www.davosalestax.com\/integrations\/toast\/toast-next-steps\/"]}]},{"@type":"ImageObject","inLanguage":"es","@id":"https:\/\/www.davosalestax.com\/integrations\/toast\/toast-next-steps\/#primaryimage","url":"https:\/\/www.davosalestax.com\/wp-content\/uploads\/2019\/12\/toast-login.png","contentUrl":"https:\/\/www.davosalestax.com\/wp-content\/uploads\/2019\/12\/toast-login.png"},{"@type":"BreadcrumbList","@id":"https:\/\/www.davosalestax.com\/integrations\/toast\/toast-next-steps\/#breadcrumb","itemListElement":[{"@type":"ListItem","position":1,"name":"Home","item":"https:\/\/www.davosalestax.com\/"},{"@type":"ListItem","position":2,"name":"Integrations","item":"https:\/\/www.davosalestax.com\/integrations\/"},{"@type":"ListItem","position":3,"name":"Toast","item":"https:\/\/www.davosalestax.com\/integrations\/toast\/"},{"@type":"ListItem","position":4,"name":"Toast thank you"}]},{"@type":"WebSite","@id":"https:\/\/www.davosalestax.com\/#website","url":"https:\/\/www.davosalestax.com\/","name":"DAVO Sales Tax","description":"Impuesto sobre las ventas automatizado","publisher":{"@id":"https:\/\/www.davosalestax.com\/#organization"},"alternateName":"DAVO by Avalara","potentialAction":[{"@type":"SearchAction","target":{"@type":"EntryPoint","urlTemplate":"https:\/\/www.davosalestax.com\/?s={search_term_string}"},"query-input":{"@type":"PropertyValueSpecification","valueRequired":true,"valueName":"search_term_string"}}],"inLanguage":"es"},{"@type":"Organization","@id":"https:\/\/www.davosalestax.com\/#organization","name":"DAVO de Avalara","url":"https:\/\/www.davosalestax.com\/","logo":{"@type":"ImageObject","inLanguage":"es","@id":"https:\/\/www.davosalestax.com\/#\/schema\/logo\/image\/","url":"https:\/\/www.davosalestax.com\/wp-content\/uploads\/2024\/12\/Davo-Logo_696-square.png","contentUrl":"https:\/\/www.davosalestax.com\/wp-content\/uploads\/2024\/12\/Davo-Logo_696-square.png","width":696,"height":696,"caption":"DAVO by Avalara"},"image":{"@id":"https:\/\/www.davosalestax.com\/#\/schema\/logo\/image\/"},"sameAs":["https:\/\/www.facebook.com\/DavoSalesTax\/","https:\/\/x.com\/davosalestax","https:\/\/www.linkedin.com\/company\/davo-technologies\/about\/","https:\/\/www.youtube.com\/c\/DAVOSalesTax","https:\/\/www.instagram.com\/davosalestax\/"]}]}},"_links":{"self":[{"href":"https:\/\/www.davosalestax.com\/es\/wp-json\/wp\/v2\/pages\/3077","targetHints":{"allow":["GET"]}}],"collection":[{"href":"https:\/\/www.davosalestax.com\/es\/wp-json\/wp\/v2\/pages"}],"about":[{"href":"https:\/\/www.davosalestax.com\/es\/wp-json\/wp\/v2\/types\/page"}],"author":[{"embeddable":true,"href":"https:\/\/www.davosalestax.com\/es\/wp-json\/wp\/v2\/users\/14"}],"replies":[{"embeddable":true,"href":"https:\/\/www.davosalestax.com\/es\/wp-json\/wp\/v2\/comments?post=3077"}],"version-history":[{"count":0,"href":"https:\/\/www.davosalestax.com\/es\/wp-json\/wp\/v2\/pages\/3077\/revisions"}],"up":[{"embeddable":true,"href":"https:\/\/www.davosalestax.com\/es\/wp-json\/wp\/v2\/pages\/3040"}],"wp:attachment":[{"href":"https:\/\/www.davosalestax.com\/es\/wp-json\/wp\/v2\/media?parent=3077"}],"curies":[{"name":"wp","href":"https:\/\/api.w.org\/{rel}","templated":true}]}}