{"id":3680,"date":"2021-02-16T20:56:05","date_gmt":"2021-02-16T20:56:05","guid":{"rendered":"https:\/\/www.davosalestax.com\/?page_id=3680"},"modified":"2021-02-16T20:56:05","modified_gmt":"2021-02-16T20:56:05","slug":"thank-you-lightspeed-restaurant","status":"publish","type":"page","link":"https:\/\/www.davosalestax.com\/es\/thank-you-lightspeed-restaurant\/","title":{"rendered":"Gracias \u2013 Restaurante Lightspeed"},"content":{"rendered":"<h2 class=\"wp-block-heading\">\u00a1Gracias!<\/h2>\n\n\n\n<p class=\"has-text-align-center\">Una vez que se lance DAVO para Lightspeed Restaurant, nos pondremos en contacto con usted con instrucciones sobre c\u00f3mo comenzar.<\/p>\n\n\n\n<p class=\"has-text-align-center\"><\/p>\n\n\n\n<h2 class=\"has-text-align-left wp-block-heading\">Recursos m\u00e1s populares<\/h2>\n\n\n\n<ul class=\"wp-block-list\"><li><a href=\"https:\/\/www.davosalestax.com\/es\/protecting-your-business-in-a-sales-tax-audit\/\">Protegiendo su negocio en una auditor\u00eda de impuestos sobre las ventas<\/a><\/li><li><a href=\"https:\/\/www.davosalestax.com\/es\/managing-3rd-party-apps\/\">Gesti\u00f3n de aplicaciones de pedidos de terceros<\/a><\/li><li><a href=\"https:\/\/www.davosalestax.com\/es\/how-to-integrate-3rd-party-apps-to-pos\/\">C\u00f3mo integrar Grubhub, Uber Eats y otras aplicaciones de terceros en su POS para una mejor gesti\u00f3n del impuesto sobre las ventas<\/a><\/li><li><a href=\"https:\/\/www.davosalestax.com\/es\/sales-tax-rebates-by-states\/\">Rebajas de impuestos de ventas por estado<\/a><\/li><li><a href=\"https:\/\/www.davosalestax.com\/es\/myths-about-sales-tax\/\">Los 20 mitos principales sobre el impuesto a las ventas<\/a><\/li><\/ul>\n\n\n\n<p><\/p>\n\n\n\n<h2 class=\"has-text-align-left wp-block-heading\">Publicaciones de blog m\u00e1s recientes<\/h2>\n\n\n<ul class=\"wp-block-latest-posts__list wp-block-latest-posts\"><li><a class=\"wp-block-latest-posts__post-title\" href=\"https:\/\/www.davosalestax.com\/es\/managing-3rd-party-apps\/\">Administraci\u00f3n de aplicaciones de servicios de entrega de terceros<\/a><\/li>\n<li><a class=\"wp-block-latest-posts__post-title\" href=\"https:\/\/www.davosalestax.com\/es\/a-small-business-owners-guide-to-sales-tax-challenges\/\">Gu\u00eda para propietarios de peque\u00f1as empresas sobre los desaf\u00edos del impuesto sobre las ventas<\/a><\/li>\n<li><a class=\"wp-block-latest-posts__post-title\" href=\"https:\/\/www.davosalestax.com\/es\/top-3-sales-tax-challenges-for-food-service-and-retail\/\">Los 3 principales desaf\u00edos del impuesto sobre las ventas para los servicios de alimentaci\u00f3n y el comercio minorista<\/a><\/li>\n<li><a class=\"wp-block-latest-posts__post-title\" href=\"https:\/\/www.davosalestax.com\/es\/navigating-clover-pos-sales-tax-configuration\/\">Navegaci\u00f3n por la configuraci\u00f3n del impuesto sobre las ventas de Clover\u00a0<\/a><\/li>\n<li><a class=\"wp-block-latest-posts__post-title\" href=\"https:\/\/www.davosalestax.com\/es\/a-guide-to-sales-tax-implications-for-ghost-kitchens\/\">Gu\u00eda sobre las implicaciones del impuesto sobre las ventas para las cocinas fantasma<\/a><\/li>\n<\/ul>\n\n\n<div style=\"padding-top:50px;padding-bottom:50px;margin-top:50px;margin-bottom:50px\" class=\"wp-block-editor-blocks-wrapper alignfull\"><div class=\"wrapper-inner\"><div class=\"wrapper-inner-blocks\"><\/div><\/div><\/div>","protected":false},"excerpt":{"rendered":"<p>Thank you! Once DAVO for Lightspeed Restaurant launches, we will contact you with instructions on how to get started. Most Popular Resources Protecting Your Business in a Sales Tax Audit Managing 3rd Party Order Apps Integrating Grubhub, Uber Eats, and Other 3rd Party Apps Into Your POS for Better Sales Tax Management Sales Tax Rebates [&hellip;]<\/p>\n","protected":false},"author":26,"featured_media":0,"parent":0,"menu_order":44,"comment_status":"closed","ping_status":"closed","template":"template-thankyou.php","meta":{"_acf_changed":false,"content-type":"","footnotes":""},"class_list":["post-3680","page","type-page","status-publish","hentry"],"acf":[],"yoast_head":"<!-- This site is optimized with the Yoast SEO Premium plugin v27.3 (Yoast SEO v27.3) - https:\/\/yoast.com\/product\/yoast-seo-premium-wordpress\/ -->\n<title>Thank You - Lightspeed Restaurant | DAVO by Avalara<\/title>\n<meta name=\"robots\" content=\"index, follow, max-snippet:-1, max-image-preview:large, max-video-preview:-1\" \/>\n<link rel=\"canonical\" href=\"https:\/\/www.davosalestax.com\/es\/thank-you-lightspeed-restaurant\/\" \/>\n<meta property=\"og:locale\" content=\"es_MX\" \/>\n<meta property=\"og:type\" content=\"article\" \/>\n<meta property=\"og:title\" content=\"Thank You - Lightspeed Restaurant\" \/>\n<meta property=\"og:description\" content=\"Thank you! Once DAVO for Lightspeed Restaurant launches, we will contact you with instructions on how to get started. Most Popular Resources Protecting Your Business in a Sales Tax Audit Managing 3rd Party Order Apps Integrating Grubhub, Uber Eats, and Other 3rd Party Apps Into Your POS for Better Sales Tax Management Sales Tax Rebates [&hellip;]\" \/>\n<meta property=\"og:url\" content=\"https:\/\/www.davosalestax.com\/es\/thank-you-lightspeed-restaurant\/\" \/>\n<meta property=\"og:site_name\" content=\"DAVO by Avalara\" \/>\n<meta property=\"article:publisher\" content=\"https:\/\/www.facebook.com\/DavoSalesTax\/\" \/>\n<meta property=\"og:image\" content=\"https:\/\/www.davosalestax.com\/wp-content\/uploads\/2021\/04\/Davo-Logo_2021_color.png\" \/>\n\t<meta property=\"og:image:width\" content=\"1224\" \/>\n\t<meta property=\"og:image:height\" content=\"443\" \/>\n\t<meta property=\"og:image:type\" content=\"image\/png\" \/>\n<meta name=\"twitter:card\" content=\"summary_large_image\" \/>\n<meta name=\"twitter:site\" content=\"@davosalestax\" \/>\n<meta name=\"twitter:label1\" content=\"Tiempo de lectura\" \/>\n\t<meta name=\"twitter:data1\" content=\"1 minuto\" \/>\n<script type=\"application\/ld+json\" class=\"yoast-schema-graph\">{\"@context\":\"https:\\\/\\\/schema.org\",\"@graph\":[{\"@type\":\"WebPage\",\"@id\":\"https:\\\/\\\/www.davosalestax.com\\\/es\\\/thank-you-lightspeed-restaurant\\\/\",\"url\":\"https:\\\/\\\/www.davosalestax.com\\\/es\\\/thank-you-lightspeed-restaurant\\\/\",\"name\":\"Thank You - Lightspeed Restaurant | DAVO by Avalara\",\"isPartOf\":{\"@id\":\"https:\\\/\\\/www.davosalestax.com\\\/#website\"},\"datePublished\":\"2021-02-16T20:56:05+00:00\",\"breadcrumb\":{\"@id\":\"https:\\\/\\\/www.davosalestax.com\\\/es\\\/thank-you-lightspeed-restaurant\\\/#breadcrumb\"},\"inLanguage\":\"es\",\"potentialAction\":[{\"@type\":\"ReadAction\",\"target\":[\"https:\\\/\\\/www.davosalestax.com\\\/es\\\/thank-you-lightspeed-restaurant\\\/\"]}]},{\"@type\":\"BreadcrumbList\",\"@id\":\"https:\\\/\\\/www.davosalestax.com\\\/es\\\/thank-you-lightspeed-restaurant\\\/#breadcrumb\",\"itemListElement\":[{\"@type\":\"ListItem\",\"position\":1,\"name\":\"Home\",\"item\":\"https:\\\/\\\/www.davosalestax.com\\\/\"},{\"@type\":\"ListItem\",\"position\":2,\"name\":\"Thank You &#8211; Lightspeed Restaurant\"}]},{\"@type\":\"WebSite\",\"@id\":\"https:\\\/\\\/www.davosalestax.com\\\/#website\",\"url\":\"https:\\\/\\\/www.davosalestax.com\\\/\",\"name\":\"DAVO Sales Tax\",\"description\":\"Automated Sales Tax\",\"publisher\":{\"@id\":\"https:\\\/\\\/www.davosalestax.com\\\/#organization\"},\"alternateName\":\"DAVO by Avalara\",\"potentialAction\":[{\"@type\":\"SearchAction\",\"target\":{\"@type\":\"EntryPoint\",\"urlTemplate\":\"https:\\\/\\\/www.davosalestax.com\\\/?s={search_term_string}\"},\"query-input\":{\"@type\":\"PropertyValueSpecification\",\"valueRequired\":true,\"valueName\":\"search_term_string\"}}],\"inLanguage\":\"es\"},{\"@type\":\"Organization\",\"@id\":\"https:\\\/\\\/www.davosalestax.com\\\/#organization\",\"name\":\"DAVO by Avalara\",\"url\":\"https:\\\/\\\/www.davosalestax.com\\\/\",\"logo\":{\"@type\":\"ImageObject\",\"inLanguage\":\"es\",\"@id\":\"https:\\\/\\\/www.davosalestax.com\\\/#\\\/schema\\\/logo\\\/image\\\/\",\"url\":\"https:\\\/\\\/www.davosalestax.com\\\/wp-content\\\/uploads\\\/2024\\\/12\\\/Davo-Logo_696-square.png\",\"contentUrl\":\"https:\\\/\\\/www.davosalestax.com\\\/wp-content\\\/uploads\\\/2024\\\/12\\\/Davo-Logo_696-square.png\",\"width\":696,\"height\":696,\"caption\":\"DAVO by Avalara\"},\"image\":{\"@id\":\"https:\\\/\\\/www.davosalestax.com\\\/#\\\/schema\\\/logo\\\/image\\\/\"},\"sameAs\":[\"https:\\\/\\\/www.facebook.com\\\/DavoSalesTax\\\/\",\"https:\\\/\\\/x.com\\\/davosalestax\",\"https:\\\/\\\/www.linkedin.com\\\/company\\\/davo-technologies\\\/about\\\/\",\"https:\\\/\\\/www.youtube.com\\\/c\\\/DAVOSalesTax\",\"https:\\\/\\\/www.instagram.com\\\/davosalestax\\\/\"]}]}<\/script>\n<!-- \/ Yoast SEO Premium plugin. -->","yoast_head_json":{"title":"Gracias - Restaurante Lightspeed | DAVO by Avalara","robots":{"index":"index","follow":"follow","max-snippet":"max-snippet:-1","max-image-preview":"max-image-preview:large","max-video-preview":"max-video-preview:-1"},"canonical":"https:\/\/www.davosalestax.com\/es\/thank-you-lightspeed-restaurant\/","og_locale":"es_MX","og_type":"article","og_title":"Thank You - Lightspeed Restaurant","og_description":"Thank you! Once DAVO for Lightspeed Restaurant launches, we will contact you with instructions on how to get started. Most Popular Resources Protecting Your Business in a Sales Tax Audit Managing 3rd Party Order Apps Integrating Grubhub, Uber Eats, and Other 3rd Party Apps Into Your POS for Better Sales Tax Management Sales Tax Rebates [&hellip;]","og_url":"https:\/\/www.davosalestax.com\/es\/thank-you-lightspeed-restaurant\/","og_site_name":"DAVO by Avalara","article_publisher":"https:\/\/www.facebook.com\/DavoSalesTax\/","og_image":[{"width":1224,"height":443,"url":"https:\/\/www.davosalestax.com\/wp-content\/uploads\/2021\/04\/Davo-Logo_2021_color.png","type":"image\/png"}],"twitter_card":"summary_large_image","twitter_site":"@davosalestax","twitter_misc":{"Tiempo de lectura":"1 minuto"},"schema":{"@context":"https:\/\/schema.org","@graph":[{"@type":"WebPage","@id":"https:\/\/www.davosalestax.com\/es\/thank-you-lightspeed-restaurant\/","url":"https:\/\/www.davosalestax.com\/es\/thank-you-lightspeed-restaurant\/","name":"Gracias - Restaurante Lightspeed | DAVO by Avalara","isPartOf":{"@id":"https:\/\/www.davosalestax.com\/#website"},"datePublished":"2021-02-16T20:56:05+00:00","breadcrumb":{"@id":"https:\/\/www.davosalestax.com\/es\/thank-you-lightspeed-restaurant\/#breadcrumb"},"inLanguage":"es","potentialAction":[{"@type":"ReadAction","target":["https:\/\/www.davosalestax.com\/es\/thank-you-lightspeed-restaurant\/"]}]},{"@type":"BreadcrumbList","@id":"https:\/\/www.davosalestax.com\/es\/thank-you-lightspeed-restaurant\/#breadcrumb","itemListElement":[{"@type":"ListItem","position":1,"name":"Home","item":"https:\/\/www.davosalestax.com\/"},{"@type":"ListItem","position":2,"name":"Thank You &#8211; Lightspeed Restaurant"}]},{"@type":"WebSite","@id":"https:\/\/www.davosalestax.com\/#website","url":"https:\/\/www.davosalestax.com\/","name":"DAVO Sales Tax","description":"Impuesto sobre las ventas automatizado","publisher":{"@id":"https:\/\/www.davosalestax.com\/#organization"},"alternateName":"DAVO by Avalara","potentialAction":[{"@type":"SearchAction","target":{"@type":"EntryPoint","urlTemplate":"https:\/\/www.davosalestax.com\/?s={search_term_string}"},"query-input":{"@type":"PropertyValueSpecification","valueRequired":true,"valueName":"search_term_string"}}],"inLanguage":"es"},{"@type":"Organization","@id":"https:\/\/www.davosalestax.com\/#organization","name":"DAVO de Avalara","url":"https:\/\/www.davosalestax.com\/","logo":{"@type":"ImageObject","inLanguage":"es","@id":"https:\/\/www.davosalestax.com\/#\/schema\/logo\/image\/","url":"https:\/\/www.davosalestax.com\/wp-content\/uploads\/2024\/12\/Davo-Logo_696-square.png","contentUrl":"https:\/\/www.davosalestax.com\/wp-content\/uploads\/2024\/12\/Davo-Logo_696-square.png","width":696,"height":696,"caption":"DAVO by Avalara"},"image":{"@id":"https:\/\/www.davosalestax.com\/#\/schema\/logo\/image\/"},"sameAs":["https:\/\/www.facebook.com\/DavoSalesTax\/","https:\/\/x.com\/davosalestax","https:\/\/www.linkedin.com\/company\/davo-technologies\/about\/","https:\/\/www.youtube.com\/c\/DAVOSalesTax","https:\/\/www.instagram.com\/davosalestax\/"]}]}},"_links":{"self":[{"href":"https:\/\/www.davosalestax.com\/es\/wp-json\/wp\/v2\/pages\/3680","targetHints":{"allow":["GET"]}}],"collection":[{"href":"https:\/\/www.davosalestax.com\/es\/wp-json\/wp\/v2\/pages"}],"about":[{"href":"https:\/\/www.davosalestax.com\/es\/wp-json\/wp\/v2\/types\/page"}],"author":[{"embeddable":true,"href":"https:\/\/www.davosalestax.com\/es\/wp-json\/wp\/v2\/users\/26"}],"replies":[{"embeddable":true,"href":"https:\/\/www.davosalestax.com\/es\/wp-json\/wp\/v2\/comments?post=3680"}],"version-history":[{"count":0,"href":"https:\/\/www.davosalestax.com\/es\/wp-json\/wp\/v2\/pages\/3680\/revisions"}],"wp:attachment":[{"href":"https:\/\/www.davosalestax.com\/es\/wp-json\/wp\/v2\/media?parent=3680"}],"curies":[{"name":"wp","href":"https:\/\/api.w.org\/{rel}","templated":true}]}}