{"id":3702,"date":"2021-03-10T21:01:52","date_gmt":"2021-03-10T21:01:52","guid":{"rendered":"https:\/\/www.davosalestax.com\/?page_id=3702"},"modified":"2026-02-20T16:29:33","modified_gmt":"2026-02-20T16:29:33","slug":"schedule-a-demo","status":"publish","type":"page","link":"https:\/\/www.davosalestax.com\/es\/schedule-a-demo\/","title":{"rendered":"Programe una demostraci\u00f3n con DAVO"},"content":{"rendered":"<h2 class=\"wp-block-heading\">Programe una demostraci\u00f3n con el impuesto sobre las ventas de DAVO<\/h2>\n\n\n\n<p class=\"has-text-align-center\">\u00bfDesea obtener m\u00e1s informaci\u00f3n sobre el impuesto a las ventas de DAVO o la automatizaci\u00f3n de su impuesto a las ventas? <\/p>\n\n\n\n<p class=\"has-text-align-center\">\u00a1Programe una demostraci\u00f3n con nuestro equipo, por un tiempo que funcione para usted!<\/p>\n\n\n\n<div class=\"wp-block-group\"><div class=\"wp-block-group__inner-container is-layout-flow wp-block-group-is-layout-flow\"><\/div><\/div>\n\n\n\n<!-- Start of Meetings Embed Script -->\n    <div class=\"meetings-iframe-container\" data-src=\"https:\/\/meetings.hubspot.com\/davo\/schedule-a-demo?embed=true\"><\/div>\n    <script type=\"text\/javascript\" src=\"https:\/\/static.hsappstatic.net\/MeetingsEmbed\/ex\/MeetingsEmbedCode.js\"><\/script>\n  <!-- End of Meetings Embed Script -->\n\n\n\n<div style=\"height:100px\" aria-hidden=\"true\" class=\"wp-block-spacer\"><\/div>\n\n\n\n<p>Aqu\u00ed hay algunos otros recursos \u00fatiles que pueden ser \u00fatiles para usted:<\/p>\n\n\n\n<ul class=\"wp-block-list\">\n<li><a href=\"https:\/\/www.davosalestax.com\/es\/faq\/\">Preguntas frecuentes sobre DAVO<\/a><\/li>\n\n\n\n<li><a href=\"https:\/\/www.davosalestax.com\/es\/category\/technical-support\/\">Asistencia t\u00e9cnica de DAVO<\/a><\/li>\n\n\n\n<li><a href=\"https:\/\/www.davosalestax.com\/es\/state-specific-sales-tax-information\/\">Informaci\u00f3n de los impuestos sobre las ventas espec\u00edficos del estado<\/a><\/li>\n\n\n\n<li><a href=\"https:\/\/www.davosalestax.com\/es\/states-that-offer-on-time-sales-tax-filing-discounts\/\">Estados que ofrecen descuentos por presentaci\u00f3n puntual<\/a><\/li>\n<\/ul>\n\n\n\n<div style=\"height:100px\" aria-hidden=\"true\" class=\"wp-block-spacer\"><\/div>","protected":false},"excerpt":{"rendered":"<p>Programe una demostraci\u00f3n con DAVO Sales Tax \u00bfDesea obtener m\u00e1s informaci\u00f3n sobre DAVO Sales Tax o c\u00f3mo automatizar su impuesto sobre las ventas? \u00a1Programe una demostraci\u00f3n con nuestro equipo, por un tiempo que funcione para usted! Aqu\u00ed hay algunos otros recursos \u00fatiles que pueden ser \u00fatiles para usted:<\/p>","protected":false},"author":26,"featured_media":0,"parent":0,"menu_order":45,"comment_status":"closed","ping_status":"closed","template":"","meta":{"_acf_changed":false,"content-type":"","footnotes":""},"class_list":["post-3702","page","type-page","status-publish","hentry"],"acf":[],"yoast_head":"<!-- This site is optimized with the Yoast SEO Premium plugin v27.3 (Yoast SEO v27.3) - https:\/\/yoast.com\/product\/yoast-seo-premium-wordpress\/ -->\n<title>Schedule a Demo with DAVO | DAVO by Avalara<\/title>\n<meta name=\"robots\" content=\"index, follow, max-snippet:-1, max-image-preview:large, max-video-preview:-1\" \/>\n<link rel=\"canonical\" href=\"https:\/\/www.davosalestax.com\/es\/schedule-a-demo\/\" \/>\n<meta property=\"og:locale\" content=\"es_MX\" \/>\n<meta property=\"og:type\" content=\"article\" \/>\n<meta property=\"og:title\" content=\"Schedule a Demo with DAVO\" \/>\n<meta property=\"og:description\" content=\"Schedule a demo with DAVO Sales Tax Want to learn more about DAVO Sales Tax or automating your sales tax? Schedule a demo with our team, for a time that works for you! Here are some other helpful resources that might be helpful to you:\" \/>\n<meta property=\"og:url\" content=\"https:\/\/www.davosalestax.com\/es\/schedule-a-demo\/\" \/>\n<meta property=\"og:site_name\" content=\"DAVO by Avalara\" \/>\n<meta property=\"article:publisher\" content=\"https:\/\/www.facebook.com\/DavoSalesTax\/\" \/>\n<meta property=\"article:modified_time\" content=\"2026-02-20T16:29:33+00:00\" \/>\n<meta property=\"og:image\" content=\"https:\/\/www.davosalestax.com\/wp-content\/uploads\/2021\/04\/Davo-Logo_2021_color.png\" \/>\n\t<meta property=\"og:image:width\" content=\"1224\" \/>\n\t<meta property=\"og:image:height\" content=\"443\" \/>\n\t<meta property=\"og:image:type\" content=\"image\/png\" \/>\n<meta name=\"twitter:card\" content=\"summary_large_image\" \/>\n<meta name=\"twitter:site\" content=\"@davosalestax\" \/>\n<meta name=\"twitter:label1\" content=\"Tiempo de lectura\" \/>\n\t<meta name=\"twitter:data1\" content=\"1 minuto\" \/>\n<script type=\"application\/ld+json\" class=\"yoast-schema-graph\">{\"@context\":\"https:\\\/\\\/schema.org\",\"@graph\":[{\"@type\":\"WebPage\",\"@id\":\"https:\\\/\\\/www.davosalestax.com\\\/schedule-a-demo\\\/\",\"url\":\"https:\\\/\\\/www.davosalestax.com\\\/schedule-a-demo\\\/\",\"name\":\"Schedule a Demo with DAVO | DAVO by Avalara\",\"isPartOf\":{\"@id\":\"https:\\\/\\\/www.davosalestax.com\\\/#website\"},\"datePublished\":\"2021-03-10T21:01:52+00:00\",\"dateModified\":\"2026-02-20T16:29:33+00:00\",\"breadcrumb\":{\"@id\":\"https:\\\/\\\/www.davosalestax.com\\\/schedule-a-demo\\\/#breadcrumb\"},\"inLanguage\":\"es\",\"potentialAction\":[{\"@type\":\"ReadAction\",\"target\":[\"https:\\\/\\\/www.davosalestax.com\\\/schedule-a-demo\\\/\"]}]},{\"@type\":\"BreadcrumbList\",\"@id\":\"https:\\\/\\\/www.davosalestax.com\\\/schedule-a-demo\\\/#breadcrumb\",\"itemListElement\":[{\"@type\":\"ListItem\",\"position\":1,\"name\":\"Home\",\"item\":\"https:\\\/\\\/www.davosalestax.com\\\/\"},{\"@type\":\"ListItem\",\"position\":2,\"name\":\"Schedule a Demo with DAVO\"}]},{\"@type\":\"WebSite\",\"@id\":\"https:\\\/\\\/www.davosalestax.com\\\/#website\",\"url\":\"https:\\\/\\\/www.davosalestax.com\\\/\",\"name\":\"DAVO Sales Tax\",\"description\":\"Automated Sales Tax\",\"publisher\":{\"@id\":\"https:\\\/\\\/www.davosalestax.com\\\/#organization\"},\"alternateName\":\"DAVO by Avalara\",\"potentialAction\":[{\"@type\":\"SearchAction\",\"target\":{\"@type\":\"EntryPoint\",\"urlTemplate\":\"https:\\\/\\\/www.davosalestax.com\\\/?s={search_term_string}\"},\"query-input\":{\"@type\":\"PropertyValueSpecification\",\"valueRequired\":true,\"valueName\":\"search_term_string\"}}],\"inLanguage\":\"es\"},{\"@type\":\"Organization\",\"@id\":\"https:\\\/\\\/www.davosalestax.com\\\/#organization\",\"name\":\"DAVO by Avalara\",\"url\":\"https:\\\/\\\/www.davosalestax.com\\\/\",\"logo\":{\"@type\":\"ImageObject\",\"inLanguage\":\"es\",\"@id\":\"https:\\\/\\\/www.davosalestax.com\\\/#\\\/schema\\\/logo\\\/image\\\/\",\"url\":\"https:\\\/\\\/www.davosalestax.com\\\/wp-content\\\/uploads\\\/2024\\\/12\\\/Davo-Logo_696-square.png\",\"contentUrl\":\"https:\\\/\\\/www.davosalestax.com\\\/wp-content\\\/uploads\\\/2024\\\/12\\\/Davo-Logo_696-square.png\",\"width\":696,\"height\":696,\"caption\":\"DAVO by Avalara\"},\"image\":{\"@id\":\"https:\\\/\\\/www.davosalestax.com\\\/#\\\/schema\\\/logo\\\/image\\\/\"},\"sameAs\":[\"https:\\\/\\\/www.facebook.com\\\/DavoSalesTax\\\/\",\"https:\\\/\\\/x.com\\\/davosalestax\",\"https:\\\/\\\/www.linkedin.com\\\/company\\\/davo-technologies\\\/about\\\/\",\"https:\\\/\\\/www.youtube.com\\\/c\\\/DAVOSalesTax\",\"https:\\\/\\\/www.instagram.com\\\/davosalestax\\\/\"]}]}<\/script>\n<!-- \/ Yoast SEO Premium plugin. -->","yoast_head_json":{"title":"Programe una demostraci\u00f3n con DAVO | DAVO de Avalara","robots":{"index":"index","follow":"follow","max-snippet":"max-snippet:-1","max-image-preview":"max-image-preview:large","max-video-preview":"max-video-preview:-1"},"canonical":"https:\/\/www.davosalestax.com\/es\/schedule-a-demo\/","og_locale":"es_MX","og_type":"article","og_title":"Schedule a Demo with DAVO","og_description":"Schedule a demo with DAVO Sales Tax Want to learn more about DAVO Sales Tax or automating your sales tax? Schedule a demo with our team, for a time that works for you! Here are some other helpful resources that might be helpful to you:","og_url":"https:\/\/www.davosalestax.com\/es\/schedule-a-demo\/","og_site_name":"DAVO by Avalara","article_publisher":"https:\/\/www.facebook.com\/DavoSalesTax\/","article_modified_time":"2026-02-20T16:29:33+00:00","og_image":[{"width":1224,"height":443,"url":"https:\/\/www.davosalestax.com\/wp-content\/uploads\/2021\/04\/Davo-Logo_2021_color.png","type":"image\/png"}],"twitter_card":"summary_large_image","twitter_site":"@davosalestax","twitter_misc":{"Tiempo de lectura":"1 minuto"},"schema":{"@context":"https:\/\/schema.org","@graph":[{"@type":"WebPage","@id":"https:\/\/www.davosalestax.com\/schedule-a-demo\/","url":"https:\/\/www.davosalestax.com\/schedule-a-demo\/","name":"Programe una demostraci\u00f3n con DAVO | DAVO de Avalara","isPartOf":{"@id":"https:\/\/www.davosalestax.com\/#website"},"datePublished":"2021-03-10T21:01:52+00:00","dateModified":"2026-02-20T16:29:33+00:00","breadcrumb":{"@id":"https:\/\/www.davosalestax.com\/schedule-a-demo\/#breadcrumb"},"inLanguage":"es","potentialAction":[{"@type":"ReadAction","target":["https:\/\/www.davosalestax.com\/schedule-a-demo\/"]}]},{"@type":"BreadcrumbList","@id":"https:\/\/www.davosalestax.com\/schedule-a-demo\/#breadcrumb","itemListElement":[{"@type":"ListItem","position":1,"name":"Home","item":"https:\/\/www.davosalestax.com\/"},{"@type":"ListItem","position":2,"name":"Schedule a Demo with DAVO"}]},{"@type":"WebSite","@id":"https:\/\/www.davosalestax.com\/#website","url":"https:\/\/www.davosalestax.com\/","name":"DAVO Sales Tax","description":"Impuesto sobre las ventas automatizado","publisher":{"@id":"https:\/\/www.davosalestax.com\/#organization"},"alternateName":"DAVO by Avalara","potentialAction":[{"@type":"SearchAction","target":{"@type":"EntryPoint","urlTemplate":"https:\/\/www.davosalestax.com\/?s={search_term_string}"},"query-input":{"@type":"PropertyValueSpecification","valueRequired":true,"valueName":"search_term_string"}}],"inLanguage":"es"},{"@type":"Organization","@id":"https:\/\/www.davosalestax.com\/#organization","name":"DAVO de Avalara","url":"https:\/\/www.davosalestax.com\/","logo":{"@type":"ImageObject","inLanguage":"es","@id":"https:\/\/www.davosalestax.com\/#\/schema\/logo\/image\/","url":"https:\/\/www.davosalestax.com\/wp-content\/uploads\/2024\/12\/Davo-Logo_696-square.png","contentUrl":"https:\/\/www.davosalestax.com\/wp-content\/uploads\/2024\/12\/Davo-Logo_696-square.png","width":696,"height":696,"caption":"DAVO by Avalara"},"image":{"@id":"https:\/\/www.davosalestax.com\/#\/schema\/logo\/image\/"},"sameAs":["https:\/\/www.facebook.com\/DavoSalesTax\/","https:\/\/x.com\/davosalestax","https:\/\/www.linkedin.com\/company\/davo-technologies\/about\/","https:\/\/www.youtube.com\/c\/DAVOSalesTax","https:\/\/www.instagram.com\/davosalestax\/"]}]}},"_links":{"self":[{"href":"https:\/\/www.davosalestax.com\/es\/wp-json\/wp\/v2\/pages\/3702","targetHints":{"allow":["GET"]}}],"collection":[{"href":"https:\/\/www.davosalestax.com\/es\/wp-json\/wp\/v2\/pages"}],"about":[{"href":"https:\/\/www.davosalestax.com\/es\/wp-json\/wp\/v2\/types\/page"}],"author":[{"embeddable":true,"href":"https:\/\/www.davosalestax.com\/es\/wp-json\/wp\/v2\/users\/26"}],"replies":[{"embeddable":true,"href":"https:\/\/www.davosalestax.com\/es\/wp-json\/wp\/v2\/comments?post=3702"}],"version-history":[{"count":0,"href":"https:\/\/www.davosalestax.com\/es\/wp-json\/wp\/v2\/pages\/3702\/revisions"}],"wp:attachment":[{"href":"https:\/\/www.davosalestax.com\/es\/wp-json\/wp\/v2\/media?parent=3702"}],"curies":[{"name":"wp","href":"https:\/\/api.w.org\/{rel}","templated":true}]}}