{"id":4761,"date":"2022-03-11T21:05:49","date_gmt":"2022-03-11T21:05:49","guid":{"rendered":"https:\/\/www.davosalestax.com\/?page_id=4761"},"modified":"2022-03-11T21:05:49","modified_gmt":"2022-03-11T21:05:49","slug":"price-change","status":"publish","type":"page","link":"https:\/\/www.davosalestax.com\/es\/price-change\/","title":{"rendered":"Cambio de precio de DAVO de Avalara"},"content":{"rendered":"<h2 class=\"wp-block-heading\"><span style=\"color:#1a2f5b\" class=\"color\">Cambio de precio de DAVO de Avalara<\/span><\/h2>\n\n\n\n<p>Estamos haciendo nuestro primer ajuste a nuestros precios en 4 a\u00f1os para continuar brindando el m\u00e1s alto nivel de servicio en el que ha llegado a confiar y depender de DAVO by Avalara.<\/p>\n\n\n\n<p>El precio de todas las conexiones DAVO by Avalara aumentar\u00e1 a $49.99 por mes.<\/p>\n\n\n\n<p>Gracias por ser un gran cliente y por confiarnos su gesti\u00f3n de impuestos sobre las ventas. Esperamos continuar eliminando el impuesto a las ventas de su plato en 2022 y m\u00e1s all\u00e1.<\/p>\n\n\n\n<p>Al responder &quot;S\u00cd&quot;, comprende y acepta continuar usando el servicio DAVO de Avalara a un nuevo precio de suscripci\u00f3n de $49.99 por mes por conexi\u00f3n a partir del pr\u00f3ximo ciclo de facturaci\u00f3n. Si no acepta este cambio de precio, se reducir\u00e1 o suspender\u00e1 el servicio.<\/p>\n\n\n\n<p>Otros t\u00e9rminos y condiciones est\u00e1n disponibles en DAVO by Avalara&#039;s <a href=\"https:\/\/www.davosalestax.com\/es\/condiciones-de-uso-davo-technologies\/\">Acuerdo de licencia de usuario final<\/a> y <a href=\"https:\/\/www.davosalestax.com\/es\/politica-privacidad-davo-technologies\/\">Pol\u00edtica de privacidad<\/a><\/p>\n\n\n\n<p>Si tiene alguna pregunta, env\u00ede un correo electr\u00f3nico <a href=\"mailto:support@davosalestax.com\">support@davosalestax.com<\/a>.<\/p>","protected":false},"excerpt":{"rendered":"<p>DAVO by Avalara Price Change We are making our first adjustment to our pricing in 4 years to continue to deliver the highest level of service you have come to trust and rely on from DAVO by Avalara. The price of all DAVO by Avalara connections will increase to $49.99 per month. Thank you for [&hellip;]<\/p>\n","protected":false},"author":26,"featured_media":0,"parent":0,"menu_order":55,"comment_status":"closed","ping_status":"closed","template":"","meta":{"_acf_changed":false,"content-type":"","footnotes":""},"class_list":["post-4761","page","type-page","status-publish","hentry"],"acf":[],"yoast_head":"<!-- This site is optimized with the Yoast SEO Premium plugin v27.0 (Yoast SEO v27.0) - https:\/\/yoast.com\/product\/yoast-seo-premium-wordpress\/ -->\n<title>DAVO by Avalara Price Change | DAVO by Avalara<\/title>\n<meta name=\"robots\" content=\"noindex, nofollow\" \/>\n<meta property=\"og:locale\" content=\"es_MX\" \/>\n<meta property=\"og:type\" content=\"article\" \/>\n<meta property=\"og:title\" content=\"DAVO by Avalara Price Change\" \/>\n<meta property=\"og:description\" content=\"DAVO by Avalara Price Change We are making our first adjustment to our pricing in 4 years to continue to deliver the highest level of service you have come to trust and rely on from DAVO by Avalara. The price of all DAVO by Avalara connections will increase to $49.99 per month. Thank you for [&hellip;]\" \/>\n<meta property=\"og:url\" content=\"https:\/\/www.davosalestax.com\/es\/price-change\/\" \/>\n<meta property=\"og:site_name\" content=\"DAVO by Avalara\" \/>\n<meta property=\"article:publisher\" content=\"https:\/\/www.facebook.com\/DavoSalesTax\/\" \/>\n<meta property=\"og:image\" content=\"https:\/\/www.davosalestax.com\/wp-content\/uploads\/2021\/04\/Davo-Logo_2021_color.png\" \/>\n\t<meta property=\"og:image:width\" content=\"1224\" \/>\n\t<meta property=\"og:image:height\" content=\"443\" \/>\n\t<meta property=\"og:image:type\" content=\"image\/png\" \/>\n<meta name=\"twitter:card\" content=\"summary_large_image\" \/>\n<meta name=\"twitter:site\" content=\"@davosalestax\" \/>\n<meta name=\"twitter:label1\" content=\"Tiempo de lectura\" \/>\n\t<meta name=\"twitter:data1\" content=\"1 minuto\" \/>\n<script type=\"application\/ld+json\" class=\"yoast-schema-graph\">{\"@context\":\"https:\/\/schema.org\",\"@graph\":[{\"@type\":\"WebPage\",\"@id\":\"https:\/\/www.davosalestax.com\/es\/price-change\/\",\"url\":\"https:\/\/www.davosalestax.com\/es\/price-change\/\",\"name\":\"DAVO by Avalara Price Change | DAVO by Avalara\",\"isPartOf\":{\"@id\":\"https:\/\/www.davosalestax.com\/#website\"},\"datePublished\":\"2022-03-11T21:05:49+00:00\",\"breadcrumb\":{\"@id\":\"https:\/\/www.davosalestax.com\/es\/price-change\/#breadcrumb\"},\"inLanguage\":\"es\",\"potentialAction\":[{\"@type\":\"ReadAction\",\"target\":[\"https:\/\/www.davosalestax.com\/es\/price-change\/\"]}]},{\"@type\":\"BreadcrumbList\",\"@id\":\"https:\/\/www.davosalestax.com\/es\/price-change\/#breadcrumb\",\"itemListElement\":[{\"@type\":\"ListItem\",\"position\":1,\"name\":\"Home\",\"item\":\"https:\/\/www.davosalestax.com\/\"},{\"@type\":\"ListItem\",\"position\":2,\"name\":\"DAVO by Avalara Price Change\"}]},{\"@type\":\"WebSite\",\"@id\":\"https:\/\/www.davosalestax.com\/#website\",\"url\":\"https:\/\/www.davosalestax.com\/\",\"name\":\"DAVO Sales Tax\",\"description\":\"Automated Sales Tax\",\"publisher\":{\"@id\":\"https:\/\/www.davosalestax.com\/#organization\"},\"alternateName\":\"DAVO by Avalara\",\"potentialAction\":[{\"@type\":\"SearchAction\",\"target\":{\"@type\":\"EntryPoint\",\"urlTemplate\":\"https:\/\/www.davosalestax.com\/?s={search_term_string}\"},\"query-input\":{\"@type\":\"PropertyValueSpecification\",\"valueRequired\":true,\"valueName\":\"search_term_string\"}}],\"inLanguage\":\"es\"},{\"@type\":\"Organization\",\"@id\":\"https:\/\/www.davosalestax.com\/#organization\",\"name\":\"DAVO by Avalara\",\"url\":\"https:\/\/www.davosalestax.com\/\",\"logo\":{\"@type\":\"ImageObject\",\"inLanguage\":\"es\",\"@id\":\"https:\/\/www.davosalestax.com\/#\/schema\/logo\/image\/\",\"url\":\"https:\/\/www.davosalestax.com\/wp-content\/uploads\/2024\/12\/Davo-Logo_696-square.png\",\"contentUrl\":\"https:\/\/www.davosalestax.com\/wp-content\/uploads\/2024\/12\/Davo-Logo_696-square.png\",\"width\":696,\"height\":696,\"caption\":\"DAVO by Avalara\"},\"image\":{\"@id\":\"https:\/\/www.davosalestax.com\/#\/schema\/logo\/image\/\"},\"sameAs\":[\"https:\/\/www.facebook.com\/DavoSalesTax\/\",\"https:\/\/x.com\/davosalestax\",\"https:\/\/www.linkedin.com\/company\/davo-technologies\/about\/\",\"https:\/\/www.youtube.com\/c\/DAVOSalesTax\",\"https:\/\/www.instagram.com\/davosalestax\/\"]}]}<\/script>\n<!-- \/ Yoast SEO Premium plugin. -->","yoast_head_json":{"title":"DAVO por Avalara Cambio de precio | DAVO de Avalara","robots":{"index":"noindex","follow":"nofollow"},"og_locale":"es_MX","og_type":"article","og_title":"DAVO by Avalara Price Change","og_description":"DAVO by Avalara Price Change We are making our first adjustment to our pricing in 4 years to continue to deliver the highest level of service you have come to trust and rely on from DAVO by Avalara. The price of all DAVO by Avalara connections will increase to $49.99 per month. Thank you for [&hellip;]","og_url":"https:\/\/www.davosalestax.com\/es\/price-change\/","og_site_name":"DAVO by Avalara","article_publisher":"https:\/\/www.facebook.com\/DavoSalesTax\/","og_image":[{"width":1224,"height":443,"url":"https:\/\/www.davosalestax.com\/wp-content\/uploads\/2021\/04\/Davo-Logo_2021_color.png","type":"image\/png"}],"twitter_card":"summary_large_image","twitter_site":"@davosalestax","twitter_misc":{"Tiempo de lectura":"1 minuto"},"schema":{"@context":"https:\/\/schema.org","@graph":[{"@type":"WebPage","@id":"https:\/\/www.davosalestax.com\/es\/price-change\/","url":"https:\/\/www.davosalestax.com\/es\/price-change\/","name":"DAVO por Avalara Cambio de precio | DAVO de Avalara","isPartOf":{"@id":"https:\/\/www.davosalestax.com\/#website"},"datePublished":"2022-03-11T21:05:49+00:00","breadcrumb":{"@id":"https:\/\/www.davosalestax.com\/es\/price-change\/#breadcrumb"},"inLanguage":"es","potentialAction":[{"@type":"ReadAction","target":["https:\/\/www.davosalestax.com\/es\/price-change\/"]}]},{"@type":"BreadcrumbList","@id":"https:\/\/www.davosalestax.com\/es\/price-change\/#breadcrumb","itemListElement":[{"@type":"ListItem","position":1,"name":"Home","item":"https:\/\/www.davosalestax.com\/"},{"@type":"ListItem","position":2,"name":"DAVO by Avalara Price Change"}]},{"@type":"WebSite","@id":"https:\/\/www.davosalestax.com\/#website","url":"https:\/\/www.davosalestax.com\/","name":"DAVO Sales Tax","description":"Impuesto sobre las ventas automatizado","publisher":{"@id":"https:\/\/www.davosalestax.com\/#organization"},"alternateName":"DAVO by Avalara","potentialAction":[{"@type":"SearchAction","target":{"@type":"EntryPoint","urlTemplate":"https:\/\/www.davosalestax.com\/?s={search_term_string}"},"query-input":{"@type":"PropertyValueSpecification","valueRequired":true,"valueName":"search_term_string"}}],"inLanguage":"es"},{"@type":"Organization","@id":"https:\/\/www.davosalestax.com\/#organization","name":"DAVO de Avalara","url":"https:\/\/www.davosalestax.com\/","logo":{"@type":"ImageObject","inLanguage":"es","@id":"https:\/\/www.davosalestax.com\/#\/schema\/logo\/image\/","url":"https:\/\/www.davosalestax.com\/wp-content\/uploads\/2024\/12\/Davo-Logo_696-square.png","contentUrl":"https:\/\/www.davosalestax.com\/wp-content\/uploads\/2024\/12\/Davo-Logo_696-square.png","width":696,"height":696,"caption":"DAVO by Avalara"},"image":{"@id":"https:\/\/www.davosalestax.com\/#\/schema\/logo\/image\/"},"sameAs":["https:\/\/www.facebook.com\/DavoSalesTax\/","https:\/\/x.com\/davosalestax","https:\/\/www.linkedin.com\/company\/davo-technologies\/about\/","https:\/\/www.youtube.com\/c\/DAVOSalesTax","https:\/\/www.instagram.com\/davosalestax\/"]}]}},"_links":{"self":[{"href":"https:\/\/www.davosalestax.com\/es\/wp-json\/wp\/v2\/pages\/4761","targetHints":{"allow":["GET"]}}],"collection":[{"href":"https:\/\/www.davosalestax.com\/es\/wp-json\/wp\/v2\/pages"}],"about":[{"href":"https:\/\/www.davosalestax.com\/es\/wp-json\/wp\/v2\/types\/page"}],"author":[{"embeddable":true,"href":"https:\/\/www.davosalestax.com\/es\/wp-json\/wp\/v2\/users\/26"}],"replies":[{"embeddable":true,"href":"https:\/\/www.davosalestax.com\/es\/wp-json\/wp\/v2\/comments?post=4761"}],"version-history":[{"count":0,"href":"https:\/\/www.davosalestax.com\/es\/wp-json\/wp\/v2\/pages\/4761\/revisions"}],"wp:attachment":[{"href":"https:\/\/www.davosalestax.com\/es\/wp-json\/wp\/v2\/media?parent=4761"}],"curies":[{"name":"wp","href":"https:\/\/api.w.org\/{rel}","templated":true}]}}