{"id":4856,"date":"2022-03-30T15:14:49","date_gmt":"2022-03-30T15:14:49","guid":{"rendered":"https:\/\/www.davosalestax.com\/?page_id=4856"},"modified":"2022-03-30T15:14:50","modified_gmt":"2022-03-30T15:14:50","slug":"customer-success-thank-you","status":"publish","type":"page","link":"https:\/\/www.davosalestax.com\/es\/customer-success-thank-you\/","title":{"rendered":"\u00e9xito del cliente gracias"},"content":{"rendered":"<h2 class=\"has-text-align-center wp-block-heading\">\u00a1Reuni\u00f3n reservada!<\/h2>\n\n\n\n<p class=\"has-text-align-center\"> Busque una invitaci\u00f3n de calendario en su bandeja de entrada de correo electr\u00f3nico. \u00a1Esperamos hablar contigo!<\/p>\n\n\n\n<div class=\"wp-block-image\"><figure class=\"aligncenter size-large is-resized\"><img loading=\"lazy\" decoding=\"async\" src=\"https:\/\/www.davosalestax.com\/wp-content\/uploads\/2021\/11\/Copy-of-davo-illustrations_calendar-1024x768.png\" alt=\"comprobando el impuesto sobre las ventas\" class=\"wp-image-4271\" width=\"518\" height=\"388\"\/><\/figure><\/div>\n\n\n\n<hr class=\"wp-block-separator\"\/>\n\n\n\n<p class=\"has-text-align-left\">Mientras tanto, echa un vistazo a algunos recursos \u00fatiles:<\/p>\n\n\n\n<div style=\"height:30px\" aria-hidden=\"true\" class=\"wp-block-spacer\"><\/div>\n\n\n\n<h2 class=\"has-text-align-left wp-block-heading\">Recursos m\u00e1s populares<\/h2>\n\n\n\n<ul class=\"wp-block-list\"><li><a href=\"https:\/\/www.davosalestax.com\/es\/state-specific-sales-tax-information\/\">Informaci\u00f3n de los impuestos sobre las ventas espec\u00edficos del estado<\/a><\/li><li><a href=\"https:\/\/www.davosalestax.com\/es\/states-that-offer-on-time-sales-tax-filing-discounts\/\">Estados que ofrecen descuentos por la presentaci\u00f3n puntual del impuesto sobre las ventas<\/a><\/li><li><a href=\"https:\/\/www.davosalestax.com\/es\/calculadora-impuesto-ventas\/\">Calculadora del impuesto sobre las ventas<\/a><\/li><li><a href=\"https:\/\/www.davosalestax.com\/es\/protecting-your-business-in-a-sales-tax-audit\/\">Proteja su negocio y sus fondos en una auditor\u00eda del impuesto sobre las ventas<\/a><\/li><li><a href=\"https:\/\/www.davosalestax.com\/es\/how-to-integrate-3rd-party-apps-to-pos\/\">C\u00f3mo integrar Grubhub, Uber Eats y otras aplicaciones de terceros en su POS para una mejor gesti\u00f3n del impuesto sobre las ventas<\/a><\/li><\/ul>\n\n\n\n<h2 class=\"has-text-align-left wp-block-heading\">Publicaciones de blog m\u00e1s recientes<\/h2>\n\n\n<ul class=\"wp-block-latest-posts__list wp-block-latest-posts\"><li><a class=\"wp-block-latest-posts__post-title\" href=\"https:\/\/www.davosalestax.com\/es\/managing-3rd-party-apps\/\">Administraci\u00f3n de aplicaciones de servicios de entrega de terceros<\/a><\/li>\n<li><a class=\"wp-block-latest-posts__post-title\" href=\"https:\/\/www.davosalestax.com\/es\/a-small-business-owners-guide-to-sales-tax-challenges\/\">Gu\u00eda para propietarios de peque\u00f1as empresas sobre los desaf\u00edos del impuesto sobre las ventas<\/a><\/li>\n<li><a class=\"wp-block-latest-posts__post-title\" href=\"https:\/\/www.davosalestax.com\/es\/top-3-sales-tax-challenges-for-food-service-and-retail\/\">Los 3 principales desaf\u00edos del impuesto sobre las ventas para los servicios de alimentaci\u00f3n y el comercio minorista<\/a><\/li>\n<li><a class=\"wp-block-latest-posts__post-title\" href=\"https:\/\/www.davosalestax.com\/es\/navigating-clover-pos-sales-tax-configuration\/\">Navegaci\u00f3n por la configuraci\u00f3n del impuesto sobre las ventas de Clover\u00a0<\/a><\/li>\n<li><a class=\"wp-block-latest-posts__post-title\" href=\"https:\/\/www.davosalestax.com\/es\/a-guide-to-sales-tax-implications-for-ghost-kitchens\/\">Gu\u00eda sobre las implicaciones del impuesto sobre las ventas para las cocinas fantasma<\/a><\/li>\n<\/ul>\n\n\n<div style=\"padding-top:50px;padding-bottom:50px;margin-top:50px;margin-bottom:50px\" class=\"wp-block-editor-blocks-wrapper alignfull\"><div class=\"wrapper-inner\"><div class=\"wrapper-inner-blocks\"><\/div><\/div><\/div>","protected":false},"excerpt":{"rendered":"<p>Meeting booked! Look for a calendar invite in your email inbox. We look forward to talking to you! In the meantime, check out some useful resources: Most Popular Resources State Specific Sales Tax Information States that Offer On-Time Sales Tax Filing Discounts Sales Tax Calculator Protecting Your Business and Your Wallet in a Sales Tax [&hellip;]<\/p>\n","protected":false},"author":26,"featured_media":0,"parent":0,"menu_order":58,"comment_status":"closed","ping_status":"closed","template":"template-thankyou.php","meta":{"_acf_changed":false,"content-type":"","footnotes":""},"class_list":["post-4856","page","type-page","status-publish","hentry"],"acf":[],"yoast_head":"<!-- This site is optimized with the Yoast SEO Premium plugin v27.0 (Yoast SEO v27.0) - https:\/\/yoast.com\/product\/yoast-seo-premium-wordpress\/ -->\n<title>Customer Success Thank You | DAVO by Avalara<\/title>\n<meta name=\"robots\" content=\"noindex, nofollow\" \/>\n<meta property=\"og:locale\" content=\"es_MX\" \/>\n<meta property=\"og:type\" content=\"article\" \/>\n<meta property=\"og:title\" content=\"Customer Success Thank You\" \/>\n<meta property=\"og:description\" content=\"Meeting booked! Look for a calendar invite in your email inbox. We look forward to talking to you! In the meantime, check out some useful resources: Most Popular Resources State Specific Sales Tax Information States that Offer On-Time Sales Tax Filing Discounts Sales Tax Calculator Protecting Your Business and Your Wallet in a Sales Tax [&hellip;]\" \/>\n<meta property=\"og:url\" content=\"https:\/\/www.davosalestax.com\/es\/customer-success-thank-you\/\" \/>\n<meta property=\"og:site_name\" content=\"DAVO by Avalara\" \/>\n<meta property=\"article:publisher\" content=\"https:\/\/www.facebook.com\/DavoSalesTax\/\" \/>\n<meta property=\"article:modified_time\" content=\"2022-03-30T15:14:50+00:00\" \/>\n<meta property=\"og:image\" content=\"https:\/\/www.davosalestax.com\/wp-content\/uploads\/2021\/11\/Copy-of-davo-illustrations_calendar-1024x768.png\" \/>\n<meta name=\"twitter:card\" content=\"summary_large_image\" \/>\n<meta name=\"twitter:site\" content=\"@davosalestax\" \/>\n<meta name=\"twitter:label1\" content=\"Tiempo de lectura\" \/>\n\t<meta name=\"twitter:data1\" content=\"1 minuto\" \/>\n<script type=\"application\/ld+json\" class=\"yoast-schema-graph\">{\"@context\":\"https:\/\/schema.org\",\"@graph\":[{\"@type\":\"WebPage\",\"@id\":\"https:\/\/www.davosalestax.com\/es\/customer-success-thank-you\/\",\"url\":\"https:\/\/www.davosalestax.com\/es\/customer-success-thank-you\/\",\"name\":\"Customer Success Thank You | DAVO by Avalara\",\"isPartOf\":{\"@id\":\"https:\/\/www.davosalestax.com\/#website\"},\"primaryImageOfPage\":{\"@id\":\"https:\/\/www.davosalestax.com\/es\/customer-success-thank-you\/#primaryimage\"},\"image\":{\"@id\":\"https:\/\/www.davosalestax.com\/es\/customer-success-thank-you\/#primaryimage\"},\"thumbnailUrl\":\"https:\/\/www.davosalestax.com\/wp-content\/uploads\/2021\/11\/Copy-of-davo-illustrations_calendar-1024x768.png\",\"datePublished\":\"2022-03-30T15:14:49+00:00\",\"dateModified\":\"2022-03-30T15:14:50+00:00\",\"breadcrumb\":{\"@id\":\"https:\/\/www.davosalestax.com\/es\/customer-success-thank-you\/#breadcrumb\"},\"inLanguage\":\"es\",\"potentialAction\":[{\"@type\":\"ReadAction\",\"target\":[\"https:\/\/www.davosalestax.com\/es\/customer-success-thank-you\/\"]}]},{\"@type\":\"ImageObject\",\"inLanguage\":\"es\",\"@id\":\"https:\/\/www.davosalestax.com\/es\/customer-success-thank-you\/#primaryimage\",\"url\":\"https:\/\/www.davosalestax.com\/wp-content\/uploads\/2021\/11\/Copy-of-davo-illustrations_calendar-1024x768.png\",\"contentUrl\":\"https:\/\/www.davosalestax.com\/wp-content\/uploads\/2021\/11\/Copy-of-davo-illustrations_calendar-1024x768.png\"},{\"@type\":\"BreadcrumbList\",\"@id\":\"https:\/\/www.davosalestax.com\/es\/customer-success-thank-you\/#breadcrumb\",\"itemListElement\":[{\"@type\":\"ListItem\",\"position\":1,\"name\":\"Home\",\"item\":\"https:\/\/www.davosalestax.com\/\"},{\"@type\":\"ListItem\",\"position\":2,\"name\":\"Customer Success Thank You\"}]},{\"@type\":\"WebSite\",\"@id\":\"https:\/\/www.davosalestax.com\/#website\",\"url\":\"https:\/\/www.davosalestax.com\/\",\"name\":\"DAVO Sales Tax\",\"description\":\"Automated Sales Tax\",\"publisher\":{\"@id\":\"https:\/\/www.davosalestax.com\/#organization\"},\"alternateName\":\"DAVO by Avalara\",\"potentialAction\":[{\"@type\":\"SearchAction\",\"target\":{\"@type\":\"EntryPoint\",\"urlTemplate\":\"https:\/\/www.davosalestax.com\/?s={search_term_string}\"},\"query-input\":{\"@type\":\"PropertyValueSpecification\",\"valueRequired\":true,\"valueName\":\"search_term_string\"}}],\"inLanguage\":\"es\"},{\"@type\":\"Organization\",\"@id\":\"https:\/\/www.davosalestax.com\/#organization\",\"name\":\"DAVO by Avalara\",\"url\":\"https:\/\/www.davosalestax.com\/\",\"logo\":{\"@type\":\"ImageObject\",\"inLanguage\":\"es\",\"@id\":\"https:\/\/www.davosalestax.com\/#\/schema\/logo\/image\/\",\"url\":\"https:\/\/www.davosalestax.com\/wp-content\/uploads\/2024\/12\/Davo-Logo_696-square.png\",\"contentUrl\":\"https:\/\/www.davosalestax.com\/wp-content\/uploads\/2024\/12\/Davo-Logo_696-square.png\",\"width\":696,\"height\":696,\"caption\":\"DAVO by Avalara\"},\"image\":{\"@id\":\"https:\/\/www.davosalestax.com\/#\/schema\/logo\/image\/\"},\"sameAs\":[\"https:\/\/www.facebook.com\/DavoSalesTax\/\",\"https:\/\/x.com\/davosalestax\",\"https:\/\/www.linkedin.com\/company\/davo-technologies\/about\/\",\"https:\/\/www.youtube.com\/c\/DAVOSalesTax\",\"https:\/\/www.instagram.com\/davosalestax\/\"]}]}<\/script>\n<!-- \/ Yoast SEO Premium plugin. -->","yoast_head_json":{"title":"Gracias por el \u00e9xito del cliente | DAVO de Avalara","robots":{"index":"noindex","follow":"nofollow"},"og_locale":"es_MX","og_type":"article","og_title":"Customer Success Thank You","og_description":"Meeting booked! Look for a calendar invite in your email inbox. We look forward to talking to you! In the meantime, check out some useful resources: Most Popular Resources State Specific Sales Tax Information States that Offer On-Time Sales Tax Filing Discounts Sales Tax Calculator Protecting Your Business and Your Wallet in a Sales Tax [&hellip;]","og_url":"https:\/\/www.davosalestax.com\/es\/customer-success-thank-you\/","og_site_name":"DAVO by Avalara","article_publisher":"https:\/\/www.facebook.com\/DavoSalesTax\/","article_modified_time":"2022-03-30T15:14:50+00:00","og_image":[{"url":"https:\/\/www.davosalestax.com\/wp-content\/uploads\/2021\/11\/Copy-of-davo-illustrations_calendar-1024x768.png","type":"","width":"","height":""}],"twitter_card":"summary_large_image","twitter_site":"@davosalestax","twitter_misc":{"Tiempo de lectura":"1 minuto"},"schema":{"@context":"https:\/\/schema.org","@graph":[{"@type":"WebPage","@id":"https:\/\/www.davosalestax.com\/es\/customer-success-thank-you\/","url":"https:\/\/www.davosalestax.com\/es\/customer-success-thank-you\/","name":"Gracias por el \u00e9xito del cliente | DAVO de Avalara","isPartOf":{"@id":"https:\/\/www.davosalestax.com\/#website"},"primaryImageOfPage":{"@id":"https:\/\/www.davosalestax.com\/es\/customer-success-thank-you\/#primaryimage"},"image":{"@id":"https:\/\/www.davosalestax.com\/es\/customer-success-thank-you\/#primaryimage"},"thumbnailUrl":"https:\/\/www.davosalestax.com\/wp-content\/uploads\/2021\/11\/Copy-of-davo-illustrations_calendar-1024x768.png","datePublished":"2022-03-30T15:14:49+00:00","dateModified":"2022-03-30T15:14:50+00:00","breadcrumb":{"@id":"https:\/\/www.davosalestax.com\/es\/customer-success-thank-you\/#breadcrumb"},"inLanguage":"es","potentialAction":[{"@type":"ReadAction","target":["https:\/\/www.davosalestax.com\/es\/customer-success-thank-you\/"]}]},{"@type":"ImageObject","inLanguage":"es","@id":"https:\/\/www.davosalestax.com\/es\/customer-success-thank-you\/#primaryimage","url":"https:\/\/www.davosalestax.com\/wp-content\/uploads\/2021\/11\/Copy-of-davo-illustrations_calendar-1024x768.png","contentUrl":"https:\/\/www.davosalestax.com\/wp-content\/uploads\/2021\/11\/Copy-of-davo-illustrations_calendar-1024x768.png"},{"@type":"BreadcrumbList","@id":"https:\/\/www.davosalestax.com\/es\/customer-success-thank-you\/#breadcrumb","itemListElement":[{"@type":"ListItem","position":1,"name":"Home","item":"https:\/\/www.davosalestax.com\/"},{"@type":"ListItem","position":2,"name":"Customer Success Thank You"}]},{"@type":"WebSite","@id":"https:\/\/www.davosalestax.com\/#website","url":"https:\/\/www.davosalestax.com\/","name":"DAVO Sales Tax","description":"Impuesto sobre las ventas automatizado","publisher":{"@id":"https:\/\/www.davosalestax.com\/#organization"},"alternateName":"DAVO by Avalara","potentialAction":[{"@type":"SearchAction","target":{"@type":"EntryPoint","urlTemplate":"https:\/\/www.davosalestax.com\/?s={search_term_string}"},"query-input":{"@type":"PropertyValueSpecification","valueRequired":true,"valueName":"search_term_string"}}],"inLanguage":"es"},{"@type":"Organization","@id":"https:\/\/www.davosalestax.com\/#organization","name":"DAVO de Avalara","url":"https:\/\/www.davosalestax.com\/","logo":{"@type":"ImageObject","inLanguage":"es","@id":"https:\/\/www.davosalestax.com\/#\/schema\/logo\/image\/","url":"https:\/\/www.davosalestax.com\/wp-content\/uploads\/2024\/12\/Davo-Logo_696-square.png","contentUrl":"https:\/\/www.davosalestax.com\/wp-content\/uploads\/2024\/12\/Davo-Logo_696-square.png","width":696,"height":696,"caption":"DAVO by Avalara"},"image":{"@id":"https:\/\/www.davosalestax.com\/#\/schema\/logo\/image\/"},"sameAs":["https:\/\/www.facebook.com\/DavoSalesTax\/","https:\/\/x.com\/davosalestax","https:\/\/www.linkedin.com\/company\/davo-technologies\/about\/","https:\/\/www.youtube.com\/c\/DAVOSalesTax","https:\/\/www.instagram.com\/davosalestax\/"]}]}},"_links":{"self":[{"href":"https:\/\/www.davosalestax.com\/es\/wp-json\/wp\/v2\/pages\/4856","targetHints":{"allow":["GET"]}}],"collection":[{"href":"https:\/\/www.davosalestax.com\/es\/wp-json\/wp\/v2\/pages"}],"about":[{"href":"https:\/\/www.davosalestax.com\/es\/wp-json\/wp\/v2\/types\/page"}],"author":[{"embeddable":true,"href":"https:\/\/www.davosalestax.com\/es\/wp-json\/wp\/v2\/users\/26"}],"replies":[{"embeddable":true,"href":"https:\/\/www.davosalestax.com\/es\/wp-json\/wp\/v2\/comments?post=4856"}],"version-history":[{"count":0,"href":"https:\/\/www.davosalestax.com\/es\/wp-json\/wp\/v2\/pages\/4856\/revisions"}],"wp:attachment":[{"href":"https:\/\/www.davosalestax.com\/es\/wp-json\/wp\/v2\/media?parent=4856"}],"curies":[{"name":"wp","href":"https:\/\/api.w.org\/{rel}","templated":true}]}}