{"id":5644,"date":"2022-07-27T20:39:21","date_gmt":"2022-07-27T20:39:21","guid":{"rendered":"https:\/\/www.davosalestax.com\/?page_id=5644"},"modified":"2025-10-14T14:21:03","modified_gmt":"2025-10-14T14:21:03","slug":"epos-now","status":"publish","type":"page","link":"https:\/\/www.davosalestax.com\/es\/integrations\/epos-now\/","title":{"rendered":"Epos Now"},"content":{"rendered":"<blockquote id=\"testimonial-block_e293a35752bffdd770cbd3afb04aa599\" class=\"testimonial\">\n\t<img loading=\"lazy\" decoding=\"async\" class=\"aligncenter\" src=\"https:\/\/www.davosalestax.com\/wp-content\/themes\/davo_avalara_theme\/images\/megaphone-icon.png\" width=\"100\" height=\"100\" alt=\"\"\/>\n<h2>Otros propietarios de negocios hablan sobre DAVO.<\/h2>\n\t<p>\"Por lejos, una de las mejores decisiones que tomamos para nuestro negocio\".<\/p>\n    <cite>\n    \t<span class=\"author\">Steve Applegate<\/span><br \/>\n\t\t<span class=\"biz\">Mayhem &amp; Stout<\/span>\n\t\t\n    <\/cite>\n<\/blockquote>\n\n\n\n<div style=\"padding-top:50px;padding-bottom:50px;margin-top:50px;margin-bottom:50px;background-color:#f4f4f4\" class=\"wp-block-editor-blocks-wrapper alignfull\"><div class=\"wrapper-inner\"><div class=\"wrapper-inner-blocks\">\n<h1 class=\"wp-block-heading has-text-align-center\">Integraci\u00f3n simple y perfecta con Epos Now<\/h1>\n\n\n\n<p class=\"has-text-align-center\">Para obtener DAVO, complete el formulario de arriba o desc\u00e1rguelo en su Epos Now POS. Despu\u00e9s de asegurarse de que su tasa del impuesto sobre las ventas est\u00e9 correctamente configurada y de completar una configuraci\u00f3n f\u00e1cil de 5 minutos, nunca m\u00e1s deber\u00e1 volver a tocarla. DAVO se ejecutar\u00e1 en segundo plano y se encargar\u00e1 de cada paso del proceso del impuesto sobre las ventas.<br><\/p>\n\n\n\n\n\n<div class=\"wp-block-columns has-4-columns is-layout-flex wp-container-core-columns-is-layout-9d6595d7 wp-block-columns-is-layout-flex\">\n<div class=\"wp-block-column is-layout-flow wp-block-column-is-layout-flow\"><div class=\"wp-block-image\">\n<figure class=\"aligncenter size-full is-resized\"><img loading=\"lazy\" decoding=\"async\" width=\"372\" height=\"370\" src=\"https:\/\/www.davosalestax.com\/wp-content\/uploads\/2024\/09\/pos-system.png\" alt=\"Icono del sistema POS\" class=\"wp-image-8215\" style=\"width:115px\" srcset=\"https:\/\/www.davosalestax.com\/wp-content\/uploads\/2024\/09\/pos-system.png 372w, https:\/\/www.davosalestax.com\/wp-content\/uploads\/2024\/09\/pos-system-300x298.png 300w, https:\/\/www.davosalestax.com\/wp-content\/uploads\/2024\/09\/pos-system-150x150.png 150w, https:\/\/www.davosalestax.com\/wp-content\/uploads\/2024\/09\/pos-system-12x12.png 12w, https:\/\/www.davosalestax.com\/wp-content\/uploads\/2024\/09\/pos-system-100x99.png 100w, https:\/\/www.davosalestax.com\/wp-content\/uploads\/2024\/09\/pos-system-250x250.png 250w\" sizes=\"auto, (max-width: 372px) 100vw, 372px\" \/><\/figure>\n<\/div>\n\n\n<h3 class=\"wp-block-heading has-text-align-center\">Siga ingresando las ventas en Epos Now<\/h3>\n\n\n\n<p class=\"has-text-align-center has-small-font-size\">Con DAVO, no tendr\u00e1 que hacer nada de manera diferente. No hay que presionar botones extra ni a\u00f1adir otros pasos. Simplemente ingrese sus ventas como lo hace normalmente. <\/p>\n<\/div>\n\n\n\n<div class=\"wp-block-column is-layout-flow wp-block-column-is-layout-flow\"><div class=\"wp-block-image\">\n<figure class=\"aligncenter size-full is-resized\"><img loading=\"lazy\" decoding=\"async\" width=\"372\" height=\"370\" src=\"https:\/\/www.davosalestax.com\/wp-content\/uploads\/2024\/09\/collects-sales-tax.png\" alt=\"icono de impuestos sobre las ventas\" class=\"wp-image-8217\" style=\"width:115px\" srcset=\"https:\/\/www.davosalestax.com\/wp-content\/uploads\/2024\/09\/collects-sales-tax.png 372w, https:\/\/www.davosalestax.com\/wp-content\/uploads\/2024\/09\/collects-sales-tax-300x298.png 300w, https:\/\/www.davosalestax.com\/wp-content\/uploads\/2024\/09\/collects-sales-tax-150x150.png 150w, https:\/\/www.davosalestax.com\/wp-content\/uploads\/2024\/09\/collects-sales-tax-12x12.png 12w, https:\/\/www.davosalestax.com\/wp-content\/uploads\/2024\/09\/collects-sales-tax-100x99.png 100w, https:\/\/www.davosalestax.com\/wp-content\/uploads\/2024\/09\/collects-sales-tax-250x250.png 250w\" sizes=\"auto, (max-width: 372px) 100vw, 372px\" \/><\/figure>\n<\/div>\n\n\n<h3 class=\"wp-block-heading has-text-align-center\">DAVO cobra y reserva el impuesto sobre las ventas<\/h3>\n\n\n\n<p class=\"has-text-align-center has-small-font-size\">DAVO utiliza los datos de Epos Now para reservar la cantidad exacta del impuesto sobre las ventas que recauda diariamente. El impuesto sobre las ventas se transfiere luego a la cuenta de retenci\u00f3n de impuestos segura de DAVO.<\/p>\n<\/div>\n\n\n\n<div class=\"wp-block-column is-layout-flow wp-block-column-is-layout-flow\"><div class=\"wp-block-image\">\n<figure class=\"aligncenter size-full is-resized\"><img loading=\"lazy\" decoding=\"async\" width=\"370\" height=\"370\" src=\"https:\/\/www.davosalestax.com\/wp-content\/uploads\/2024\/09\/automatically-files-taxes.png\" alt=\"Prepara y presenta tu declaraci\u00f3n icono\" class=\"wp-image-8218\" style=\"width:115px\" srcset=\"https:\/\/www.davosalestax.com\/wp-content\/uploads\/2024\/09\/automatically-files-taxes.png 370w, https:\/\/www.davosalestax.com\/wp-content\/uploads\/2024\/09\/automatically-files-taxes-300x300.png 300w, https:\/\/www.davosalestax.com\/wp-content\/uploads\/2024\/09\/automatically-files-taxes-150x150.png 150w, https:\/\/www.davosalestax.com\/wp-content\/uploads\/2024\/09\/automatically-files-taxes-12x12.png 12w, https:\/\/www.davosalestax.com\/wp-content\/uploads\/2024\/09\/automatically-files-taxes-100x100.png 100w, https:\/\/www.davosalestax.com\/wp-content\/uploads\/2024\/09\/automatically-files-taxes-250x250.png 250w\" sizes=\"auto, (max-width: 370px) 100vw, 370px\" \/><\/figure>\n<\/div>\n\n\n<h3 class=\"wp-block-heading has-text-align-center\">DAVO declara autom\u00e1ticamente su impuesto sobre las ventas estatal<\/h3>\n\n\n\n<p class=\"has-text-align-center has-small-font-size\">Cuando venza su impuesto sobre las ventas, DAVO presentar\u00e1 autom\u00e1ticamente sus impuestos ante el estado, <a href=\"https:\/\/legal.avalara.com\/product-terms.html#davoguarantee\" target=\"_blank\" rel=\"noreferrer noopener\">garantizando<\/a>*Llegar\u00e1n a tiempo.<\/p>\n<\/div>\n\n\n\n<div class=\"wp-block-column is-layout-flow wp-block-column-is-layout-flow\"><div class=\"wp-block-image\">\n<figure class=\"aligncenter size-full is-resized\"><img loading=\"lazy\" decoding=\"async\" width=\"370\" height=\"370\" src=\"https:\/\/www.davosalestax.com\/wp-content\/uploads\/2024\/09\/automatic-sales-tax-payment.png\" alt=\"Paga tus impuestos en su totalidad icono\" class=\"wp-image-8219\" style=\"width:115px\" srcset=\"https:\/\/www.davosalestax.com\/wp-content\/uploads\/2024\/09\/automatic-sales-tax-payment.png 370w, https:\/\/www.davosalestax.com\/wp-content\/uploads\/2024\/09\/automatic-sales-tax-payment-300x300.png 300w, https:\/\/www.davosalestax.com\/wp-content\/uploads\/2024\/09\/automatic-sales-tax-payment-150x150.png 150w, https:\/\/www.davosalestax.com\/wp-content\/uploads\/2024\/09\/automatic-sales-tax-payment-12x12.png 12w, https:\/\/www.davosalestax.com\/wp-content\/uploads\/2024\/09\/automatic-sales-tax-payment-100x100.png 100w, https:\/\/www.davosalestax.com\/wp-content\/uploads\/2024\/09\/automatic-sales-tax-payment-250x250.png 250w\" sizes=\"auto, (max-width: 370px) 100vw, 370px\" \/><\/figure>\n<\/div>\n\n\n<h3 class=\"wp-block-heading has-text-align-center\">DAVO paga autom\u00e1ticamente su impuesto sobre las ventas estatal<\/h3>\n\n\n\n<p class=\"has-text-align-center has-small-font-size\">Usando el dinero que reserva diariamente, DAVO paga autom\u00e1ticamente el monto del impuesto sobre las ventas que debe al estado, <a href=\"https:\/\/legal.avalara.com\/product-terms.html#davoguarantee\" target=\"_blank\" rel=\"noreferrer noopener\">garantizando<\/a>*se pagan en su totalidad.<\/p>\n<\/div>\n<\/div>\n\n\n\n<p class=\"has-small-font-size\">*sujeto a condiciones y limitaciones<\/p>\n<\/div><\/div><\/div>\n\n\n\n<div class=\"wp-block-columns has-2-columns left-thirds is-layout-flex wp-container-core-columns-is-layout-9d6595d7 wp-block-columns-is-layout-flex\">\n<div class=\"wp-block-column is-layout-flow wp-block-column-is-layout-flow\">\n<figure class=\"wp-block-image size-full is-resized\"><img loading=\"lazy\" decoding=\"async\" width=\"642\" height=\"638\" src=\"https:\/\/www.davosalestax.com\/wp-content\/uploads\/2024\/09\/safe-lock.png\" alt=\"Icono de candado de impuesto sobre las ventas seguro y protegido\" class=\"wp-image-8222\" style=\"width:340px\" srcset=\"https:\/\/www.davosalestax.com\/wp-content\/uploads\/2024\/09\/safe-lock.png 642w, https:\/\/www.davosalestax.com\/wp-content\/uploads\/2024\/09\/safe-lock-300x298.png 300w, https:\/\/www.davosalestax.com\/wp-content\/uploads\/2024\/09\/safe-lock-150x150.png 150w, https:\/\/www.davosalestax.com\/wp-content\/uploads\/2024\/09\/safe-lock-12x12.png 12w, https:\/\/www.davosalestax.com\/wp-content\/uploads\/2024\/09\/safe-lock-100x99.png 100w\" sizes=\"auto, (max-width: 642px) 100vw, 642px\" \/><\/figure>\n<\/div>\n\n\n\n<div class=\"wp-block-column is-layout-flow wp-block-column-is-layout-flow\">\n<h1 class=\"wp-block-heading\">Soluci\u00f3n segura para el impuesto sobre las ventas.<\/h1>\n\n\n\n<p>Parte de hacer que el impuesto sobre las ventas no genere estr\u00e9s es asegurarnos de que el proceso sea seguro. Miles de comerciantes conf\u00edan en DAVO, nuestra herramienta utiliza las buenas pr\u00e1cticas del sector para protegerlo a usted, sus datos de Epos Now y su negocio.<\/p>\n\n\n\n<ul class=\"wp-block-list check\">\n<li>Cifrado de almacenamiento de todos los datos de la cuenta.<\/li>\n\n\n\n<li>Cuenta de retenci\u00f3n de impuestos segura, separada de sus fondos operativos generales.<\/li>\n\n\n\n<li>\u00daltima versi\u00f3n de SSL para cada interacci\u00f3n web.<\/li>\n\n\n\n<li>Copias de seguridad en la nube y recuperaci\u00f3n r\u00e1pida de datos.<\/li>\n\n\n\n<li>Informes diarios y acceso a la cuenta para control del usuario.<\/li>\n<\/ul>\n<\/div>\n<\/div>\n\n\n\n<hr class=\"wp-block-separator has-css-opacity\"\/>\n\n\n\n<div class=\"wp-block-columns has-2-columns left-thirds is-layout-flex wp-container-core-columns-is-layout-9d6595d7 wp-block-columns-is-layout-flex\">\n<div class=\"wp-block-column white-block full noborder is-layout-flow wp-block-column-is-layout-flow\">\n<figure class=\"wp-block-image alignwide size-full\"><img loading=\"lazy\" decoding=\"async\" width=\"732\" height=\"550\" src=\"https:\/\/www.davosalestax.com\/wp-content\/uploads\/2025\/01\/5799-davo-price-orange.png\" alt=\"$57.99 por mes por ubicaci\u00f3n\" class=\"wp-image-8544\" srcset=\"https:\/\/www.davosalestax.com\/wp-content\/uploads\/2025\/01\/5799-davo-price-orange.png 732w, https:\/\/www.davosalestax.com\/wp-content\/uploads\/2025\/01\/5799-davo-price-orange-300x225.png 300w, https:\/\/www.davosalestax.com\/wp-content\/uploads\/2025\/01\/5799-davo-price-orange-16x12.png 16w, https:\/\/www.davosalestax.com\/wp-content\/uploads\/2025\/01\/5799-davo-price-orange-100x75.png 100w\" sizes=\"auto, (max-width: 732px) 100vw, 732px\" \/><\/figure>\n\n\n\n<h3 class=\"wp-block-heading has-text-align-center\" id=\"h-no-hidden-fees-no-long-term-contracts\">Sin cargos ocultos.<br> Sin contratos a largo plazo.<\/h3>\n\n\n\n<div class=\"wp-block-button aligncenter\"><a class=\"wp-block-button__link wp-element-button\" href=\"#form\">Empieza hoy<\/a><\/div>\n<\/div>\n\n\n\n<div class=\"wp-block-column is-layout-flow wp-block-column-is-layout-flow\">\n<h1 class=\"wp-block-heading\">DAVO Sales Tax incluye:<\/h1>\n\n\n\n<ul class=\"wp-block-list check\">\n<li>El impuesto sobre las ventas se reserva a diario.<\/li>\n\n\n\n<li><a href=\"https:\/\/legal.avalara.com\/product-terms.html#davoguarantee\" target=\"_blank\" rel=\"noreferrer noopener\">Garantizado<\/a>* presentaci\u00f3n y pago de impuestos completos y puntuales<\/li>\n\n\n\n<li>Calcula, recauda y reembolsa los descuentos en el impuesto sobre las ventas estatal.<\/li>\n\n\n\n<li>Asistencia de configuraci\u00f3n en vivo, chat continuo y soporte t\u00e9cnico.<\/li>\n\n\n\n<li>Correos electr\u00f3nicos diarios con informes de ventas e impuestos.<\/li>\n\n\n\n<li>Acceso en l\u00ednea para revisar informaci\u00f3n impositiva, confirmaciones de pago y ventas diarias.<\/li>\n\n\n\n<li>Almacenamiento ilimitado de informes de impuestos sobre las ventas, declaraciones y datos hist\u00f3ricos.<\/li>\n<\/ul>\n\n\n\n<p class=\"has-small-font-size\">*sujeto a condiciones y limitaciones<\/p>\n<\/div>\n<\/div>\n\n\n\n<div style=\"height:40px\" aria-hidden=\"true\" class=\"wp-block-spacer\"><\/div>\n\n\n\n\t<script>\njQuery(document).ready(function($) {\n\t\t \n  \/\/ store the slider in a local variable\n  var $window = $(window),\n      flexslider = { vars:{} };\n \n  \/\/ tiny helper function to add breakpoints\n  function getGridSize() {\n    return (window.innerWidth < 400) ? 1 :\n(window.innerWidth < 600) ? 2 :\n(window.innerWidth < 800) ? 3 :\n(window.innerWidth < 900) ? 4 : 4;\n}\n \n  $(function() {\n    SyntaxHighlighter.all();\n  });\n \n  $window.load(function() {\n    $('.flexslider').flexslider({\n      animation: \"slide\",\n      animationLoop: true,\n      itemWidth: 300,\n      itemMargin: 5,\n\t  slideshowSpeed: 5000,\n\t\tcontrolNav: false,\n      minItems: getGridSize(), \/\/ use function to pull in initial value\n      maxItems: getGridSize() \/\/ use function to pull in initial value\n    });\n  });\n \n  \/\/ check grid size on resize event\n  $window.resize(function() {\n    var gridSize = getGridSize();\n \n    flexslider.vars.minItems = gridSize;\n    flexslider.vars.maxItems = gridSize;\n  });\n});\n<\/script>","protected":false},"excerpt":{"rendered":"<p>La soluci\u00f3n segura para el impuesto sobre las ventas. Para que el impuesto sobre las ventas sea m\u00e1s sencillo, es fundamental garantizar la seguridad del proceso. Miles de comerciantes conf\u00edan en DAVO y utilizan las mejores pr\u00e1cticas del sector para protegerte a ti, a tus datos de Epos Now y a tu negocio. El impuesto sobre las ventas de DAVO incluye: *sujeto a condiciones y limitaciones.<\/p>","protected":false},"author":14,"featured_media":5649,"parent":2556,"menu_order":26,"comment_status":"closed","ping_status":"closed","template":"","meta":{"_acf_changed":false,"content-type":"","footnotes":""},"class_list":["post-5644","page","type-page","status-publish","has-post-thumbnail","hentry","has_thumb"],"acf":[],"yoast_head":"<!-- This site is optimized with the Yoast SEO Premium plugin v27.3 (Yoast SEO v27.3) - https:\/\/yoast.com\/product\/yoast-seo-premium-wordpress\/ -->\n<title>DAVO Sales Tax | The Epos Now Sales Tax Solution | Remit Automatically<\/title>\n<meta name=\"description\" content=\"DAVO collects, files and pays your Epos Now sales tax for you. Completely automatic and fully guaranteed. Never worry about sales tax again. Try it today.\" \/>\n<meta name=\"robots\" content=\"index, follow, max-snippet:-1, max-image-preview:large, max-video-preview:-1\" \/>\n<link rel=\"canonical\" href=\"https:\/\/www.davosalestax.com\/es\/integraciones\/epos-now\/\" \/>\n<meta property=\"og:locale\" content=\"es_MX\" \/>\n<meta property=\"og:type\" content=\"article\" \/>\n<meta property=\"og:title\" content=\"Epos Now\" \/>\n<meta property=\"og:description\" content=\"DAVO collects, files and pays your Epos Now sales tax for you. Completely automatic and fully guaranteed. Never worry about sales tax again. Try it today.\" \/>\n<meta property=\"og:url\" content=\"https:\/\/www.davosalestax.com\/es\/integraciones\/epos-now\/\" \/>\n<meta property=\"og:site_name\" content=\"DAVO by Avalara\" \/>\n<meta property=\"article:publisher\" content=\"https:\/\/www.facebook.com\/DavoSalesTax\/\" \/>\n<meta property=\"article:modified_time\" content=\"2025-10-14T14:21:03+00:00\" \/>\n<meta property=\"og:image\" content=\"https:\/\/www.davosalestax.com\/wp-content\/uploads\/2022\/07\/Epos-Now-Logo.png\" \/>\n\t<meta property=\"og:image:width\" content=\"214\" \/>\n\t<meta property=\"og:image:height\" content=\"56\" \/>\n\t<meta property=\"og:image:type\" content=\"image\/png\" \/>\n<meta name=\"twitter:card\" content=\"summary_large_image\" \/>\n<meta name=\"twitter:site\" content=\"@davosalestax\" \/>\n<meta name=\"twitter:label1\" content=\"Tiempo de lectura\" \/>\n\t<meta name=\"twitter:data1\" content=\"6 minutos\" \/>\n<script type=\"application\/ld+json\" class=\"yoast-schema-graph\">{\"@context\":\"https:\\\/\\\/schema.org\",\"@graph\":[{\"@type\":\"WebPage\",\"@id\":\"https:\\\/\\\/www.davosalestax.com\\\/integrations\\\/epos-now\\\/\",\"url\":\"https:\\\/\\\/www.davosalestax.com\\\/integrations\\\/epos-now\\\/\",\"name\":\"DAVO Sales Tax | The Epos Now Sales Tax Solution | Remit Automatically\",\"isPartOf\":{\"@id\":\"https:\\\/\\\/www.davosalestax.com\\\/#website\"},\"primaryImageOfPage\":{\"@id\":\"https:\\\/\\\/www.davosalestax.com\\\/integrations\\\/epos-now\\\/#primaryimage\"},\"image\":{\"@id\":\"https:\\\/\\\/www.davosalestax.com\\\/integrations\\\/epos-now\\\/#primaryimage\"},\"thumbnailUrl\":\"https:\\\/\\\/www.davosalestax.com\\\/wp-content\\\/uploads\\\/2022\\\/07\\\/Epos-Now-Logo.png\",\"datePublished\":\"2022-07-27T20:39:21+00:00\",\"dateModified\":\"2025-10-14T14:21:03+00:00\",\"description\":\"DAVO collects, files and pays your Epos Now sales tax for you. Completely automatic and fully guaranteed. Never worry about sales tax again. Try it today.\",\"breadcrumb\":{\"@id\":\"https:\\\/\\\/www.davosalestax.com\\\/integrations\\\/epos-now\\\/#breadcrumb\"},\"inLanguage\":\"es\",\"potentialAction\":[{\"@type\":\"ReadAction\",\"target\":[\"https:\\\/\\\/www.davosalestax.com\\\/integrations\\\/epos-now\\\/\"]}]},{\"@type\":\"ImageObject\",\"inLanguage\":\"es\",\"@id\":\"https:\\\/\\\/www.davosalestax.com\\\/integrations\\\/epos-now\\\/#primaryimage\",\"url\":\"https:\\\/\\\/www.davosalestax.com\\\/wp-content\\\/uploads\\\/2022\\\/07\\\/Epos-Now-Logo.png\",\"contentUrl\":\"https:\\\/\\\/www.davosalestax.com\\\/wp-content\\\/uploads\\\/2022\\\/07\\\/Epos-Now-Logo.png\",\"width\":214,\"height\":56,\"caption\":\"Epos Now Logo\"},{\"@type\":\"BreadcrumbList\",\"@id\":\"https:\\\/\\\/www.davosalestax.com\\\/integrations\\\/epos-now\\\/#breadcrumb\",\"itemListElement\":[{\"@type\":\"ListItem\",\"position\":1,\"name\":\"Home\",\"item\":\"https:\\\/\\\/www.davosalestax.com\\\/\"},{\"@type\":\"ListItem\",\"position\":2,\"name\":\"Integrations\",\"item\":\"https:\\\/\\\/www.davosalestax.com\\\/integrations\\\/\"},{\"@type\":\"ListItem\",\"position\":3,\"name\":\"Epos Now\"}]},{\"@type\":\"WebSite\",\"@id\":\"https:\\\/\\\/www.davosalestax.com\\\/#website\",\"url\":\"https:\\\/\\\/www.davosalestax.com\\\/\",\"name\":\"DAVO Sales Tax\",\"description\":\"Automated Sales Tax\",\"publisher\":{\"@id\":\"https:\\\/\\\/www.davosalestax.com\\\/#organization\"},\"alternateName\":\"DAVO by Avalara\",\"potentialAction\":[{\"@type\":\"SearchAction\",\"target\":{\"@type\":\"EntryPoint\",\"urlTemplate\":\"https:\\\/\\\/www.davosalestax.com\\\/?s={search_term_string}\"},\"query-input\":{\"@type\":\"PropertyValueSpecification\",\"valueRequired\":true,\"valueName\":\"search_term_string\"}}],\"inLanguage\":\"es\"},{\"@type\":\"Organization\",\"@id\":\"https:\\\/\\\/www.davosalestax.com\\\/#organization\",\"name\":\"DAVO by Avalara\",\"url\":\"https:\\\/\\\/www.davosalestax.com\\\/\",\"logo\":{\"@type\":\"ImageObject\",\"inLanguage\":\"es\",\"@id\":\"https:\\\/\\\/www.davosalestax.com\\\/#\\\/schema\\\/logo\\\/image\\\/\",\"url\":\"https:\\\/\\\/www.davosalestax.com\\\/wp-content\\\/uploads\\\/2024\\\/12\\\/Davo-Logo_696-square.png\",\"contentUrl\":\"https:\\\/\\\/www.davosalestax.com\\\/wp-content\\\/uploads\\\/2024\\\/12\\\/Davo-Logo_696-square.png\",\"width\":696,\"height\":696,\"caption\":\"DAVO by Avalara\"},\"image\":{\"@id\":\"https:\\\/\\\/www.davosalestax.com\\\/#\\\/schema\\\/logo\\\/image\\\/\"},\"sameAs\":[\"https:\\\/\\\/www.facebook.com\\\/DavoSalesTax\\\/\",\"https:\\\/\\\/x.com\\\/davosalestax\",\"https:\\\/\\\/www.linkedin.com\\\/company\\\/davo-technologies\\\/about\\\/\",\"https:\\\/\\\/www.youtube.com\\\/c\\\/DAVOSalesTax\",\"https:\\\/\\\/www.instagram.com\\\/davosalestax\\\/\"]}]}<\/script>\n<!-- \/ Yoast SEO Premium plugin. -->","yoast_head_json":{"title":"DAVO Sales Tax | La soluci\u00f3n para el impuesto sobre las ventas para Epos Now | Remita autom\u00e1ticamente","description":"DAVO recauda, presenta y paga su impuesto sobre las ventas de Epos Now por usted. Completamente autom\u00e1tico y totalmente garantizado. No vuelva a preocuparse por el impuesto sobre las ventas. Pru\u00e9belo hoy.","robots":{"index":"index","follow":"follow","max-snippet":"max-snippet:-1","max-image-preview":"max-image-preview:large","max-video-preview":"max-video-preview:-1"},"canonical":"https:\/\/www.davosalestax.com\/es\/integraciones\/epos-now\/","og_locale":"es_MX","og_type":"article","og_title":"Epos Now","og_description":"DAVO collects, files and pays your Epos Now sales tax for you. Completely automatic and fully guaranteed. Never worry about sales tax again. Try it today.","og_url":"https:\/\/www.davosalestax.com\/es\/integraciones\/epos-now\/","og_site_name":"DAVO by Avalara","article_publisher":"https:\/\/www.facebook.com\/DavoSalesTax\/","article_modified_time":"2025-10-14T14:21:03+00:00","og_image":[{"width":214,"height":56,"url":"https:\/\/www.davosalestax.com\/wp-content\/uploads\/2022\/07\/Epos-Now-Logo.png","type":"image\/png"}],"twitter_card":"summary_large_image","twitter_site":"@davosalestax","twitter_misc":{"Tiempo de lectura":"6 minutos"},"schema":{"@context":"https:\/\/schema.org","@graph":[{"@type":"WebPage","@id":"https:\/\/www.davosalestax.com\/integrations\/epos-now\/","url":"https:\/\/www.davosalestax.com\/integrations\/epos-now\/","name":"DAVO Sales Tax | La soluci\u00f3n para el impuesto sobre las ventas para Epos Now | Remita autom\u00e1ticamente","isPartOf":{"@id":"https:\/\/www.davosalestax.com\/#website"},"primaryImageOfPage":{"@id":"https:\/\/www.davosalestax.com\/integrations\/epos-now\/#primaryimage"},"image":{"@id":"https:\/\/www.davosalestax.com\/integrations\/epos-now\/#primaryimage"},"thumbnailUrl":"https:\/\/www.davosalestax.com\/wp-content\/uploads\/2022\/07\/Epos-Now-Logo.png","datePublished":"2022-07-27T20:39:21+00:00","dateModified":"2025-10-14T14:21:03+00:00","description":"DAVO recauda, presenta y paga su impuesto sobre las ventas de Epos Now por usted. Completamente autom\u00e1tico y totalmente garantizado. No vuelva a preocuparse por el impuesto sobre las ventas. Pru\u00e9belo hoy.","breadcrumb":{"@id":"https:\/\/www.davosalestax.com\/integrations\/epos-now\/#breadcrumb"},"inLanguage":"es","potentialAction":[{"@type":"ReadAction","target":["https:\/\/www.davosalestax.com\/integrations\/epos-now\/"]}]},{"@type":"ImageObject","inLanguage":"es","@id":"https:\/\/www.davosalestax.com\/integrations\/epos-now\/#primaryimage","url":"https:\/\/www.davosalestax.com\/wp-content\/uploads\/2022\/07\/Epos-Now-Logo.png","contentUrl":"https:\/\/www.davosalestax.com\/wp-content\/uploads\/2022\/07\/Epos-Now-Logo.png","width":214,"height":56,"caption":"Epos Now Logo"},{"@type":"BreadcrumbList","@id":"https:\/\/www.davosalestax.com\/integrations\/epos-now\/#breadcrumb","itemListElement":[{"@type":"ListItem","position":1,"name":"Home","item":"https:\/\/www.davosalestax.com\/"},{"@type":"ListItem","position":2,"name":"Integrations","item":"https:\/\/www.davosalestax.com\/integrations\/"},{"@type":"ListItem","position":3,"name":"Epos Now"}]},{"@type":"WebSite","@id":"https:\/\/www.davosalestax.com\/#website","url":"https:\/\/www.davosalestax.com\/","name":"DAVO Sales Tax","description":"Impuesto sobre las ventas automatizado","publisher":{"@id":"https:\/\/www.davosalestax.com\/#organization"},"alternateName":"DAVO by Avalara","potentialAction":[{"@type":"SearchAction","target":{"@type":"EntryPoint","urlTemplate":"https:\/\/www.davosalestax.com\/?s={search_term_string}"},"query-input":{"@type":"PropertyValueSpecification","valueRequired":true,"valueName":"search_term_string"}}],"inLanguage":"es"},{"@type":"Organization","@id":"https:\/\/www.davosalestax.com\/#organization","name":"DAVO de Avalara","url":"https:\/\/www.davosalestax.com\/","logo":{"@type":"ImageObject","inLanguage":"es","@id":"https:\/\/www.davosalestax.com\/#\/schema\/logo\/image\/","url":"https:\/\/www.davosalestax.com\/wp-content\/uploads\/2024\/12\/Davo-Logo_696-square.png","contentUrl":"https:\/\/www.davosalestax.com\/wp-content\/uploads\/2024\/12\/Davo-Logo_696-square.png","width":696,"height":696,"caption":"DAVO by Avalara"},"image":{"@id":"https:\/\/www.davosalestax.com\/#\/schema\/logo\/image\/"},"sameAs":["https:\/\/www.facebook.com\/DavoSalesTax\/","https:\/\/x.com\/davosalestax","https:\/\/www.linkedin.com\/company\/davo-technologies\/about\/","https:\/\/www.youtube.com\/c\/DAVOSalesTax","https:\/\/www.instagram.com\/davosalestax\/"]}]}},"_links":{"self":[{"href":"https:\/\/www.davosalestax.com\/es\/wp-json\/wp\/v2\/pages\/5644","targetHints":{"allow":["GET"]}}],"collection":[{"href":"https:\/\/www.davosalestax.com\/es\/wp-json\/wp\/v2\/pages"}],"about":[{"href":"https:\/\/www.davosalestax.com\/es\/wp-json\/wp\/v2\/types\/page"}],"author":[{"embeddable":true,"href":"https:\/\/www.davosalestax.com\/es\/wp-json\/wp\/v2\/users\/14"}],"replies":[{"embeddable":true,"href":"https:\/\/www.davosalestax.com\/es\/wp-json\/wp\/v2\/comments?post=5644"}],"version-history":[{"count":0,"href":"https:\/\/www.davosalestax.com\/es\/wp-json\/wp\/v2\/pages\/5644\/revisions"}],"up":[{"embeddable":true,"href":"https:\/\/www.davosalestax.com\/es\/wp-json\/wp\/v2\/pages\/2556"}],"wp:featuredmedia":[{"embeddable":true,"href":"https:\/\/www.davosalestax.com\/es\/wp-json\/wp\/v2\/media\/5649"}],"wp:attachment":[{"href":"https:\/\/www.davosalestax.com\/es\/wp-json\/wp\/v2\/media?parent=5644"}],"curies":[{"name":"wp","href":"https:\/\/api.w.org\/{rel}","templated":true}]}}