{"id":5730,"date":"2022-08-15T15:08:01","date_gmt":"2022-08-15T15:08:01","guid":{"rendered":"https:\/\/www.davosalestax.com\/?page_id=5730"},"modified":"2025-03-21T17:46:28","modified_gmt":"2025-03-21T17:46:28","slug":"davo-next-steps-eposnow","status":"publish","type":"page","link":"https:\/\/www.davosalestax.com\/es\/davo-next-steps-eposnow\/","title":{"rendered":"Epos ahora en la aplicaci\u00f3n Pr\u00f3ximos pasos"},"content":{"rendered":"<div style=\"height:40px\" aria-hidden=\"true\" class=\"wp-block-spacer\"><\/div>\n\n\n<div class=\"wp-block-image is-style-default\">\n<figure class=\"aligncenter size-large is-resized\"><img loading=\"lazy\" decoding=\"async\" width=\"1024\" height=\"372\" src=\"https:\/\/www.davosalestax.com\/wp-content\/uploads\/2021\/10\/Davo-Logo_2021_color-edited-1024x372.png\" alt=\"Logotipo de DAVO de Avalara\" class=\"wp-image-3903\" style=\"width:256px;height:93px\" srcset=\"https:\/\/www.davosalestax.com\/wp-content\/uploads\/2021\/10\/Davo-Logo_2021_color-edited-1024x372.png 1024w, https:\/\/www.davosalestax.com\/wp-content\/uploads\/2021\/10\/Davo-Logo_2021_color-edited-300x109.png 300w, https:\/\/www.davosalestax.com\/wp-content\/uploads\/2021\/10\/Davo-Logo_2021_color-edited-768x279.png 768w, https:\/\/www.davosalestax.com\/wp-content\/uploads\/2021\/10\/Davo-Logo_2021_color-edited-18x7.png 18w, https:\/\/www.davosalestax.com\/wp-content\/uploads\/2021\/10\/Davo-Logo_2021_color-edited-100x36.png 100w, https:\/\/www.davosalestax.com\/wp-content\/uploads\/2021\/10\/Davo-Logo_2021_color-edited.png 1221w\" sizes=\"auto, (max-width: 1024px) 100vw, 1024px\" \/><\/figure>\n<\/div>\n\n\n<h2 class=\"wp-block-heading\" id=\"h-davo-sales-tax-successfully-installed-let-s-start-automating-your-sales-tax\"><span style=\"color:#1a2f5b\" class=\"color\">Impuesto sobre las ventas de DAVO instalado con \u00e9xito. <br>Comencemos a automatizar su impuesto sobre las ventas.<\/span><\/h2>\n\n\n\n<div style=\"height:23px\" aria-hidden=\"true\" class=\"wp-block-spacer\"><\/div>\n\n\n\n<div class=\"wp-block-columns is-layout-flex wp-container-core-columns-is-layout-9d6595d7 wp-block-columns-is-layout-flex\">\n<div class=\"wp-block-column is-layout-flow wp-block-column-is-layout-flow\">\n<h2 class=\"wp-block-heading has-text-align-left\" id=\"h-next-steps\"><span style=\"color:#1a2f5b\" class=\"color\">Pr\u00f3ximos pasos:<\/span><\/h2>\n\n\n\n<p>1. Busque un correo electr\u00f3nico del Servicio de atenci\u00f3n al cliente de DAVO. Haga clic en el bot\u00f3n de ese correo electr\u00f3nico para completar el proceso de embarque.<\/p>\n\n\n\n<p>2. Una vez conectado, haga clic en el bot\u00f3n \u201c<strong>Ajustes<\/strong>\u201d e ingrese su informaci\u00f3n de declaraci\u00f3n de impuestos.<\/p>\n\n\n\n<h2 class=\"wp-block-heading has-text-align-left\" id=\"h-you-will-need\"><span style=\"color:#1a2f5b\" class=\"color\">Necesitar\u00e1:<\/span><\/h2>\n\n\n\n<ul class=\"wp-block-list check\">\n<li>Su cuenta bancaria y n\u00famero de ruta. <a href=\"https:\/\/www.davosalestax.com\/es\/faq\/#banking\">Aprende m\u00e1s<\/a>.<\/li>\n\n\n\n<li>Su <a href=\"https:\/\/www.davosalestax.com\/es\/understanding-your-business-state-tax-id\/\">Identificaci\u00f3n fiscal estatal<\/a> &amp; <a href=\"https:\/\/www.davosalestax.com\/es\/what-is-an-ein-and-how-do-i-find-it\/\">N\u00famero de identificaci\u00f3n del empleador (EIN)<\/a>.<\/li>\n<\/ul>\n<\/div>\n\n\n\n<div class=\"wp-block-column is-layout-flow wp-block-column-is-layout-flow\">\n<div class=\"wp-block-group white-block\"><div class=\"wp-block-group__inner-container is-layout-flow wp-block-group-is-layout-flow\">\n<h2 class=\"wp-block-heading\" id=\"h-need-help-connect-with-davo-support\"><span style=\"color:#1a2f5b\" class=\"color\">\u00bfNecesitas ayuda? <\/span><br><span style=\"color:#1a2f5b\" class=\"color\">Con\u00e9ctese con el soporte de DAVO<\/span>.<\/h2>\n\n\n\n<div class=\"wp-block-buttons is-content-justification-center is-layout-flex wp-container-core-buttons-is-layout-16018d1d wp-block-buttons-is-layout-flex\">\n<div class=\"wp-block-button\"><a class=\"wp-block-button__link wp-element-button\" href=\"https:\/\/www.davosalestax.com\/es\/asistencia\/\">Asistencia<\/a><\/div>\n<\/div>\n\n\n\n<div style=\"height:24px\" aria-hidden=\"true\" class=\"wp-block-spacer\"><\/div>\n<\/div><\/div>\n<\/div>\n<\/div>","protected":false},"excerpt":{"rendered":"<p>DAVO Sales Tax successfully installed. Let&#8217;s start automating your sales tax. Next steps: 1. Look for an email from DAVO Customer Service.&nbsp;Click the button in that email to complete the boarding process. 2. Once connected, click the &#8220;Settings&#8221; tab and enter your Tax Filing information. You will need: Need help? Connect with DAVO Support.<\/p>","protected":false},"author":26,"featured_media":0,"parent":0,"menu_order":65,"comment_status":"closed","ping_status":"closed","template":"template-blank.php","meta":{"_acf_changed":false,"content-type":"","footnotes":""},"class_list":["post-5730","page","type-page","status-publish","hentry"],"acf":[],"yoast_head":"<!-- This site is optimized with the Yoast SEO Premium plugin v27.0 (Yoast SEO v27.0) - https:\/\/yoast.com\/product\/yoast-seo-premium-wordpress\/ -->\n<title>Epos Now In App Next Steps | DAVO by Avalara<\/title>\n<meta name=\"robots\" content=\"noindex, nofollow\" \/>\n<meta property=\"og:locale\" content=\"es_MX\" \/>\n<meta property=\"og:type\" content=\"article\" \/>\n<meta property=\"og:title\" content=\"Epos Now In App Next Steps\" \/>\n<meta property=\"og:description\" content=\"DAVO Sales Tax successfully installed. Let&#8217;s start automating your sales tax. Next steps: 1. Look for an email from DAVO Customer Service.&nbsp;Click the button in that email to complete the boarding process. 2. Once connected, click the &#8220;Settings&#8221; tab and enter your Tax Filing information. You will need: Need help? Connect with DAVO Support.\" \/>\n<meta property=\"og:url\" content=\"https:\/\/www.davosalestax.com\/es\/davo-next-steps-eposnow\/\" \/>\n<meta property=\"og:site_name\" content=\"DAVO by Avalara\" \/>\n<meta property=\"article:publisher\" content=\"https:\/\/www.facebook.com\/DavoSalesTax\/\" \/>\n<meta property=\"article:modified_time\" content=\"2025-03-21T17:46:28+00:00\" \/>\n<meta property=\"og:image\" content=\"https:\/\/www.davosalestax.com\/wp-content\/uploads\/2021\/10\/Davo-Logo_2021_color-edited.png\" \/>\n\t<meta property=\"og:image:width\" content=\"1221\" \/>\n\t<meta property=\"og:image:height\" content=\"443\" \/>\n\t<meta property=\"og:image:type\" content=\"image\/png\" \/>\n<meta name=\"twitter:card\" content=\"summary_large_image\" \/>\n<meta name=\"twitter:site\" content=\"@davosalestax\" \/>\n<meta name=\"twitter:label1\" content=\"Tiempo de lectura\" \/>\n\t<meta name=\"twitter:data1\" content=\"1 minuto\" \/>\n<script type=\"application\/ld+json\" class=\"yoast-schema-graph\">{\"@context\":\"https:\/\/schema.org\",\"@graph\":[{\"@type\":\"WebPage\",\"@id\":\"https:\/\/www.davosalestax.com\/davo-next-steps-eposnow\/\",\"url\":\"https:\/\/www.davosalestax.com\/davo-next-steps-eposnow\/\",\"name\":\"Epos Now In App Next Steps | DAVO by Avalara\",\"isPartOf\":{\"@id\":\"https:\/\/www.davosalestax.com\/#website\"},\"primaryImageOfPage\":{\"@id\":\"https:\/\/www.davosalestax.com\/davo-next-steps-eposnow\/#primaryimage\"},\"image\":{\"@id\":\"https:\/\/www.davosalestax.com\/davo-next-steps-eposnow\/#primaryimage\"},\"thumbnailUrl\":\"https:\/\/www.davosalestax.com\/wp-content\/uploads\/2021\/10\/Davo-Logo_2021_color-edited-1024x372.png\",\"datePublished\":\"2022-08-15T15:08:01+00:00\",\"dateModified\":\"2025-03-21T17:46:28+00:00\",\"breadcrumb\":{\"@id\":\"https:\/\/www.davosalestax.com\/davo-next-steps-eposnow\/#breadcrumb\"},\"inLanguage\":\"es\",\"potentialAction\":[{\"@type\":\"ReadAction\",\"target\":[\"https:\/\/www.davosalestax.com\/davo-next-steps-eposnow\/\"]}]},{\"@type\":\"ImageObject\",\"inLanguage\":\"es\",\"@id\":\"https:\/\/www.davosalestax.com\/davo-next-steps-eposnow\/#primaryimage\",\"url\":\"https:\/\/www.davosalestax.com\/wp-content\/uploads\/2021\/10\/Davo-Logo_2021_color-edited-1024x372.png\",\"contentUrl\":\"https:\/\/www.davosalestax.com\/wp-content\/uploads\/2021\/10\/Davo-Logo_2021_color-edited-1024x372.png\"},{\"@type\":\"BreadcrumbList\",\"@id\":\"https:\/\/www.davosalestax.com\/davo-next-steps-eposnow\/#breadcrumb\",\"itemListElement\":[{\"@type\":\"ListItem\",\"position\":1,\"name\":\"Home\",\"item\":\"https:\/\/www.davosalestax.com\/\"},{\"@type\":\"ListItem\",\"position\":2,\"name\":\"Epos Now In App Next Steps\"}]},{\"@type\":\"WebSite\",\"@id\":\"https:\/\/www.davosalestax.com\/#website\",\"url\":\"https:\/\/www.davosalestax.com\/\",\"name\":\"DAVO Sales Tax\",\"description\":\"Automated Sales Tax\",\"publisher\":{\"@id\":\"https:\/\/www.davosalestax.com\/#organization\"},\"alternateName\":\"DAVO by Avalara\",\"potentialAction\":[{\"@type\":\"SearchAction\",\"target\":{\"@type\":\"EntryPoint\",\"urlTemplate\":\"https:\/\/www.davosalestax.com\/?s={search_term_string}\"},\"query-input\":{\"@type\":\"PropertyValueSpecification\",\"valueRequired\":true,\"valueName\":\"search_term_string\"}}],\"inLanguage\":\"es\"},{\"@type\":\"Organization\",\"@id\":\"https:\/\/www.davosalestax.com\/#organization\",\"name\":\"DAVO by Avalara\",\"url\":\"https:\/\/www.davosalestax.com\/\",\"logo\":{\"@type\":\"ImageObject\",\"inLanguage\":\"es\",\"@id\":\"https:\/\/www.davosalestax.com\/#\/schema\/logo\/image\/\",\"url\":\"https:\/\/www.davosalestax.com\/wp-content\/uploads\/2024\/12\/Davo-Logo_696-square.png\",\"contentUrl\":\"https:\/\/www.davosalestax.com\/wp-content\/uploads\/2024\/12\/Davo-Logo_696-square.png\",\"width\":696,\"height\":696,\"caption\":\"DAVO by Avalara\"},\"image\":{\"@id\":\"https:\/\/www.davosalestax.com\/#\/schema\/logo\/image\/\"},\"sameAs\":[\"https:\/\/www.facebook.com\/DavoSalesTax\/\",\"https:\/\/x.com\/davosalestax\",\"https:\/\/www.linkedin.com\/company\/davo-technologies\/about\/\",\"https:\/\/www.youtube.com\/c\/DAVOSalesTax\",\"https:\/\/www.instagram.com\/davosalestax\/\"]}]}<\/script>\n<!-- \/ Yoast SEO Premium plugin. -->","yoast_head_json":{"title":"Pr\u00f3ximos pasos de Epos ahora en la app | DAVO de Avalara","robots":{"index":"noindex","follow":"nofollow"},"og_locale":"es_MX","og_type":"article","og_title":"Epos Now In App Next Steps","og_description":"DAVO Sales Tax successfully installed. Let&#8217;s start automating your sales tax. Next steps: 1. Look for an email from DAVO Customer Service.&nbsp;Click the button in that email to complete the boarding process. 2. Once connected, click the &#8220;Settings&#8221; tab and enter your Tax Filing information. You will need: Need help? Connect with DAVO Support.","og_url":"https:\/\/www.davosalestax.com\/es\/davo-next-steps-eposnow\/","og_site_name":"DAVO by Avalara","article_publisher":"https:\/\/www.facebook.com\/DavoSalesTax\/","article_modified_time":"2025-03-21T17:46:28+00:00","og_image":[{"width":1221,"height":443,"url":"https:\/\/www.davosalestax.com\/wp-content\/uploads\/2021\/10\/Davo-Logo_2021_color-edited.png","type":"image\/png"}],"twitter_card":"summary_large_image","twitter_site":"@davosalestax","twitter_misc":{"Tiempo de lectura":"1 minuto"},"schema":{"@context":"https:\/\/schema.org","@graph":[{"@type":"WebPage","@id":"https:\/\/www.davosalestax.com\/davo-next-steps-eposnow\/","url":"https:\/\/www.davosalestax.com\/davo-next-steps-eposnow\/","name":"Pr\u00f3ximos pasos de Epos ahora en la app | DAVO de Avalara","isPartOf":{"@id":"https:\/\/www.davosalestax.com\/#website"},"primaryImageOfPage":{"@id":"https:\/\/www.davosalestax.com\/davo-next-steps-eposnow\/#primaryimage"},"image":{"@id":"https:\/\/www.davosalestax.com\/davo-next-steps-eposnow\/#primaryimage"},"thumbnailUrl":"https:\/\/www.davosalestax.com\/wp-content\/uploads\/2021\/10\/Davo-Logo_2021_color-edited-1024x372.png","datePublished":"2022-08-15T15:08:01+00:00","dateModified":"2025-03-21T17:46:28+00:00","breadcrumb":{"@id":"https:\/\/www.davosalestax.com\/davo-next-steps-eposnow\/#breadcrumb"},"inLanguage":"es","potentialAction":[{"@type":"ReadAction","target":["https:\/\/www.davosalestax.com\/davo-next-steps-eposnow\/"]}]},{"@type":"ImageObject","inLanguage":"es","@id":"https:\/\/www.davosalestax.com\/davo-next-steps-eposnow\/#primaryimage","url":"https:\/\/www.davosalestax.com\/wp-content\/uploads\/2021\/10\/Davo-Logo_2021_color-edited-1024x372.png","contentUrl":"https:\/\/www.davosalestax.com\/wp-content\/uploads\/2021\/10\/Davo-Logo_2021_color-edited-1024x372.png"},{"@type":"BreadcrumbList","@id":"https:\/\/www.davosalestax.com\/davo-next-steps-eposnow\/#breadcrumb","itemListElement":[{"@type":"ListItem","position":1,"name":"Home","item":"https:\/\/www.davosalestax.com\/"},{"@type":"ListItem","position":2,"name":"Epos Now In App Next Steps"}]},{"@type":"WebSite","@id":"https:\/\/www.davosalestax.com\/#website","url":"https:\/\/www.davosalestax.com\/","name":"DAVO Sales Tax","description":"Impuesto sobre las ventas automatizado","publisher":{"@id":"https:\/\/www.davosalestax.com\/#organization"},"alternateName":"DAVO by Avalara","potentialAction":[{"@type":"SearchAction","target":{"@type":"EntryPoint","urlTemplate":"https:\/\/www.davosalestax.com\/?s={search_term_string}"},"query-input":{"@type":"PropertyValueSpecification","valueRequired":true,"valueName":"search_term_string"}}],"inLanguage":"es"},{"@type":"Organization","@id":"https:\/\/www.davosalestax.com\/#organization","name":"DAVO de Avalara","url":"https:\/\/www.davosalestax.com\/","logo":{"@type":"ImageObject","inLanguage":"es","@id":"https:\/\/www.davosalestax.com\/#\/schema\/logo\/image\/","url":"https:\/\/www.davosalestax.com\/wp-content\/uploads\/2024\/12\/Davo-Logo_696-square.png","contentUrl":"https:\/\/www.davosalestax.com\/wp-content\/uploads\/2024\/12\/Davo-Logo_696-square.png","width":696,"height":696,"caption":"DAVO by Avalara"},"image":{"@id":"https:\/\/www.davosalestax.com\/#\/schema\/logo\/image\/"},"sameAs":["https:\/\/www.facebook.com\/DavoSalesTax\/","https:\/\/x.com\/davosalestax","https:\/\/www.linkedin.com\/company\/davo-technologies\/about\/","https:\/\/www.youtube.com\/c\/DAVOSalesTax","https:\/\/www.instagram.com\/davosalestax\/"]}]}},"_links":{"self":[{"href":"https:\/\/www.davosalestax.com\/es\/wp-json\/wp\/v2\/pages\/5730","targetHints":{"allow":["GET"]}}],"collection":[{"href":"https:\/\/www.davosalestax.com\/es\/wp-json\/wp\/v2\/pages"}],"about":[{"href":"https:\/\/www.davosalestax.com\/es\/wp-json\/wp\/v2\/types\/page"}],"author":[{"embeddable":true,"href":"https:\/\/www.davosalestax.com\/es\/wp-json\/wp\/v2\/users\/26"}],"replies":[{"embeddable":true,"href":"https:\/\/www.davosalestax.com\/es\/wp-json\/wp\/v2\/comments?post=5730"}],"version-history":[{"count":0,"href":"https:\/\/www.davosalestax.com\/es\/wp-json\/wp\/v2\/pages\/5730\/revisions"}],"wp:attachment":[{"href":"https:\/\/www.davosalestax.com\/es\/wp-json\/wp\/v2\/media?parent=5730"}],"curies":[{"name":"wp","href":"https:\/\/api.w.org\/{rel}","templated":true}]}}