{"id":7117,"date":"2023-05-15T19:26:56","date_gmt":"2023-05-15T19:26:56","guid":{"rendered":"https:\/\/www.davosalestax.com\/?page_id=7117"},"modified":"2023-05-15T19:26:56","modified_gmt":"2023-05-15T19:26:56","slug":"skytab-wait-list-thank-you","status":"publish","type":"page","link":"https:\/\/www.davosalestax.com\/es\/skytab-wait-list-thank-you\/","title":{"rendered":"SkyTab Lista de espera Gracias"},"content":{"rendered":"<h1 class=\"wp-block-heading has-text-align-center\">\u00a1Est\u00e1s en la lista! <\/h1>\n\n\n\n<div style=\"height:23px\" aria-hidden=\"true\" class=\"wp-block-spacer\"><\/div>\n\n\n<div class=\"wp-block-image is-style-default\">\n<figure class=\"aligncenter size-medium is-resized\"><img loading=\"lazy\" decoding=\"async\" src=\"https:\/\/www.davosalestax.com\/wp-content\/uploads\/2023\/05\/Skytab-Shift4-300x202.png\" alt=\"SkyTab de Shift4\" class=\"wp-image-7118\" width=\"192\" height=\"129\" srcset=\"https:\/\/www.davosalestax.com\/wp-content\/uploads\/2023\/05\/Skytab-Shift4-300x200.png 300w, https:\/\/www.davosalestax.com\/wp-content\/uploads\/2023\/05\/Skytab-Shift4-1024x690.png 1024w, https:\/\/www.davosalestax.com\/wp-content\/uploads\/2023\/05\/Skytab-Shift4-768x518.png 768w, https:\/\/www.davosalestax.com\/wp-content\/uploads\/2023\/05\/Skytab-Shift4-1536x1035.png 1536w, https:\/\/www.davosalestax.com\/wp-content\/uploads\/2023\/05\/Skytab-Shift4-2048x1380.png 2048w, https:\/\/www.davosalestax.com\/wp-content\/uploads\/2023\/05\/Skytab-Shift4-18x12.png 18w, https:\/\/www.davosalestax.com\/wp-content\/uploads\/2023\/05\/Skytab-Shift4-100x67.png 100w\" sizes=\"auto, (max-width: 192px) 100vw, 192px\" \/><\/figure>\n<\/div>\n\n\n<div style=\"height:23px\" aria-hidden=\"true\" class=\"wp-block-spacer\"><\/div>\n\n\n\n<p class=\"has-text-align-center\">\u00a1Gracias por su inter\u00e9s en DAVO de Avalara en SkyTab! Nos pondremos en contacto tan pronto como DAVO Sales Tax se lance oficialmente en SkyTab a finales de esta primavera.<\/p>\n\n\n\n<hr class=\"wp-block-separator has-css-opacity is-style-dots\"\/>\n\n\n\n<h2 class=\"wp-block-heading has-text-align-left\">Recursos m\u00e1s populares<\/h2>\n\n\n\n<ul class=\"wp-block-list\">\n<li><a href=\"https:\/\/www.davosalestax.com\/es\/protecting-your-business-in-a-sales-tax-audit\/\">Protegiendo su negocio en una auditor\u00eda de impuestos sobre las ventas<\/a><\/li>\n\n\n\n<li><a href=\"https:\/\/www.davosalestax.com\/es\/managing-3rd-party-apps\/\">Gesti\u00f3n de aplicaciones de pedidos de terceros<\/a><\/li>\n\n\n\n<li><a href=\"https:\/\/www.davosalestax.com\/es\/how-to-integrate-3rd-party-apps-to-pos\/\">C\u00f3mo integrar Grubhub, Uber Eats y otras aplicaciones de terceros en su POS para una mejor gesti\u00f3n del impuesto sobre las ventas<\/a><\/li>\n\n\n\n<li><a href=\"https:\/\/www.davosalestax.com\/es\/sales-tax-rebates-by-states\/\">Rebajas de impuestos de ventas por estado<\/a><\/li>\n\n\n\n<li><a href=\"https:\/\/www.davosalestax.com\/es\/myths-about-sales-tax\/\">Los 20 mitos principales sobre el impuesto a las ventas<\/a><\/li>\n<\/ul>\n\n\n\n<div style=\"height:33px\" aria-hidden=\"true\" class=\"wp-block-spacer\"><\/div>\n\n\n\n<h2 class=\"wp-block-heading has-text-align-left\">Publicaciones de blog m\u00e1s recientes<\/h2>\n\n\n<ul class=\"wp-block-latest-posts__list wp-block-latest-posts\"><li><a class=\"wp-block-latest-posts__post-title\" href=\"https:\/\/www.davosalestax.com\/es\/toast-pos-certification\/\">Gu\u00eda de certificaci\u00f3n Toast POS para restaurantes y comercios minoristas<\/a><\/li>\n<li><a class=\"wp-block-latest-posts__post-title\" href=\"https:\/\/www.davosalestax.com\/es\/how-to-use-toast-pos\/\">C\u00f3mo usar Toast POS: Configuraci\u00f3n, pedidos y pagos<\/a><\/li>\n<li><a class=\"wp-block-latest-posts__post-title\" href=\"https:\/\/www.davosalestax.com\/es\/toast-restaurant-pos-system\/\">C\u00f3mo Toast POS mejora las operaciones de los restaurantes<\/a><\/li>\n<li><a class=\"wp-block-latest-posts__post-title\" href=\"https:\/\/www.davosalestax.com\/es\/managing-3rd-party-apps\/\">Administraci\u00f3n de aplicaciones de servicios de entrega de terceros<\/a><\/li>\n<li><a class=\"wp-block-latest-posts__post-title\" href=\"https:\/\/www.davosalestax.com\/es\/a-small-business-owners-guide-to-sales-tax-challenges\/\">Gu\u00eda para propietarios de peque\u00f1as empresas sobre los desaf\u00edos del impuesto sobre las ventas<\/a><\/li>\n<\/ul>","protected":false},"excerpt":{"rendered":"<p>\u00a1Est\u00e1s en la lista! \u00a1Gracias por su inter\u00e9s en DAVO de Avalara en SkyTab! Nos pondremos en contacto tan pronto como DAVO Sales Tax se lance oficialmente en SkyTab a finales de esta primavera. Recursos m\u00e1s populares Publicaciones de blog m\u00e1s recientes<\/p>","protected":false},"author":26,"featured_media":0,"parent":0,"menu_order":88,"comment_status":"closed","ping_status":"closed","template":"","meta":{"_acf_changed":false,"content-type":"","footnotes":""},"class_list":["post-7117","page","type-page","status-publish","hentry"],"acf":[],"yoast_head":"<!-- This site is optimized with the Yoast SEO Premium plugin v27.5 (Yoast SEO v27.5) - https:\/\/yoast.com\/product\/yoast-seo-premium-wordpress\/ -->\n<title>DAVO On SkyTab Waitlist<\/title>\n<meta name=\"description\" content=\"We will be in touch as soon as DAVO Sales Tax officially launches on SkyTab later this spring.\" \/>\n<meta name=\"robots\" content=\"noindex, nofollow\" \/>\n<meta property=\"og:locale\" content=\"es_MX\" \/>\n<meta property=\"og:type\" content=\"article\" \/>\n<meta property=\"og:title\" content=\"SkyTab Wait List Thank You\" \/>\n<meta property=\"og:description\" content=\"We will be in touch as soon as DAVO Sales Tax officially launches on SkyTab later this spring.\" \/>\n<meta property=\"og:url\" content=\"https:\/\/www.davosalestax.com\/es\/skytab-wait-list-thank-you\/\" \/>\n<meta property=\"og:site_name\" content=\"DAVO by Avalara\" \/>\n<meta property=\"article:publisher\" content=\"https:\/\/www.facebook.com\/DavoSalesTax\/\" \/>\n<meta property=\"og:image\" content=\"https:\/\/www.davosalestax.com\/wp-content\/uploads\/2023\/05\/Skytab-Shift4-300x202.png\" \/>\n<meta name=\"twitter:card\" content=\"summary_large_image\" \/>\n<meta name=\"twitter:site\" content=\"@davosalestax\" \/>\n<meta name=\"twitter:label1\" content=\"Tiempo de lectura\" \/>\n\t<meta name=\"twitter:data1\" content=\"1 minuto\" \/>\n<script type=\"application\/ld+json\" class=\"yoast-schema-graph\">{\"@context\":\"https:\\\/\\\/schema.org\",\"@graph\":[{\"@type\":\"WebPage\",\"@id\":\"https:\\\/\\\/www.davosalestax.com\\\/skytab-wait-list-thank-you\\\/\",\"url\":\"https:\\\/\\\/www.davosalestax.com\\\/skytab-wait-list-thank-you\\\/\",\"name\":\"DAVO On SkyTab Waitlist\",\"isPartOf\":{\"@id\":\"https:\\\/\\\/www.davosalestax.com\\\/#website\"},\"primaryImageOfPage\":{\"@id\":\"https:\\\/\\\/www.davosalestax.com\\\/skytab-wait-list-thank-you\\\/#primaryimage\"},\"image\":{\"@id\":\"https:\\\/\\\/www.davosalestax.com\\\/skytab-wait-list-thank-you\\\/#primaryimage\"},\"thumbnailUrl\":\"https:\\\/\\\/www.davosalestax.com\\\/wp-content\\\/uploads\\\/2023\\\/05\\\/Skytab-Shift4-300x202.png\",\"datePublished\":\"2023-05-15T19:26:56+00:00\",\"description\":\"We will be in touch as soon as DAVO Sales Tax officially launches on SkyTab later this spring.\",\"breadcrumb\":{\"@id\":\"https:\\\/\\\/www.davosalestax.com\\\/skytab-wait-list-thank-you\\\/#breadcrumb\"},\"inLanguage\":\"es\",\"potentialAction\":[{\"@type\":\"ReadAction\",\"target\":[\"https:\\\/\\\/www.davosalestax.com\\\/skytab-wait-list-thank-you\\\/\"]}]},{\"@type\":\"ImageObject\",\"inLanguage\":\"es\",\"@id\":\"https:\\\/\\\/www.davosalestax.com\\\/skytab-wait-list-thank-you\\\/#primaryimage\",\"url\":\"https:\\\/\\\/www.davosalestax.com\\\/wp-content\\\/uploads\\\/2023\\\/05\\\/Skytab-Shift4-300x202.png\",\"contentUrl\":\"https:\\\/\\\/www.davosalestax.com\\\/wp-content\\\/uploads\\\/2023\\\/05\\\/Skytab-Shift4-300x202.png\"},{\"@type\":\"BreadcrumbList\",\"@id\":\"https:\\\/\\\/www.davosalestax.com\\\/skytab-wait-list-thank-you\\\/#breadcrumb\",\"itemListElement\":[{\"@type\":\"ListItem\",\"position\":1,\"name\":\"Home\",\"item\":\"https:\\\/\\\/www.davosalestax.com\\\/\"},{\"@type\":\"ListItem\",\"position\":2,\"name\":\"SkyTab Wait List Thank You\"}]},{\"@type\":\"WebSite\",\"@id\":\"https:\\\/\\\/www.davosalestax.com\\\/#website\",\"url\":\"https:\\\/\\\/www.davosalestax.com\\\/\",\"name\":\"DAVO Sales Tax\",\"description\":\"Automated Sales Tax\",\"publisher\":{\"@id\":\"https:\\\/\\\/www.davosalestax.com\\\/#organization\"},\"alternateName\":\"DAVO by Avalara\",\"potentialAction\":[{\"@type\":\"SearchAction\",\"target\":{\"@type\":\"EntryPoint\",\"urlTemplate\":\"https:\\\/\\\/www.davosalestax.com\\\/?s={search_term_string}\"},\"query-input\":{\"@type\":\"PropertyValueSpecification\",\"valueRequired\":true,\"valueName\":\"search_term_string\"}}],\"inLanguage\":\"es\"},{\"@type\":\"Organization\",\"@id\":\"https:\\\/\\\/www.davosalestax.com\\\/#organization\",\"name\":\"DAVO by Avalara\",\"url\":\"https:\\\/\\\/www.davosalestax.com\\\/\",\"logo\":{\"@type\":\"ImageObject\",\"inLanguage\":\"es\",\"@id\":\"https:\\\/\\\/www.davosalestax.com\\\/#\\\/schema\\\/logo\\\/image\\\/\",\"url\":\"https:\\\/\\\/www.davosalestax.com\\\/wp-content\\\/uploads\\\/2024\\\/12\\\/Davo-Logo_696-square.png\",\"contentUrl\":\"https:\\\/\\\/www.davosalestax.com\\\/wp-content\\\/uploads\\\/2024\\\/12\\\/Davo-Logo_696-square.png\",\"width\":696,\"height\":696,\"caption\":\"DAVO by Avalara\"},\"image\":{\"@id\":\"https:\\\/\\\/www.davosalestax.com\\\/#\\\/schema\\\/logo\\\/image\\\/\"},\"sameAs\":[\"https:\\\/\\\/www.facebook.com\\\/DavoSalesTax\\\/\",\"https:\\\/\\\/x.com\\\/davosalestax\",\"https:\\\/\\\/www.linkedin.com\\\/company\\\/davo-technologies\\\/about\\\/\",\"https:\\\/\\\/www.youtube.com\\\/c\\\/DAVOSalesTax\",\"https:\\\/\\\/www.instagram.com\\\/davosalestax\\\/\"]}]}<\/script>\n<!-- \/ Yoast SEO Premium plugin. -->","yoast_head_json":{"title":"Lista de espera de DAVO en SkyTab","description":"Nos pondremos en contacto tan pronto como DAVO Sales Tax se lance oficialmente en SkyTab a finales de esta primavera.","robots":{"index":"noindex","follow":"nofollow"},"og_locale":"es_MX","og_type":"article","og_title":"SkyTab Wait List Thank You","og_description":"We will be in touch as soon as DAVO Sales Tax officially launches on SkyTab later this spring.","og_url":"https:\/\/www.davosalestax.com\/es\/skytab-wait-list-thank-you\/","og_site_name":"DAVO by Avalara","article_publisher":"https:\/\/www.facebook.com\/DavoSalesTax\/","og_image":[{"url":"https:\/\/www.davosalestax.com\/wp-content\/uploads\/2023\/05\/Skytab-Shift4-300x202.png","type":"","width":"","height":""}],"twitter_card":"summary_large_image","twitter_site":"@davosalestax","twitter_misc":{"Tiempo de lectura":"1 minuto"},"schema":{"@context":"https:\/\/schema.org","@graph":[{"@type":"WebPage","@id":"https:\/\/www.davosalestax.com\/skytab-wait-list-thank-you\/","url":"https:\/\/www.davosalestax.com\/skytab-wait-list-thank-you\/","name":"Lista de espera de DAVO en SkyTab","isPartOf":{"@id":"https:\/\/www.davosalestax.com\/#website"},"primaryImageOfPage":{"@id":"https:\/\/www.davosalestax.com\/skytab-wait-list-thank-you\/#primaryimage"},"image":{"@id":"https:\/\/www.davosalestax.com\/skytab-wait-list-thank-you\/#primaryimage"},"thumbnailUrl":"https:\/\/www.davosalestax.com\/wp-content\/uploads\/2023\/05\/Skytab-Shift4-300x202.png","datePublished":"2023-05-15T19:26:56+00:00","description":"Nos pondremos en contacto tan pronto como DAVO Sales Tax se lance oficialmente en SkyTab a finales de esta primavera.","breadcrumb":{"@id":"https:\/\/www.davosalestax.com\/skytab-wait-list-thank-you\/#breadcrumb"},"inLanguage":"es","potentialAction":[{"@type":"ReadAction","target":["https:\/\/www.davosalestax.com\/skytab-wait-list-thank-you\/"]}]},{"@type":"ImageObject","inLanguage":"es","@id":"https:\/\/www.davosalestax.com\/skytab-wait-list-thank-you\/#primaryimage","url":"https:\/\/www.davosalestax.com\/wp-content\/uploads\/2023\/05\/Skytab-Shift4-300x202.png","contentUrl":"https:\/\/www.davosalestax.com\/wp-content\/uploads\/2023\/05\/Skytab-Shift4-300x202.png"},{"@type":"BreadcrumbList","@id":"https:\/\/www.davosalestax.com\/skytab-wait-list-thank-you\/#breadcrumb","itemListElement":[{"@type":"ListItem","position":1,"name":"Home","item":"https:\/\/www.davosalestax.com\/"},{"@type":"ListItem","position":2,"name":"SkyTab Wait List Thank You"}]},{"@type":"WebSite","@id":"https:\/\/www.davosalestax.com\/#website","url":"https:\/\/www.davosalestax.com\/","name":"DAVO Sales Tax","description":"Impuesto sobre las ventas automatizado","publisher":{"@id":"https:\/\/www.davosalestax.com\/#organization"},"alternateName":"DAVO by Avalara","potentialAction":[{"@type":"SearchAction","target":{"@type":"EntryPoint","urlTemplate":"https:\/\/www.davosalestax.com\/?s={search_term_string}"},"query-input":{"@type":"PropertyValueSpecification","valueRequired":true,"valueName":"search_term_string"}}],"inLanguage":"es"},{"@type":"Organization","@id":"https:\/\/www.davosalestax.com\/#organization","name":"DAVO de Avalara","url":"https:\/\/www.davosalestax.com\/","logo":{"@type":"ImageObject","inLanguage":"es","@id":"https:\/\/www.davosalestax.com\/#\/schema\/logo\/image\/","url":"https:\/\/www.davosalestax.com\/wp-content\/uploads\/2024\/12\/Davo-Logo_696-square.png","contentUrl":"https:\/\/www.davosalestax.com\/wp-content\/uploads\/2024\/12\/Davo-Logo_696-square.png","width":696,"height":696,"caption":"DAVO by Avalara"},"image":{"@id":"https:\/\/www.davosalestax.com\/#\/schema\/logo\/image\/"},"sameAs":["https:\/\/www.facebook.com\/DavoSalesTax\/","https:\/\/x.com\/davosalestax","https:\/\/www.linkedin.com\/company\/davo-technologies\/about\/","https:\/\/www.youtube.com\/c\/DAVOSalesTax","https:\/\/www.instagram.com\/davosalestax\/"]}]}},"_links":{"self":[{"href":"https:\/\/www.davosalestax.com\/es\/wp-json\/wp\/v2\/pages\/7117","targetHints":{"allow":["GET"]}}],"collection":[{"href":"https:\/\/www.davosalestax.com\/es\/wp-json\/wp\/v2\/pages"}],"about":[{"href":"https:\/\/www.davosalestax.com\/es\/wp-json\/wp\/v2\/types\/page"}],"author":[{"embeddable":true,"href":"https:\/\/www.davosalestax.com\/es\/wp-json\/wp\/v2\/users\/26"}],"replies":[{"embeddable":true,"href":"https:\/\/www.davosalestax.com\/es\/wp-json\/wp\/v2\/comments?post=7117"}],"version-history":[{"count":0,"href":"https:\/\/www.davosalestax.com\/es\/wp-json\/wp\/v2\/pages\/7117\/revisions"}],"wp:attachment":[{"href":"https:\/\/www.davosalestax.com\/es\/wp-json\/wp\/v2\/media?parent=7117"}],"curies":[{"name":"wp","href":"https:\/\/api.w.org\/{rel}","templated":true}]}}