{"id":7261,"date":"2023-05-23T19:36:25","date_gmt":"2023-05-23T19:36:25","guid":{"rendered":"https:\/\/www.davosalestax.com\/?page_id=7261"},"modified":"2023-05-23T19:36:26","modified_gmt":"2023-05-23T19:36:26","slug":"thank-you-partner-request","status":"publish","type":"page","link":"https:\/\/www.davosalestax.com\/es\/thank-you-partner-request\/","title":{"rendered":"Gracias \u2013 Solicitud de socio"},"content":{"rendered":"<h2 class=\"wp-block-heading\">Gracias por su inter\u00e9s en asociarse con nosotros.<\/h2>\n\n\n\n<p class=\"has-text-align-center\">Alguien de nuestro equipo se pondr\u00e1 en contacto contigo pronto.<\/p>\n\n\n\n<p class=\"has-text-align-center\">Mientras tanto, echa un vistazo a algunas de nuestras publicaciones de blog recientes para ver lo que estamos haciendo.<\/p>\n\n\n\n<div style=\"height:100px\" aria-hidden=\"true\" class=\"wp-block-spacer\"><\/div>\n\n\n\n<h2 class=\"wp-block-heading has-text-align-left\">Publicaciones de blog m\u00e1s recientes<\/h2>\n\n\n<ul class=\"wp-block-latest-posts__list wp-block-latest-posts\"><li><a class=\"wp-block-latest-posts__post-title\" href=\"https:\/\/www.davosalestax.com\/es\/managing-3rd-party-apps\/\">Administraci\u00f3n de aplicaciones de servicios de entrega de terceros<\/a><\/li>\n<li><a class=\"wp-block-latest-posts__post-title\" href=\"https:\/\/www.davosalestax.com\/es\/a-small-business-owners-guide-to-sales-tax-challenges\/\">Gu\u00eda para propietarios de peque\u00f1as empresas sobre los desaf\u00edos del impuesto sobre las ventas<\/a><\/li>\n<li><a class=\"wp-block-latest-posts__post-title\" href=\"https:\/\/www.davosalestax.com\/es\/top-3-sales-tax-challenges-for-food-service-and-retail\/\">Los 3 principales desaf\u00edos del impuesto sobre las ventas para los servicios de alimentaci\u00f3n y el comercio minorista<\/a><\/li>\n<li><a class=\"wp-block-latest-posts__post-title\" href=\"https:\/\/www.davosalestax.com\/es\/navigating-clover-pos-sales-tax-configuration\/\">Navegaci\u00f3n por la configuraci\u00f3n del impuesto sobre las ventas de Clover\u00a0<\/a><\/li>\n<li><a class=\"wp-block-latest-posts__post-title\" href=\"https:\/\/www.davosalestax.com\/es\/a-guide-to-sales-tax-implications-for-ghost-kitchens\/\">Gu\u00eda sobre las implicaciones del impuesto sobre las ventas para las cocinas fantasma<\/a><\/li>\n<\/ul>\n\n\n<div style=\"padding-top:50px;padding-bottom:50px;margin-top:50px;margin-bottom:50px\" class=\"wp-block-editor-blocks-wrapper alignfull\"><div class=\"wrapper-inner\"><div class=\"wrapper-inner-blocks\"><\/div><\/div><\/div>","protected":false},"excerpt":{"rendered":"<p>Gracias por su inter\u00e9s en asociarse con nosotros. Alguien de nuestro equipo se pondr\u00e1 en contacto contigo pronto. Mientras tanto, echa un vistazo a algunas de nuestras publicaciones de blog recientes para ver lo que estamos haciendo. Publicaciones de blog m\u00e1s recientes<\/p>","protected":false},"author":26,"featured_media":0,"parent":0,"menu_order":74,"comment_status":"closed","ping_status":"closed","template":"template-thankyou.php","meta":{"_acf_changed":false,"content-type":"","footnotes":""},"class_list":["post-7261","page","type-page","status-publish","hentry"],"acf":[],"yoast_head":"<!-- This site is optimized with the Yoast SEO Premium plugin v27.3 (Yoast SEO v27.3) - https:\/\/yoast.com\/product\/yoast-seo-premium-wordpress\/ -->\n<title>Thank You - Partner Request | DAVO by Avalara<\/title>\n<meta name=\"robots\" content=\"index, follow, max-snippet:-1, max-image-preview:large, max-video-preview:-1\" \/>\n<link rel=\"canonical\" href=\"https:\/\/www.davosalestax.com\/es\/thank-you-partner-request\/\" \/>\n<meta property=\"og:locale\" content=\"es_MX\" \/>\n<meta property=\"og:type\" content=\"article\" \/>\n<meta property=\"og:title\" content=\"Thank You - Partner Request\" \/>\n<meta property=\"og:description\" content=\"Thank you for your interest in partnering with us. Someone from our team will be in touch with you soon. In the meantime, check out some of our recent blog posts to see what we&#8217;re up to. Most Recent Blog Posts\" \/>\n<meta property=\"og:url\" content=\"https:\/\/www.davosalestax.com\/es\/thank-you-partner-request\/\" \/>\n<meta property=\"og:site_name\" content=\"DAVO by Avalara\" \/>\n<meta property=\"article:publisher\" content=\"https:\/\/www.facebook.com\/DavoSalesTax\/\" \/>\n<meta property=\"article:modified_time\" content=\"2023-05-23T19:36:26+00:00\" \/>\n<meta property=\"og:image\" content=\"https:\/\/www.davosalestax.com\/wp-content\/uploads\/2021\/04\/Davo-Logo_2021_color.png\" \/>\n\t<meta property=\"og:image:width\" content=\"1224\" \/>\n\t<meta property=\"og:image:height\" content=\"443\" \/>\n\t<meta property=\"og:image:type\" content=\"image\/png\" \/>\n<meta name=\"twitter:card\" content=\"summary_large_image\" \/>\n<meta name=\"twitter:site\" content=\"@davosalestax\" \/>\n<meta name=\"twitter:label1\" content=\"Tiempo de lectura\" \/>\n\t<meta name=\"twitter:data1\" content=\"1 minuto\" \/>\n<script type=\"application\/ld+json\" class=\"yoast-schema-graph\">{\"@context\":\"https:\\\/\\\/schema.org\",\"@graph\":[{\"@type\":\"WebPage\",\"@id\":\"https:\\\/\\\/www.davosalestax.com\\\/thank-you-partner-request\\\/\",\"url\":\"https:\\\/\\\/www.davosalestax.com\\\/thank-you-partner-request\\\/\",\"name\":\"Thank You - Partner Request | DAVO by Avalara\",\"isPartOf\":{\"@id\":\"https:\\\/\\\/www.davosalestax.com\\\/#website\"},\"datePublished\":\"2023-05-23T19:36:25+00:00\",\"dateModified\":\"2023-05-23T19:36:26+00:00\",\"breadcrumb\":{\"@id\":\"https:\\\/\\\/www.davosalestax.com\\\/thank-you-partner-request\\\/#breadcrumb\"},\"inLanguage\":\"es\",\"potentialAction\":[{\"@type\":\"ReadAction\",\"target\":[\"https:\\\/\\\/www.davosalestax.com\\\/thank-you-partner-request\\\/\"]}]},{\"@type\":\"BreadcrumbList\",\"@id\":\"https:\\\/\\\/www.davosalestax.com\\\/thank-you-partner-request\\\/#breadcrumb\",\"itemListElement\":[{\"@type\":\"ListItem\",\"position\":1,\"name\":\"Home\",\"item\":\"https:\\\/\\\/www.davosalestax.com\\\/\"},{\"@type\":\"ListItem\",\"position\":2,\"name\":\"Thank You &#8211; Partner Request\"}]},{\"@type\":\"WebSite\",\"@id\":\"https:\\\/\\\/www.davosalestax.com\\\/#website\",\"url\":\"https:\\\/\\\/www.davosalestax.com\\\/\",\"name\":\"DAVO Sales Tax\",\"description\":\"Automated Sales Tax\",\"publisher\":{\"@id\":\"https:\\\/\\\/www.davosalestax.com\\\/#organization\"},\"alternateName\":\"DAVO by Avalara\",\"potentialAction\":[{\"@type\":\"SearchAction\",\"target\":{\"@type\":\"EntryPoint\",\"urlTemplate\":\"https:\\\/\\\/www.davosalestax.com\\\/?s={search_term_string}\"},\"query-input\":{\"@type\":\"PropertyValueSpecification\",\"valueRequired\":true,\"valueName\":\"search_term_string\"}}],\"inLanguage\":\"es\"},{\"@type\":\"Organization\",\"@id\":\"https:\\\/\\\/www.davosalestax.com\\\/#organization\",\"name\":\"DAVO by Avalara\",\"url\":\"https:\\\/\\\/www.davosalestax.com\\\/\",\"logo\":{\"@type\":\"ImageObject\",\"inLanguage\":\"es\",\"@id\":\"https:\\\/\\\/www.davosalestax.com\\\/#\\\/schema\\\/logo\\\/image\\\/\",\"url\":\"https:\\\/\\\/www.davosalestax.com\\\/wp-content\\\/uploads\\\/2024\\\/12\\\/Davo-Logo_696-square.png\",\"contentUrl\":\"https:\\\/\\\/www.davosalestax.com\\\/wp-content\\\/uploads\\\/2024\\\/12\\\/Davo-Logo_696-square.png\",\"width\":696,\"height\":696,\"caption\":\"DAVO by Avalara\"},\"image\":{\"@id\":\"https:\\\/\\\/www.davosalestax.com\\\/#\\\/schema\\\/logo\\\/image\\\/\"},\"sameAs\":[\"https:\\\/\\\/www.facebook.com\\\/DavoSalesTax\\\/\",\"https:\\\/\\\/x.com\\\/davosalestax\",\"https:\\\/\\\/www.linkedin.com\\\/company\\\/davo-technologies\\\/about\\\/\",\"https:\\\/\\\/www.youtube.com\\\/c\\\/DAVOSalesTax\",\"https:\\\/\\\/www.instagram.com\\\/davosalestax\\\/\"]}]}<\/script>\n<!-- \/ Yoast SEO Premium plugin. -->","yoast_head_json":{"title":"Gracias - Solicitud de socio | DAVO de Avalara","robots":{"index":"index","follow":"follow","max-snippet":"max-snippet:-1","max-image-preview":"max-image-preview:large","max-video-preview":"max-video-preview:-1"},"canonical":"https:\/\/www.davosalestax.com\/es\/thank-you-partner-request\/","og_locale":"es_MX","og_type":"article","og_title":"Thank You - Partner Request","og_description":"Thank you for your interest in partnering with us. Someone from our team will be in touch with you soon. In the meantime, check out some of our recent blog posts to see what we&#8217;re up to. Most Recent Blog Posts","og_url":"https:\/\/www.davosalestax.com\/es\/thank-you-partner-request\/","og_site_name":"DAVO by Avalara","article_publisher":"https:\/\/www.facebook.com\/DavoSalesTax\/","article_modified_time":"2023-05-23T19:36:26+00:00","og_image":[{"width":1224,"height":443,"url":"https:\/\/www.davosalestax.com\/wp-content\/uploads\/2021\/04\/Davo-Logo_2021_color.png","type":"image\/png"}],"twitter_card":"summary_large_image","twitter_site":"@davosalestax","twitter_misc":{"Tiempo de lectura":"1 minuto"},"schema":{"@context":"https:\/\/schema.org","@graph":[{"@type":"WebPage","@id":"https:\/\/www.davosalestax.com\/thank-you-partner-request\/","url":"https:\/\/www.davosalestax.com\/thank-you-partner-request\/","name":"Gracias - Solicitud de socio | DAVO de Avalara","isPartOf":{"@id":"https:\/\/www.davosalestax.com\/#website"},"datePublished":"2023-05-23T19:36:25+00:00","dateModified":"2023-05-23T19:36:26+00:00","breadcrumb":{"@id":"https:\/\/www.davosalestax.com\/thank-you-partner-request\/#breadcrumb"},"inLanguage":"es","potentialAction":[{"@type":"ReadAction","target":["https:\/\/www.davosalestax.com\/thank-you-partner-request\/"]}]},{"@type":"BreadcrumbList","@id":"https:\/\/www.davosalestax.com\/thank-you-partner-request\/#breadcrumb","itemListElement":[{"@type":"ListItem","position":1,"name":"Home","item":"https:\/\/www.davosalestax.com\/"},{"@type":"ListItem","position":2,"name":"Thank You &#8211; Partner Request"}]},{"@type":"WebSite","@id":"https:\/\/www.davosalestax.com\/#website","url":"https:\/\/www.davosalestax.com\/","name":"DAVO Sales Tax","description":"Impuesto sobre las ventas automatizado","publisher":{"@id":"https:\/\/www.davosalestax.com\/#organization"},"alternateName":"DAVO by Avalara","potentialAction":[{"@type":"SearchAction","target":{"@type":"EntryPoint","urlTemplate":"https:\/\/www.davosalestax.com\/?s={search_term_string}"},"query-input":{"@type":"PropertyValueSpecification","valueRequired":true,"valueName":"search_term_string"}}],"inLanguage":"es"},{"@type":"Organization","@id":"https:\/\/www.davosalestax.com\/#organization","name":"DAVO de Avalara","url":"https:\/\/www.davosalestax.com\/","logo":{"@type":"ImageObject","inLanguage":"es","@id":"https:\/\/www.davosalestax.com\/#\/schema\/logo\/image\/","url":"https:\/\/www.davosalestax.com\/wp-content\/uploads\/2024\/12\/Davo-Logo_696-square.png","contentUrl":"https:\/\/www.davosalestax.com\/wp-content\/uploads\/2024\/12\/Davo-Logo_696-square.png","width":696,"height":696,"caption":"DAVO by Avalara"},"image":{"@id":"https:\/\/www.davosalestax.com\/#\/schema\/logo\/image\/"},"sameAs":["https:\/\/www.facebook.com\/DavoSalesTax\/","https:\/\/x.com\/davosalestax","https:\/\/www.linkedin.com\/company\/davo-technologies\/about\/","https:\/\/www.youtube.com\/c\/DAVOSalesTax","https:\/\/www.instagram.com\/davosalestax\/"]}]}},"_links":{"self":[{"href":"https:\/\/www.davosalestax.com\/es\/wp-json\/wp\/v2\/pages\/7261","targetHints":{"allow":["GET"]}}],"collection":[{"href":"https:\/\/www.davosalestax.com\/es\/wp-json\/wp\/v2\/pages"}],"about":[{"href":"https:\/\/www.davosalestax.com\/es\/wp-json\/wp\/v2\/types\/page"}],"author":[{"embeddable":true,"href":"https:\/\/www.davosalestax.com\/es\/wp-json\/wp\/v2\/users\/26"}],"replies":[{"embeddable":true,"href":"https:\/\/www.davosalestax.com\/es\/wp-json\/wp\/v2\/comments?post=7261"}],"version-history":[{"count":0,"href":"https:\/\/www.davosalestax.com\/es\/wp-json\/wp\/v2\/pages\/7261\/revisions"}],"wp:attachment":[{"href":"https:\/\/www.davosalestax.com\/es\/wp-json\/wp\/v2\/media?parent=7261"}],"curies":[{"name":"wp","href":"https:\/\/api.w.org\/{rel}","templated":true}]}}